{"id":4401,"date":"2026-02-05T08:56:05","date_gmt":"2026-02-05T08:56:05","guid":{"rendered":""},"modified":"2026-04-06T07:31:51","modified_gmt":"2026-04-06T05:31:51","slug":"orgonite-fridge-magnets-de","status":"publish","type":"product","link":"https:\/\/servcrmpro.online\/de\/produkt\/orgonite-fridge-magnets-de\/","title":{"rendered":"5 Orgonit-K\u00fchlschrankpfeile"},"content":{"rendered":"<p><span style=\"font-family: verdana, geneva; font-size: medium;\"><strong>5 Orgonitpfeile mit Ferritmagnet.<\/strong><\/span><\/p>\n<p> <span style=\"font-family: verdana, geneva; font-size: medium;\">Heften Sie Ihre Notizen mit diesen farbenfrohen Orgonite-K\u00fchlschrankmagneten an die K\u00fchlschrankt\u00fcr.<\/span><\/p>\n<p> <span style=\"font-family: verdana, geneva; font-size: medium;\">Menschen haben alle m\u00f6glichen Effekte von Orgonit im Zusammenhang mit K\u00fchlschr\u00e4nken und Lebensmitteln beobachtet:<\/span><\/p>\n<p> <span style=\"font-family: verdana, geneva; font-size: medium;\">&#8211; Lebensmittel bleiben l\u00e4nger frisch<\/span><br \/> <span style=\"font-family: verdana, geneva; font-size: medium;\">&#8211; Essen gibt Energie und schmeckt besser<\/span><br \/> <span style=\"font-family: verdana, geneva; font-size: medium;\">&#8211; Bei gr\u00f6\u00dferen<\/span> <span style=\"font-family: verdana, geneva; font-size: medium;\">Orgonitwerkzeugen haben Menschen beobachtet, dass sich in Eisw\u00fcrfelschalen stachelartige Stalaktiten bilden und das Eis in Richtung des Orgonits w\u00e4chst.<\/span><\/p>\n<p> <em><span style=\"font-family: verdana, geneva; font-size: medium;\">Wird im 5er-Set geliefert.<\/span><\/em><\/p>\n<p>Abmessungen: L\u00e4nge \u2013 57 mm, Breite \u2013 26 mm, H\u00f6he \u2013 13 mm<br \/> (Dieses Produkt ist handgefertigt und das Endprodukt kann leicht abweichen)<\/p>\n","protected":false},"excerpt":{"rendered":"<p>5 Orgonitpfeile mit Ferritmagnet. Heften Sie Ihre Notizen mit diesen bunten Orgonite-K\u00fchlschrankmagneten an die K\u00fchlschrankt\u00fcr.<\/p>\n","protected":false},"featured_media":236,"comment_status":"open","ping_status":"closed","template":"","meta":{"_acf_changed":false},"product_brand":[],"product_cat":[70],"product_tag":[],"class_list":{"0":"post-4401","1":"product","2":"type-product","3":"status-publish","4":"has-post-thumbnail","6":"product_cat-tactical-orgonite","7":"sales-flash-overlay","8":"woocommerce-text-align-center","9":"woocommerce-image-align-center","10":"do-quantity-buttons","12":"first","13":"instock","14":"taxable","15":"shipping-taxable","16":"purchasable","17":"product-type-simple"},"acf":[],"_links":{"self":[{"href":"https:\/\/servcrmpro.online\/de\/wp-json\/wp\/v2\/product\/4401","targetHints":{"allow":["GET"]}}],"collection":[{"href":"https:\/\/servcrmpro.online\/de\/wp-json\/wp\/v2\/product"}],"about":[{"href":"https:\/\/servcrmpro.online\/de\/wp-json\/wp\/v2\/types\/product"}],"replies":[{"embeddable":true,"href":"https:\/\/servcrmpro.online\/de\/wp-json\/wp\/v2\/comments?post=4401"}],"wp:featuredmedia":[{"embeddable":true,"href":"https:\/\/servcrmpro.online\/de\/wp-json\/wp\/v2\/media\/236"}],"wp:attachment":[{"href":"https:\/\/servcrmpro.online\/de\/wp-json\/wp\/v2\/media?parent=4401"}],"wp:term":[{"taxonomy":"product_brand","embeddable":true,"href":"https:\/\/servcrmpro.online\/de\/wp-json\/wp\/v2\/product_brand?post=4401"},{"taxonomy":"product_cat","embeddable":true,"href":"https:\/\/servcrmpro.online\/de\/wp-json\/wp\/v2\/product_cat?post=4401"},{"taxonomy":"product_tag","embeddable":true,"href":"https:\/\/servcrmpro.online\/de\/wp-json\/wp\/v2\/product_tag?post=4401"}],"curies":[{"name":"wp","href":"https:\/\/api.w.org\/{rel}","templated":true}]}}