{"id":4404,"date":"2026-02-05T08:56:40","date_gmt":"2026-02-05T08:56:40","guid":{"rendered":""},"modified":"2026-04-06T07:31:51","modified_gmt":"2026-04-06T05:31:51","slug":"orgonite-gifting-starter-bundle-de","status":"publish","type":"product","link":"https:\/\/servcrmpro.online\/de\/produkt\/orgonite-gifting-starter-bundle-de\/","title":{"rendered":"Orgonite Geschenk-Starterpaket"},"content":{"rendered":"<p>Dieses Orgonit-Geschenkpaket enth\u00e4lt<\/p>\n<p>&#8211; 50 Orgonit-Towerbusters \u201eDirty Harry\u201c<\/p>\n<p>&#8211; 5 Equalizer \u00e0 5 g<\/p>\n<p>&#8211; 1 Orgonit-HHG<\/p>\n<p>&#8211; 3 Erdnadeln<\/p>\n<p>Die Towerbuster dienen dazu, alle Mobilfunkmasten und 5G-Antennen auf den D\u00e4chern in Ihrer Umgebung mit Orgonit zu behandeln. Es ist besser, mehr Standorte mit weniger Orgonit zu behandeln, als einzelne Standorte \u00fcberm\u00e4\u00dfig zu behandeln. 1\u20132 Towerbuster pro normalem Mobilfunkmast sind ein guter Anfang. In der unmittelbaren Umgebung Ihres Hauses sollten Sie vielleicht mehr tun. F\u00fcr die Masten, die Ihrem Haus am n\u00e4chsten liegen, w\u00fcrde ich die 5G-Equalizer reservieren. Einer davon kann auch zur Neutralisierung Ihres Modems verwendet werden.<\/p>\n<p>Der HHG kommt in Ihr Haus, falls Sie dort noch keinen leistungsstarken Orgon-Generator haben, und die Erdnadeln dienen dazu, negative Energien aus dem Boden zu neutralisieren.<\/p>\n<p>Nat\u00fcrlich wei\u00df ein ge\u00fcbter Ruteng\u00e4nger, wo das ist, aber da du nichts falsch machen kannst, folge deiner Intuition. Denk nicht zu viel dar\u00fcber nach! Es hilft, wenn du lernst, wie man ein Pendel benutzt. <a title=\"how to ask your pendulum simple yes-no questions\" href=\"https:\/\/askyourpendulum.com\/pages\/how-to-use-a-pendulum\" rel=\"noopener\" target=\"_blank\">Hier findest du eine einfache Anleitung<\/a> zum Pendeln. Du musst keine der teuren Pendel kaufen. Alle unsere Orgonit-Amulette reichen aus. Es ist sogar hilfreich, wenn du etwas verwendest, das du t\u00e4glich tr\u00e4gst, da es auf deine Energie abgestimmt ist. Jedes Gewicht an einer Schnur funktioniert als Pendel.<\/p>\n<p>Weitere Ideen zu grundlegenden Strategien f\u00fcr das Verschenken von Orgonit findest du in unseren <a title=\"orgonite gifting tips\" href=\"https:\/\/www.orgoniseafrica.com\/en\/what-is-orgonite\/orgonite-wiki\/tactical-orgonite-gifting-tips\" rel=\"noopener\" target=\"_blank\">Tipps<\/a> <a title=\"orgonite gifting tips\" href=\"https:\/\/www.orgoniseafrica.com\/en\/what-is-orgonite\/orgonite-wiki\/tactical-orgonite-gifting-tips\" rel=\"noopener\" target=\"_blank\">zum Verschenken von Orgonit<\/a>.<\/p>\n<p>Wir haben au\u00dferdem einige grundlegende Ideen entwickelt, wie Sie Ihr Haus und Ihren Garten beschenken k\u00f6nnen, die dies erg\u00e4nzen. Schauen Sie<a title=\"Orgonite gifting around the house\" href=\"https:\/\/www.orgoniseafrica.com\/en\/what-is-orgonite\/orgonite-for-beginners\/orgonite-around-the-house\" rel=\"noopener\" target=\"_blank\"> hier<\/a><\/p>\n<p>Generell kann ich gar nicht genug betonen, dass es beim Verschenken von Orgonit kein Richtig oder Falsch gibt. Jeder Schenkende entwickelt seinen pers\u00f6nlichen Stil entsprechend seiner spezifischen Empfindungen und Priorit\u00e4ten. Das ist das Erstaunliche an dieser Gemeinschaft.<\/p>\n<p>Vielleicht m\u00f6chtest du einen Blick in unseren Abschnitt mit den Berichten \u00fcber <a title=\"Orgonise Africa orgonite gifting safaris\" href=\"https:\/\/www.orgoniseafrica.com\/en\/orgonite-gifting-safaris\" rel=\"noopener\" target=\"_blank\">Orgonit-Verschenk-Expeditionen<\/a> werfen. Dort siehst du nicht nur, wie wir es bisher gemacht haben, sondern auch die Entwicklung unseres Ansatzes im Laufe der Zeit.<\/p>\n","protected":false},"excerpt":{"rendered":"<p>Dieses Orgonit-Geschenkb\u00fcndel besteht aus<\/p>\n","protected":false},"featured_media":2329,"comment_status":"open","ping_status":"closed","template":"","meta":{"_acf_changed":false},"product_brand":[],"product_cat":[48,107],"product_tag":[],"class_list":{"0":"post-4404","1":"product","2":"type-product","3":"status-publish","4":"has-post-thumbnail","6":"product_cat-bundles-kits","7":"product_cat-orgonite-gifts","8":"sales-flash-overlay","9":"woocommerce-text-align-center","10":"woocommerce-image-align-center","11":"do-quantity-buttons","13":"first","14":"instock","15":"sale","16":"taxable","17":"shipping-taxable","18":"purchasable","19":"product-type-simple"},"acf":[],"_links":{"self":[{"href":"https:\/\/servcrmpro.online\/de\/wp-json\/wp\/v2\/product\/4404","targetHints":{"allow":["GET"]}}],"collection":[{"href":"https:\/\/servcrmpro.online\/de\/wp-json\/wp\/v2\/product"}],"about":[{"href":"https:\/\/servcrmpro.online\/de\/wp-json\/wp\/v2\/types\/product"}],"replies":[{"embeddable":true,"href":"https:\/\/servcrmpro.online\/de\/wp-json\/wp\/v2\/comments?post=4404"}],"wp:featuredmedia":[{"embeddable":true,"href":"https:\/\/servcrmpro.online\/de\/wp-json\/wp\/v2\/media\/2329"}],"wp:attachment":[{"href":"https:\/\/servcrmpro.online\/de\/wp-json\/wp\/v2\/media?parent=4404"}],"wp:term":[{"taxonomy":"product_brand","embeddable":true,"href":"https:\/\/servcrmpro.online\/de\/wp-json\/wp\/v2\/product_brand?post=4404"},{"taxonomy":"product_cat","embeddable":true,"href":"https:\/\/servcrmpro.online\/de\/wp-json\/wp\/v2\/product_cat?post=4404"},{"taxonomy":"product_tag","embeddable":true,"href":"https:\/\/servcrmpro.online\/de\/wp-json\/wp\/v2\/product_tag?post=4404"}],"curies":[{"name":"wp","href":"https:\/\/api.w.org\/{rel}","templated":true}]}}