{"id":4407,"date":"2026-02-05T08:56:54","date_gmt":"2026-02-05T08:56:54","guid":{"rendered":""},"modified":"2026-04-18T17:55:26","modified_gmt":"2026-04-18T15:55:26","slug":"orgonite-money-fest-pendant-de","status":"publish","type":"product","link":"https:\/\/servcrmpro.online\/de\/produkt\/orgonite-money-fest-pendant-de\/","title":{"rendered":"Moneyfest-Anh\u00e4nger"},"content":{"rendered":"<p> Anziehung ist gleichzeitig die Grundlage der Hom\u00f6opathie und der Magie. So wie wir Wasser in einen Cloudbuster oder in die Rohre f\u00fcllen, f\u00fcgen wir eine Darstellung der Energie des Geldes hinzu, eine M\u00fcnze, um einen gesunden Fluss der F\u00fclle in Ihr Leben zu ziehen.<\/p>\n<p> Das enthaltene Geld stammt von der South African Reserve Bank und wurde bereits aus dem Verkehr gezogen.<\/p>\n<p> Abmessungen: Dicke \u2013 10 mm, Durchmesser \u2013 20 mm<br \/> (Dieses Produkt ist handgefertigt und das Endprodukt kann leicht abweichen)<\/p>\n","protected":false},"excerpt":{"rendered":"<p>Anziehung ist zugleich die Grundlage von Hom\u00f6opathie und Magie. So f\u00fcgen wir, so wie wir Wasser in einen Cloudbuster oder in die Rohre geben, eine Darstellung der Energie des Geldes, eine M\u00fcnze, hinzu, um einen gesunden Fluss von F\u00fclle in dein Leben zu locken. Das eingeschlossene Geld stammt aus der S\u00fcdafrikanischen Reserve&#8230;<\/p>\n","protected":false},"featured_media":239,"comment_status":"open","ping_status":"closed","template":"","meta":{"_acf_changed":false},"product_brand":[],"product_cat":[102],"product_tag":[],"class_list":{"0":"post-4407","1":"product","2":"type-product","3":"status-publish","4":"has-post-thumbnail","6":"product_cat-orgone-energy-pendants","7":"sales-flash-overlay","8":"woocommerce-text-align-center","9":"woocommerce-image-align-center","10":"do-quantity-buttons","12":"first","13":"instock","14":"taxable","15":"shipping-taxable","16":"purchasable","17":"product-type-simple"},"acf":[],"_links":{"self":[{"href":"https:\/\/servcrmpro.online\/de\/wp-json\/wp\/v2\/product\/4407","targetHints":{"allow":["GET"]}}],"collection":[{"href":"https:\/\/servcrmpro.online\/de\/wp-json\/wp\/v2\/product"}],"about":[{"href":"https:\/\/servcrmpro.online\/de\/wp-json\/wp\/v2\/types\/product"}],"replies":[{"embeddable":true,"href":"https:\/\/servcrmpro.online\/de\/wp-json\/wp\/v2\/comments?post=4407"}],"wp:featuredmedia":[{"embeddable":true,"href":"https:\/\/servcrmpro.online\/de\/wp-json\/wp\/v2\/media\/239"}],"wp:attachment":[{"href":"https:\/\/servcrmpro.online\/de\/wp-json\/wp\/v2\/media?parent=4407"}],"wp:term":[{"taxonomy":"product_brand","embeddable":true,"href":"https:\/\/servcrmpro.online\/de\/wp-json\/wp\/v2\/product_brand?post=4407"},{"taxonomy":"product_cat","embeddable":true,"href":"https:\/\/servcrmpro.online\/de\/wp-json\/wp\/v2\/product_cat?post=4407"},{"taxonomy":"product_tag","embeddable":true,"href":"https:\/\/servcrmpro.online\/de\/wp-json\/wp\/v2\/product_tag?post=4407"}],"curies":[{"name":"wp","href":"https:\/\/api.w.org\/{rel}","templated":true}]}}