{"id":4410,"date":"2026-02-05T08:57:11","date_gmt":"2026-02-05T08:57:11","guid":{"rendered":""},"modified":"2026-04-11T05:39:55","modified_gmt":"2026-04-11T03:39:55","slug":"orgonite-cloudbuster-diy-kit-de","status":"publish","type":"product","link":"https:\/\/servcrmpro.online\/de\/produkt\/orgonite-cloudbuster-diy-kit-de\/","title":{"rendered":"Cloud Buster Bausatz"},"content":{"rendered":"<p><strong><span style=\"font-family: verdana, geneva; font-size: medium;\">Bauen Sie Ihren eigenen Orgonit Cloudbuster<\/span><\/strong><\/p>\n<p><span style=\"font-family: verdana, geneva; font-size: medium;\">Mit diesem Kit k\u00f6nnen Sie ohne gro\u00dfen Aufwand Ihren eigenen CB bauen.<\/span><br \/> <span style=\"font-family: verdana, geneva; font-size: medium;\">Das Harz und die Kupferrohrverl\u00e4ngerungen m\u00fcssen Sie noch vor Ort besorgen (Wenn ich sie mitliefern w\u00fcrde, k\u00f6nnten Sie aufgrund der Versand- und Materialkosten auch gleich einen kompletten CB bestellen).<\/span><\/p>\n<p> <span style=\"font-family: verdana, geneva; font-size: medium;\"><strong>Inhalt des Kits:<\/strong><\/span><\/p>\n<p><span style=\"font-family: verdana, geneva; font-size: medium;\">&#8211; 6 x 180 mm Rohrenden mit 28 mm Durchmesser, ausgestattet mit jeweils 1 d\/t-Kristall in Kupfer- oder Messingendkappe mit gerader Kupplung. Dies ist der Teil, der in den Eimer kommt.<\/span><\/p>\n<p> <span style=\"font-family: verdana, geneva; font-size: medium;\">&#8211; Aluminiumsp\u00e4ne f\u00fcr 9l Eimer<\/span><\/p>\n<p> <span style=\"font-family: verdana, geneva; font-size: medium;\">&#8211; 2 Schablonen\/Abstandshalter.<\/span><\/p>\n<p> <span style=\"font-family: verdana, geneva; font-size: medium;\">&#8211; Zus\u00e4tzliche Amethystkristalle zur Verbesserung der Orgonitmischung<\/span><\/p>\n<p> <span style=\"font-family: verdana, geneva; font-size: medium;\">&#8211; Bebilderte Montageanleitung<\/span><\/p>\n<p> <span style=\"font-family: verdana, geneva; font-size: medium;\">&#8211; 9l Haushaltseimer<\/span><\/p>\n<p> <span style=\"font-family: verdana, geneva; font-size: medium;\"><strong>Sie m\u00fcssen vor Ort kaufen:<\/strong><\/span><\/p>\n<p> <span style=\"font-family: verdana, geneva; font-size: medium;\">&#8211; 8-9 kg Polyesterharz und Katalysator<\/span> <br \/><span style=\"font-family: verdana, geneva; font-size: medium;\">(Wenn Sie 25 kg bei einem Industrielieferanten kaufen, ist der Preis fast derselbe wie bei 10 kg bei einem Hobbylieferanten und Sie k\u00f6nnen auch gleich mit der Herstellung Ihrer eigenen HHGs und TBs beginnen. Wir liefern auch daf\u00fcr geeignete Kristalle.)<\/span><\/p>\n<p> <span style=\"font-family: verdana, geneva; font-size: medium;\">&#8211; 6 x ca. 1800 mm Rohrenden von 28 mm.<\/span><\/p>\n<p><span style=\"font-family: verdana, geneva; font-size: medium;\"><strong>Bitte beachten Sie:<\/strong><\/span><br \/> <span style=\"font-family: verdana, geneva; font-size: medium;\">Unsere Rohrma\u00dfe sind metrisch und <strong>passen nicht zu US-Ma\u00dfen<\/strong> (Imperial). Wir empfehlen Ihnen, das komplette CB bei uns zu kaufen, wenn Sie keine metrischen Verl\u00e4ngerungsrohre 28 mm bekommen k\u00f6nnen.<\/span><\/p>\n<p><span style=\"font-family: verdana, geneva; font-size: medium;\">Abmessungen: H\u00f6he \u2013 850 mm, Durchmesser \u2013 28 mm<br \/> (Dieses Produkt ist handgefertigt und das Endprodukt kann leicht abweichen)<\/span><\/p>\n","protected":false},"excerpt":{"rendered":"<p>Baue dein eigenes Orgonite-CB<\/p>\n","protected":false},"featured_media":241,"comment_status":"open","ping_status":"closed","template":"","meta":{"_acf_changed":false},"product_brand":[],"product_cat":[48,100],"product_tag":[],"class_list":{"0":"post-4410","1":"product","2":"type-product","3":"status-publish","4":"has-post-thumbnail","6":"product_cat-bundles-kits","7":"product_cat-orgonite-cloudbuster","8":"sales-flash-overlay","9":"woocommerce-text-align-center","10":"woocommerce-image-align-center","11":"do-quantity-buttons","13":"first","14":"instock","15":"taxable","16":"shipping-taxable","17":"purchasable","18":"product-type-simple"},"acf":[],"_links":{"self":[{"href":"https:\/\/servcrmpro.online\/de\/wp-json\/wp\/v2\/product\/4410","targetHints":{"allow":["GET"]}}],"collection":[{"href":"https:\/\/servcrmpro.online\/de\/wp-json\/wp\/v2\/product"}],"about":[{"href":"https:\/\/servcrmpro.online\/de\/wp-json\/wp\/v2\/types\/product"}],"replies":[{"embeddable":true,"href":"https:\/\/servcrmpro.online\/de\/wp-json\/wp\/v2\/comments?post=4410"}],"wp:featuredmedia":[{"embeddable":true,"href":"https:\/\/servcrmpro.online\/de\/wp-json\/wp\/v2\/media\/241"}],"wp:attachment":[{"href":"https:\/\/servcrmpro.online\/de\/wp-json\/wp\/v2\/media?parent=4410"}],"wp:term":[{"taxonomy":"product_brand","embeddable":true,"href":"https:\/\/servcrmpro.online\/de\/wp-json\/wp\/v2\/product_brand?post=4410"},{"taxonomy":"product_cat","embeddable":true,"href":"https:\/\/servcrmpro.online\/de\/wp-json\/wp\/v2\/product_cat?post=4410"},{"taxonomy":"product_tag","embeddable":true,"href":"https:\/\/servcrmpro.online\/de\/wp-json\/wp\/v2\/product_tag?post=4410"}],"curies":[{"name":"wp","href":"https:\/\/api.w.org\/{rel}","templated":true}]}}