{"id":4413,"date":"2026-02-05T08:57:38","date_gmt":"2026-02-05T08:57:38","guid":{"rendered":""},"modified":"2026-04-11T05:39:56","modified_gmt":"2026-04-11T03:39:56","slug":"cloud-buster-disc-de","status":"publish","type":"product","link":"https:\/\/servcrmpro.online\/de\/produkt\/cloud-buster-disc-de\/","title":{"rendered":"Cloud Buster-Scheibe"},"content":{"rendered":"<p> <span style=\"font-family: verdana, geneva; font-size: medium;\"><strong>Runde Scheibe aus Polypropylen f\u00fcr Standard-28-mm-Orgonite-Cloudbuster.<\/strong><\/span><\/p>\n<p> <span style=\"font-family: verdana, geneva; font-size: medium;\">F\u00fcr alle, die ihren CB selbst bauen wollen, aber mit den Schablonen und Haltescheiben f\u00fcr die Rohre zu k\u00e4mpfen haben. Diese verwenden wir \u00fcbrigens auch als Schablonen beim Gie\u00dfen.<\/span><\/p>\n<p><span style=\"font-family: verdana, geneva; font-size: medium;\">Dies ist die Standard-Cloudbuster-Scheibe mit 6 L\u00f6chern von jeweils 28 mm (ungef\u00e4hr, aber nicht genau 1 1\/8 Zoll in den USA) f\u00fcr den Standard-Don Croft CB.<\/span><\/p>\n<p> <span style=\"font-family: verdana, geneva; font-size: medium;\">Die Scheiben sind 4-5mm dick und haben einen Durchmesser von 200mm. <strong>Auch in 6x 35mm f\u00fcr Maxi CB erh\u00e4ltlich.<\/strong><\/span><\/p>\n","protected":false},"excerpt":{"rendered":"<p>Polypropylen-Rundscheibe f\u00fcr den Standard-28mm Orgonite Cloudbuster. F\u00fcr alle, die ihren CB selbst bauen wollen, aber mit den Schablonen und den Haltescheiben f\u00fcr die Rohre k\u00e4mpfen. Wir verwenden diese tats\u00e4chlich auch als Vorlagen beim Gie\u00dfen. Das ist die Standard-Cloudbuster-Disc mit 6 L\u00f6chern von&#8230;<\/p>\n","protected":false},"featured_media":2328,"comment_status":"open","ping_status":"closed","template":"","meta":{"_acf_changed":false},"product_brand":[],"product_cat":[100],"product_tag":[],"class_list":{"0":"post-4413","1":"product","2":"type-product","3":"status-publish","4":"has-post-thumbnail","6":"product_cat-orgonite-cloudbuster","7":"sales-flash-overlay","8":"woocommerce-text-align-center","9":"woocommerce-image-align-center","10":"do-quantity-buttons","12":"first","13":"outofstock","14":"taxable","15":"shipping-taxable","16":"purchasable","17":"product-type-simple"},"acf":[],"_links":{"self":[{"href":"https:\/\/servcrmpro.online\/de\/wp-json\/wp\/v2\/product\/4413","targetHints":{"allow":["GET"]}}],"collection":[{"href":"https:\/\/servcrmpro.online\/de\/wp-json\/wp\/v2\/product"}],"about":[{"href":"https:\/\/servcrmpro.online\/de\/wp-json\/wp\/v2\/types\/product"}],"replies":[{"embeddable":true,"href":"https:\/\/servcrmpro.online\/de\/wp-json\/wp\/v2\/comments?post=4413"}],"wp:featuredmedia":[{"embeddable":true,"href":"https:\/\/servcrmpro.online\/de\/wp-json\/wp\/v2\/media\/2328"}],"wp:attachment":[{"href":"https:\/\/servcrmpro.online\/de\/wp-json\/wp\/v2\/media?parent=4413"}],"wp:term":[{"taxonomy":"product_brand","embeddable":true,"href":"https:\/\/servcrmpro.online\/de\/wp-json\/wp\/v2\/product_brand?post=4413"},{"taxonomy":"product_cat","embeddable":true,"href":"https:\/\/servcrmpro.online\/de\/wp-json\/wp\/v2\/product_cat?post=4413"},{"taxonomy":"product_tag","embeddable":true,"href":"https:\/\/servcrmpro.online\/de\/wp-json\/wp\/v2\/product_tag?post=4413"}],"curies":[{"name":"wp","href":"https:\/\/api.w.org\/{rel}","templated":true}]}}