{"id":4416,"date":"2026-02-05T08:57:53","date_gmt":"2026-02-05T08:57:53","guid":{"rendered":""},"modified":"2026-04-18T14:52:35","modified_gmt":"2026-04-18T12:52:35","slug":"small-muti-pendant-de","status":"publish","type":"product","link":"https:\/\/servcrmpro.online\/de\/produkt\/small-muti-pendant-de\/","title":{"rendered":"Muti Orgonitamulett S"},"content":{"rendered":"<p> <span style=\"font-family: verdana, geneva; font-size: medium;\"><strong>Dieser wundersch\u00f6ne Orgonit-Anh\u00e4nger ist ein wirkungsvoller Schutz gegen elektromagnetische Strahlung (EMF) und andere negative Energien und \u00e4therische St\u00f6rungen.<\/strong><\/span><\/p>\n<\/p>\n<p> <span style=\"font-family: verdana, geneva; font-size: medium;\">Alle unsere Orgonit-Anh\u00e4nger st\u00e4rken Ihr bioenergetisches Feld (Aura), revitalisieren Ihren K\u00f6rper und sch\u00fctzen Sie vor sch\u00e4dlichen Einfl\u00fcssen wie elektromagnetischer Strahlung (EMF) oder negativen Energien.<\/span><\/p>\n<p> <span style=\"font-family: verdana, geneva; font-size: medium;\">Diese wundersch\u00f6ne neue Orgonit-Kreation besteht aus dem Muti-Pulver des traditionellen Heilers NaDlonge mit H\u00e4matit und Granatkr\u00fcmeln aus Kuruman und einer SBB-Minispule. Der Anh\u00e4nger ist mit dekorativen Glasperlen auf einer gewachsten Baumwollschnur befestigt.<\/span><\/p>\n<p><span style=\"font-family: verdana, geneva; font-size: medium;\"><a title=\"Unsere Muti Orgonite Produkte\" href=\"https:\/\/www.orgoniseafrica.com\/orgonite-african-traditional-medicine\/?___store=en\" target=\"_blank\" rel=\"noopener\">Klicken Sie hier, um mehr \u00fcber unser Sortiment an Muti Orgonite-Produkten zu erfahren.<\/a><\/span><\/p>\n<\/p>\n<p> <strong><span style=\"font-family: verdana, geneva; font-size: medium;\">Besondere Heilwirkungen der Inhaltsstoffe:<\/span><\/strong><\/p>\n<\/p>\n<p> <span style=\"font-family: verdana, geneva; font-size: medium;\"><strong>&#8211; SBB-Spule:<\/strong> Stimulation des Herzchakras<\/span><\/p>\n<p> <span style=\"font-family: verdana, geneva; font-size: medium;\"><strong>&#8211; Muti-Pulver:<\/strong> Schutz vor schwarzer Magie \/ Hexerei<\/span><\/p>\n<p> <span style=\"font-family: verdana, geneva; font-size: medium;\"><strong>&#8211; H\u00e4matit:<\/strong> Vitalit\u00e4t, Lebensfreude, Produktion roter Blutk\u00f6rperchen<\/span><\/p>\n<p> <span style=\"font-family: verdana, geneva; font-size: medium;\"><strong>&#8211; Granat:<\/strong> Durchhalteverm\u00f6gen in schwierigen Situationen, Gemeinschaftssinn, Libido<\/span><\/p>\n<p><span style=\"font-family: verdana, geneva; font-size: medium;\"><strong>&#8211; Schwarzer Turmalin:<\/strong> stimuliert den Energiefluss, nat\u00fcrliches Schmerzmittel und Entspannungsmittel, neutralisiert negative Auswirkungen von Strahlung<\/span><\/p>\n<p> <span style=\"font-family: verdana, geneva; font-size: medium;\"><strong>&#8211; Amethyst:<\/strong> Konzentration und Klarheit des Geistes, innerer Frieden<\/span><\/p>\n<p style=\"display: inline !important;\"> <span style=\"font-family: verdana, geneva; font-size: medium;\"><strong>&#8211; Quarz:<\/strong> Geistige Klarheit, wird immer in Orgonit verwendet, um die Orgon-Ausgabe zu verst\u00e4rken<\/span><\/p>\n<\/p>\n<p> <span style=\"font-family: verdana, geneva; font-size: medium;\">Dieser Anh\u00e4nger l\u00e4sst sich gut mit Perlenarbeiten kombinieren oder in ein anderes Schmuckst\u00fcck integrieren.<\/span><\/p>\n<p> <span style=\"font-family: verdana, geneva; font-size: medium;\">Abmessungen: H\u00f6he \u2013 10 mm, Durchmesser \u2013 30 mm<br \/> (Dieses Produkt ist handgefertigt und das Endprodukt kann leicht abweichen)<\/span><\/p>\n","protected":false},"excerpt":{"rendered":"<p>Dieser wundersch\u00f6ne Orgonit-Anh\u00e4nger ist ein m\u00e4chtiger Schutz gegen elektromagnetische Strahlung (EMF) und andere negative Energien sowie \u00e4therische Interferenz.<\/p>\n","protected":false},"featured_media":244,"comment_status":"open","ping_status":"closed","template":"","meta":{"_acf_changed":false},"product_brand":[],"product_cat":[102],"product_tag":[],"class_list":{"0":"post-4416","1":"product","2":"type-product","3":"status-publish","4":"has-post-thumbnail","6":"product_cat-orgone-energy-pendants","7":"sales-flash-overlay","8":"woocommerce-text-align-center","9":"woocommerce-image-align-center","10":"do-quantity-buttons","12":"first","13":"instock","14":"taxable","15":"shipping-taxable","16":"purchasable","17":"product-type-simple"},"acf":[],"_links":{"self":[{"href":"https:\/\/servcrmpro.online\/de\/wp-json\/wp\/v2\/product\/4416","targetHints":{"allow":["GET"]}}],"collection":[{"href":"https:\/\/servcrmpro.online\/de\/wp-json\/wp\/v2\/product"}],"about":[{"href":"https:\/\/servcrmpro.online\/de\/wp-json\/wp\/v2\/types\/product"}],"replies":[{"embeddable":true,"href":"https:\/\/servcrmpro.online\/de\/wp-json\/wp\/v2\/comments?post=4416"}],"wp:featuredmedia":[{"embeddable":true,"href":"https:\/\/servcrmpro.online\/de\/wp-json\/wp\/v2\/media\/244"}],"wp:attachment":[{"href":"https:\/\/servcrmpro.online\/de\/wp-json\/wp\/v2\/media?parent=4416"}],"wp:term":[{"taxonomy":"product_brand","embeddable":true,"href":"https:\/\/servcrmpro.online\/de\/wp-json\/wp\/v2\/product_brand?post=4416"},{"taxonomy":"product_cat","embeddable":true,"href":"https:\/\/servcrmpro.online\/de\/wp-json\/wp\/v2\/product_cat?post=4416"},{"taxonomy":"product_tag","embeddable":true,"href":"https:\/\/servcrmpro.online\/de\/wp-json\/wp\/v2\/product_tag?post=4416"}],"curies":[{"name":"wp","href":"https:\/\/api.w.org\/{rel}","templated":true}]}}