{"id":4422,"date":"2026-02-05T08:58:35","date_gmt":"2026-02-05T08:58:35","guid":{"rendered":""},"modified":"2026-04-12T22:14:12","modified_gmt":"2026-04-12T20:14:12","slug":"orgonite-earthpipe-de","status":"publish","type":"product","link":"https:\/\/servcrmpro.online\/de\/produkt\/orgonite-earthpipe-de\/","title":{"rendered":"Orgonit-Erdrohr"},"content":{"rendered":"<p><strong><span style=\"font-family: verdana, geneva; font-size: medium;\">Das Orgonit-Erdrohr ist ein unverzichtbares Werkzeug im Orgon-Beschenker-Kit!<\/span><\/strong><\/p>\n<p><span style=\"font-family: verdana, geneva; font-size: medium;\">Das Orgonit-Erdrohr ist ein 28 cm langes Kupferrohr, das zu ca. 1\/3 seiner L\u00e4nge mit Orgonit gef\u00fcllt ist. Im Orgonit ist ein spitzer Kristall eingebettet, der auf das hohle Ende des Earthpipes zeigt, das zur Erde zeigt.<\/span><\/p>\n<p><span style=\"font-family: verdana, geneva; font-size: medium;\">Der Kristall ist aufgewickelt, um der Energie eine gezieltere Durchdringung der Tiefe im Untergrund zu erm\u00f6glichen und alle negativen Aktivit\u00e4ten zu neutralisieren.<\/span><\/p>\n<p><span style=\"font-family: verdana, geneva; font-size: medium;\">Wir haben diese Orgonit- Erdrohre erfolgreich eingesetzt, um mehrere unterirdische Milit\u00e4rbasen zu neutralisieren. Einige davon sind allgemein bekannt, andere wurden uns von \u00fcbersinnlich begabten Freunden gezeigt.<\/span><\/p>\n<p><span style=\"font-family: verdana, geneva; font-size: medium;\">Sehr oft sind diese unterirdischen St\u00fctzpunkte das \u201eAuge des Sturms\u201c, wenn es zu Wetterver\u00e4nderungen und den daraus resultierenden k\u00fcnstlich erzeugten D\u00fcrren kommt, und sie sind ein wesentlicher Bestandteil der Bescherung der Umwelt, damit diese ihre nat\u00fcrliche, ORGONisierte Vitalit\u00e4t wiederherstellen kann.<\/span><\/p>\n<p><span style=\"font-family: verdana, geneva; font-size: medium;\">Normalerweise schlagen wir die Orgonite Earthpipes mit einem Hammer in den Boden in der Umgebung dieser Basen. Sie k\u00f6nnen sie auch verwenden, um Ley-Linien, geopathischen Stress, sich kreuzende Wasserlinien usw. effektiv zu neutralisieren.<\/span><\/p>\n<p>&nbsp;<\/p>\n<p><span style=\"font-family: verdana, geneva; font-size: medium;\">Abmessungen: H\u00f6he \u2013 280 mm, Durchmesser \u2013 28 mm<br \/> (Dieses Produkt ist handgefertigt und das Endprodukt kann leicht abweichen)<\/span><\/p>\n","protected":false},"excerpt":{"rendered":"<p>Das Orgonit-Erdrohr ist ein unverzichtbares Werkzeug im Set des Orgone-Geschenkers!<\/p>\n","protected":false},"featured_media":247,"comment_status":"open","ping_status":"closed","template":"","meta":{"_acf_changed":false},"product_brand":[],"product_cat":[70],"product_tag":[],"class_list":{"0":"post-4422","1":"product","2":"type-product","3":"status-publish","4":"has-post-thumbnail","6":"product_cat-tactical-orgonite","7":"sales-flash-overlay","8":"woocommerce-text-align-center","9":"woocommerce-image-align-center","10":"do-quantity-buttons","12":"first","13":"instock","14":"taxable","15":"shipping-taxable","16":"purchasable","17":"product-type-simple"},"acf":[],"_links":{"self":[{"href":"https:\/\/servcrmpro.online\/de\/wp-json\/wp\/v2\/product\/4422","targetHints":{"allow":["GET"]}}],"collection":[{"href":"https:\/\/servcrmpro.online\/de\/wp-json\/wp\/v2\/product"}],"about":[{"href":"https:\/\/servcrmpro.online\/de\/wp-json\/wp\/v2\/types\/product"}],"replies":[{"embeddable":true,"href":"https:\/\/servcrmpro.online\/de\/wp-json\/wp\/v2\/comments?post=4422"}],"wp:featuredmedia":[{"embeddable":true,"href":"https:\/\/servcrmpro.online\/de\/wp-json\/wp\/v2\/media\/247"}],"wp:attachment":[{"href":"https:\/\/servcrmpro.online\/de\/wp-json\/wp\/v2\/media?parent=4422"}],"wp:term":[{"taxonomy":"product_brand","embeddable":true,"href":"https:\/\/servcrmpro.online\/de\/wp-json\/wp\/v2\/product_brand?post=4422"},{"taxonomy":"product_cat","embeddable":true,"href":"https:\/\/servcrmpro.online\/de\/wp-json\/wp\/v2\/product_cat?post=4422"},{"taxonomy":"product_tag","embeddable":true,"href":"https:\/\/servcrmpro.online\/de\/wp-json\/wp\/v2\/product_tag?post=4422"}],"curies":[{"name":"wp","href":"https:\/\/api.w.org\/{rel}","templated":true}]}}