{"id":4428,"date":"2026-02-05T15:21:56","date_gmt":"2026-02-05T15:21:56","guid":{"rendered":""},"modified":"2026-04-06T07:31:52","modified_gmt":"2026-04-06T05:31:52","slug":"cb35mm-de","status":"publish","type":"product","link":"https:\/\/servcrmpro.online\/de\/produkt\/cb35mm-de\/","title":{"rendered":"Cloud Buster 35mm"},"content":{"rendered":"<h2><span style=\"font-family: verdana, geneva;font-size: medium\">Orgonite Cloudbuster Maxi!<\/span><\/h2>\n<p><span style=\"font-family: verdana, geneva;font-size: medium\">Je gr\u00f6\u00dfer, desto besser: Das gilt ganz sicher f\u00fcr alles, was mit Orgonit zu tun hat. Dieser Cloudbuster ist wie der Standard-Don-Croft-Orgonit-CB gefertigt, nur mit 6 x 35 mm Rohren und entsprechend gr\u00f6\u00dferen Kristallen.<\/span><\/p>\n<p><span style=\"font-family: verdana, geneva;font-size: medium\">Die Erfahrung zeigt, dass das Resonanzvolumen der Rohre zusammen mit dem Volumen des Orgonits daf\u00fcr verantwortlich ist, wie viel negative Energie (DOR) vom CB in positive Lebensenergie (POR) umgewandelt werden kann.<\/span><\/p>\n<p><span style=\"font-family: verdana, geneva;font-size: medium\">Die Rohre sind in einen Orgonit-Sockel eingebettet, der mit zus\u00e4tzlichen Edelsteinen angereichert ist. Jedes Rohr ist am eingebetteten Ende verschlossen und verf\u00fcgt an der Unterseite \u00fcber einen doppelendigen Kristall.<\/span><\/p>\n<p><span style=\"font-family: verdana, geneva;font-size: medium\">Diese Standard-Cloud-Buster wurden von Tausenden von Menschen weltweit gebaut und getestet, wobei in verschiedenen Foren zahlreiche Erfahrungen und R\u00fcckmeldungen verf\u00fcgbar sind. Wir betrachten sie als DAS leistungsst\u00e4rkste und effektivste Werkzeug f\u00fcr gro\u00dffl\u00e4chige Umweltheilung mit Orgonit.<\/span><\/p>\n<h2>Typische Wirkungen von Orgonit-Cloudbusters sind:<\/h2>\n<ul>\n<li><span style=\"font-family: verdana, geneva;font-size: medium\">erh\u00f6hter Niederschlag in D\u00fcrregebieten<\/span><\/li>\n<li><span style=\"font-family: verdana, geneva;font-size: medium\">verst\u00e4rktes Pflanzenwachstum<\/span><\/li>\n<li><span style=\"font-family: verdana, geneva;font-size: medium\">erh\u00f6hte Fruchtbarkeit und Gesundheit der Tiere<\/span><\/li>\n<li><span style=\"font-family: verdana, geneva;font-size: medium\">verringerte Umweltverschmutzung, einschlie\u00dflich der sogenannten \u201eChemtrails\u201c<\/span><\/li>\n<li><span style=\"font-family: verdana, geneva;font-size: medium\">allgemeine Verbesserung des \u00e4therischen Energiefeldes der Umgebung mit einer <\/span><\/li>\n<li><span style=\"font-family: verdana, geneva;font-size: medium\">Vielzahl von mentalen und gesundheitlichen Effekten<\/span><\/li>\n<\/ul>\n<p><span style=\"font-family: verdana, geneva;font-size: medium\">Je nach Ausma\u00df der elektromagnetischen Verschmutzung und den allgemeinen energetischen Bedingungen wurden die Auswirkungen von Standard-Cloudbusters Berichten zufolge \u00fcber Entfernungen von weit mehr als 50 km wahrgenommen. In Kombination mit anderen Orgonit-Ger\u00e4ten k\u00f6nnen wenige CBs ein gesundes Orgonfeld in einer ganzen Region oder einem kleinen Land wiederherstellen.<\/span><\/p>\n<p><span style=\"font-family: verdana, geneva;font-size: medium\">Wir haben sie selbst auf unseren Orgone-Gifting-Expeditionen eingesetzt (mehr dazu hier&#8230;), wo wir in der Regel einen Cloudbuster mit mehreren hundert Towerbustern kombinieren. Dies hat sich als die effektivste Methode erwiesen, um ganze L\u00e4nder zu energetisieren und schreckliche D\u00fcrreperioden umzukehren.<\/span><\/p>\n<p><span style=\"font-family: verdana, geneva;font-size: medium\">Unsere Theorie lautet wie folgt: W\u00e4hrend der Cloudbuster vor allem in den h\u00f6heren Schichten der Atmosph\u00e4re wirkt, um ein sehr gro\u00dfes Gebiet zu orgonisieren, sorgen die Towerbuster f\u00fcr die notwendige \u201eBodenabdeckung\u201c, indem sie in der N\u00e4he aller Mobiltelefone und Orte mit negativer Energie in dem Gebiet platziert werden, in dem der Cloudbuster steht. <\/span><\/p>\n<p><span style=\"font-family: verdana, geneva;font-size: medium\">Wenn Sie mit dem Gifting in gro\u00dfem Ma\u00dfstab beginnen m\u00f6chten, schauen Sie sich unser Massive Orgone Starter Kit an, um alle wichtigen Gifting-Utensilien zu einem reduzierten Preis zu erhalten!<\/span><\/p>\n<p><span style=\"font-family: verdana, geneva;font-size: medium\">Abmessungen: H\u00f6he \u2013 850 mm, Durchmesser \u2013 35 mm<br \/>(Dieses Produkt ist handgefertigt und das Endprodukt kann geringf\u00fcgig abweichen)<\/span><\/p>\n","protected":false},"excerpt":{"rendered":"<h2><span-stil=\"schrift-familie: verdana, Genf;schriftgr\u00f6\u00dfe: mittel\">Orgonite Cloudbuster Maxi!<\/span><\/h2>\n<p>&lt;span style=&quot;font-family: Verdana, Genf&#8230;<\/p>\n","protected":false},"featured_media":639,"comment_status":"open","ping_status":"closed","template":"","meta":{"_acf_changed":false},"product_brand":[],"product_cat":[100],"product_tag":[],"class_list":{"0":"post-4428","1":"product","2":"type-product","3":"status-publish","4":"has-post-thumbnail","6":"product_cat-orgonite-cloudbuster","7":"sales-flash-overlay","8":"woocommerce-text-align-center","9":"woocommerce-image-align-center","10":"do-quantity-buttons","12":"first","13":"instock","14":"sale","15":"taxable","16":"shipping-taxable","17":"purchasable","18":"product-type-simple"},"acf":[],"_links":{"self":[{"href":"https:\/\/servcrmpro.online\/de\/wp-json\/wp\/v2\/product\/4428","targetHints":{"allow":["GET"]}}],"collection":[{"href":"https:\/\/servcrmpro.online\/de\/wp-json\/wp\/v2\/product"}],"about":[{"href":"https:\/\/servcrmpro.online\/de\/wp-json\/wp\/v2\/types\/product"}],"replies":[{"embeddable":true,"href":"https:\/\/servcrmpro.online\/de\/wp-json\/wp\/v2\/comments?post=4428"}],"wp:featuredmedia":[{"embeddable":true,"href":"https:\/\/servcrmpro.online\/de\/wp-json\/wp\/v2\/media\/639"}],"wp:attachment":[{"href":"https:\/\/servcrmpro.online\/de\/wp-json\/wp\/v2\/media?parent=4428"}],"wp:term":[{"taxonomy":"product_brand","embeddable":true,"href":"https:\/\/servcrmpro.online\/de\/wp-json\/wp\/v2\/product_brand?post=4428"},{"taxonomy":"product_cat","embeddable":true,"href":"https:\/\/servcrmpro.online\/de\/wp-json\/wp\/v2\/product_cat?post=4428"},{"taxonomy":"product_tag","embeddable":true,"href":"https:\/\/servcrmpro.online\/de\/wp-json\/wp\/v2\/product_tag?post=4428"}],"curies":[{"name":"wp","href":"https:\/\/api.w.org\/{rel}","templated":true}]}}