{"id":4437,"date":"2026-02-05T15:22:20","date_gmt":"2026-02-05T15:22:20","guid":{"rendered":""},"modified":"2026-04-06T07:31:52","modified_gmt":"2026-04-06T05:31:52","slug":"essential-orgonite-de","status":"publish","type":"product","link":"https:\/\/servcrmpro.online\/de\/produkt\/essential-orgonite-de\/","title":{"rendered":"Essenzielles Orgonit"},"content":{"rendered":"<h1>Geben Sie sich nicht mit weniger Orgonit zufrieden!<\/h1>\n<p>Wir empfehlen Ihnen, als erste Schutzma\u00dfnahme in jeder Ecke Ihres Grundst\u00fccks einen Orgonite &#8211; TB anzubringen. Bringen Sie einen direkt an der Hauptwasserleitung an, wo sie in Ihr Haus oder nach drau\u00dfen f\u00fchrt. Leitungswasser gilt heutzutage als Haupttr\u00e4ger negativer Energie. Dasselbe gilt f\u00fcr Ihre Hauptstromversorgungsanlage. Bringen Sie dort einen TB an.<\/p>\n<p>Wir empfehlen diese Anzahl von 12 \u201e Dirty Harry \u201c und 4 \u201e Slick Jim \u201c Orgonite TBs, um Ihnen einige Optionen zu geben. Sie sollten auf jeden Fall alle Mobilfunkmasten im Umkreis von 5 km um Ihr Haus zerst\u00f6ren, um zu verhindern, dass sie Ihnen Schaden zuf\u00fcgen. Dazu platzieren Sie einfach eine einzelne Orgonite TB in der N\u00e4he. Bei Bedarf ist sie noch bis zu 500 m vom Turm entfernt wirksam. Sie k\u00f6nnen in dichtem Buschwerk oder Laub versteckt oder eingegraben werden, um zu verhindern, dass \u00fcbereifrige G\u00e4rtner sie wegr\u00e4umen.<\/p>\n<p> Die energetische Wirkung der \u201eSlick Jim\u201c-Version unterscheidet sich nicht, wir haben jedoch daran gedacht, 4 davon f\u00fcr Stellen in Ihrem Haus hinzuzuf\u00fcgen, an denen Sie sie \u00e4sthetisch ansprechender gestalten m\u00f6chten.<\/p>\n<p>Stellen Sie eine TB auf Ihren Fernseher und eine neben den Computermonitor. Wenn Sie der Meinung sind, dass Sie noch immer eine Mikrowelle benutzen sollten (tun Sie das nicht), stellen Sie bitte eine dort auf. Verbannen Sie diese Mini-Atombombe lieber aus Ihrem Lebensbereich!<\/p>\n<p> Es verwandelt Ihre Lebensmittel in radioaktiven Abfall.<\/p>\n<p> Der Orgonite HHG ist ein leistungsstarker Orgongenerator. Er ist das Herzst\u00fcck Ihrer kleinen Anlage. Stellen Sie ihn in Ihr Wohnzimmer oder Schlafzimmer. Sie haben die Wahl. Er ist sehr leistungsstark und wird einen Bereich positiv beeinflussen, der viel gr\u00f6\u00dfer ist als Ihr Haus. Die Position ist also nicht allzu kritisch.<\/p>\n<p> Einige sehr energieempfindliche Menschen oder Ruteng\u00e4nger sind jedoch in der Lage, die Wirkung zu optimieren, indem sie Orgonit direkt auf geopathische Stresslinien (negative Energielinien) legen. Wenn Sie diese F\u00e4higkeit besitzen oder eine solche Person kennen, k\u00f6nnen Sie sogar noch entscheidendere Verbesserungen erzielen. Aber auch ohne eine solche Feinabstimmung ist die Wirkung der Platzierung von Orgonit in und um Ihr Haus enorm.<\/p>\n<p>Jede Familie oder Person sollte als erste Verteidigungslinie gegen Krankheiten einen Orgon-Zapper haben. Der Orgon-Zapper Standard ist eine bew\u00e4hrte und kosteng\u00fcnstige Wahl. Sie k\u00f6nnen ihn aufr\u00fcsten und stattdessen den El Silverado Zapper mit Silberelektroden verwenden.<\/p>\n<p> Und zu guter Letzt sollten Sie einen Minishield- Orgonit-Handyschutz auf Ihrem Telefon haben. Sehen Sie sich dieses Experiment an, das wir durchgef\u00fchrt haben, um herauszufinden, wie der Minishield den Einfluss der Handystrahlung auf das Pflanzenwachstum ver\u00e4ndert.<\/p>\n<p>Ein <a title=\"Kleiner t\u00fcrkisfarbener Orgon-Anh\u00e4nger\" href=\"http:\/\/www.orgoniseafrica.com\/small-turquoise-pendant.html\" target=\"_blank\" rel=\"noopener\">kleiner Orgonit-Anh\u00e4nger<\/a> sch\u00fctzt Sie vor negativen Energiefeldern, wenn Sie sich in der Stadt bewegen, egal ob diese durch EMF oder emotionale oder psychische Negativit\u00e4t verursacht werden. Dieser kleine Anh\u00e4nger st\u00e4rkt Ihr pers\u00f6nliches Bioenergiefeld, auch bekannt als \u201eAura\u201c.<\/p>\n<p> <strong>Und das Coolste von allem:<\/strong><\/p>\n<p> Wenn Sie diese wichtigen Artikel in einem Paket kaufen, erhalten Sie die Bestandteile zu einem um <strong>15 % reduzierten Preis<\/strong> im Vergleich zum Einzelkauf.<\/p>\n","protected":false},"excerpt":{"rendered":"<h1>Nimm nicht weniger Orgonit!<\/h1>\n<p>Schau dir meinen kleinen&lt;a-Titel an=&quot;Wie man anf\u00e4ngt&quot; href=&quot;http:\/\/www.orgoniseafrica.com\/info\/orgonite\/orgonite-how-to&#8230;<\/p>\n","protected":false},"featured_media":653,"comment_status":"open","ping_status":"closed","template":"","meta":{"_acf_changed":false},"product_brand":[],"product_cat":[70],"product_tag":[],"class_list":{"0":"post-4437","1":"product","2":"type-product","3":"status-publish","4":"has-post-thumbnail","6":"product_cat-tactical-orgonite","7":"sales-flash-overlay","8":"woocommerce-text-align-center","9":"woocommerce-image-align-center","10":"do-quantity-buttons","12":"first","13":"instock","14":"sale","15":"taxable","16":"shipping-taxable","17":"purchasable","18":"product-type-simple"},"acf":[],"_links":{"self":[{"href":"https:\/\/servcrmpro.online\/de\/wp-json\/wp\/v2\/product\/4437","targetHints":{"allow":["GET"]}}],"collection":[{"href":"https:\/\/servcrmpro.online\/de\/wp-json\/wp\/v2\/product"}],"about":[{"href":"https:\/\/servcrmpro.online\/de\/wp-json\/wp\/v2\/types\/product"}],"replies":[{"embeddable":true,"href":"https:\/\/servcrmpro.online\/de\/wp-json\/wp\/v2\/comments?post=4437"}],"wp:featuredmedia":[{"embeddable":true,"href":"https:\/\/servcrmpro.online\/de\/wp-json\/wp\/v2\/media\/653"}],"wp:attachment":[{"href":"https:\/\/servcrmpro.online\/de\/wp-json\/wp\/v2\/media?parent=4437"}],"wp:term":[{"taxonomy":"product_brand","embeddable":true,"href":"https:\/\/servcrmpro.online\/de\/wp-json\/wp\/v2\/product_brand?post=4437"},{"taxonomy":"product_cat","embeddable":true,"href":"https:\/\/servcrmpro.online\/de\/wp-json\/wp\/v2\/product_cat?post=4437"},{"taxonomy":"product_tag","embeddable":true,"href":"https:\/\/servcrmpro.online\/de\/wp-json\/wp\/v2\/product_tag?post=4437"}],"curies":[{"name":"wp","href":"https:\/\/api.w.org\/{rel}","templated":true}]}}