{"id":4443,"date":"2026-02-05T15:22:37","date_gmt":"2026-02-05T15:22:37","guid":{"rendered":""},"modified":"2026-04-06T07:31:52","modified_gmt":"2026-04-06T05:31:52","slug":"3-orgonite-christmas-stars-de","status":"publish","type":"product","link":"https:\/\/servcrmpro.online\/de\/produkt\/3-orgonite-christmas-stars-de\/","title":{"rendered":"3 Orgonit Weihnachtssterne"},"content":{"rendered":"<p> <strong><span style=\"font-family: verdana, geneva; font-size: medium;\">Orgonisieren Sie Ihr Weihnachten mit diesen wundersch\u00f6nen dekorativen Orgonit-Weihnachtssternen.<\/span><\/strong><\/p>\n<p><span style=\"font-family: verdana, geneva; font-size: medium;\">Diese Orgonit-Weihnachtssterne enthalten unsere klassische Orgonitmischung, die Ihr Zuhause und Ihren pers\u00f6nlichen Bereich mit positiver Orgon-Energie revitalisiert.<\/span><\/p>\n<p> <span style=\"font-family: verdana, geneva; font-size: medium;\">Die Weihnachtssterne enthalten au\u00dferdem Quarzkristall, der die Wirkung des Orgonits verst\u00e4rkt und eine reinigende Schwingung hat. Die Weihnachtssterne sind mit Glitzer und Streuseln verziert, die f\u00fcr eine verspielte Weihnachtsstimmung sorgen.<\/span><\/p>\n<p> <span style=\"font-family: verdana, geneva; font-size: medium;\"><em>Wird im 3er-Set geliefert.<\/em><br \/><\/span><\/p>\n<p> Abmessungen: H\u00f6he &#8211; 10mm, Durchmesser &#8211; jeweils 34mm<br \/> (Dieses Produkt ist handgefertigt und das Endprodukt kann leicht abweichen)<\/p>\n","protected":false},"excerpt":{"rendered":"<p><strong><span style=\"font-family: verdana, genf;font-size: medium\">Orgonisiere dein Weihnachten mit diesen wundersch\u00f6nen dekorativen Orgonite Christmas S&#8230;<\/p>\n","protected":false},"featured_media":663,"comment_status":"open","ping_status":"closed","template":"","meta":{"_acf_changed":false},"product_brand":[],"product_cat":[107],"product_tag":[],"class_list":{"0":"post-4443","1":"product","2":"type-product","3":"status-publish","4":"has-post-thumbnail","6":"product_cat-orgonite-gifts","7":"sales-flash-overlay","8":"woocommerce-text-align-center","9":"woocommerce-image-align-center","10":"do-quantity-buttons","12":"first","13":"instock","14":"taxable","15":"shipping-taxable","16":"purchasable","17":"product-type-simple"},"acf":[],"_links":{"self":[{"href":"https:\/\/servcrmpro.online\/de\/wp-json\/wp\/v2\/product\/4443","targetHints":{"allow":["GET"]}}],"collection":[{"href":"https:\/\/servcrmpro.online\/de\/wp-json\/wp\/v2\/product"}],"about":[{"href":"https:\/\/servcrmpro.online\/de\/wp-json\/wp\/v2\/types\/product"}],"replies":[{"embeddable":true,"href":"https:\/\/servcrmpro.online\/de\/wp-json\/wp\/v2\/comments?post=4443"}],"wp:featuredmedia":[{"embeddable":true,"href":"https:\/\/servcrmpro.online\/de\/wp-json\/wp\/v2\/media\/663"}],"wp:attachment":[{"href":"https:\/\/servcrmpro.online\/de\/wp-json\/wp\/v2\/media?parent=4443"}],"wp:term":[{"taxonomy":"product_brand","embeddable":true,"href":"https:\/\/servcrmpro.online\/de\/wp-json\/wp\/v2\/product_brand?post=4443"},{"taxonomy":"product_cat","embeddable":true,"href":"https:\/\/servcrmpro.online\/de\/wp-json\/wp\/v2\/product_cat?post=4443"},{"taxonomy":"product_tag","embeddable":true,"href":"https:\/\/servcrmpro.online\/de\/wp-json\/wp\/v2\/product_tag?post=4443"}],"curies":[{"name":"wp","href":"https:\/\/api.w.org\/{rel}","templated":true}]}}