{"id":4449,"date":"2026-02-05T15:22:55","date_gmt":"2026-02-05T15:22:55","guid":{"rendered":""},"modified":"2026-04-18T17:55:26","modified_gmt":"2026-04-18T15:55:26","slug":"silver-shungite-pendant-de","status":"publish","type":"product","link":"https:\/\/servcrmpro.online\/de\/produkt\/silver-shungite-pendant-de\/","title":{"rendered":"Silber und Schungit Anh\u00e4nger"},"content":{"rendered":"<h2><strong>Silber &amp; Schungit Anh\u00e4nger<\/strong><\/h2>\n<p><strong>\u00dcberlegener Schutz kombiniert mit eindrucksvoller Eleganz.<\/strong><\/p>\n<p>Die Kombination aus Silber und Schungit erzeugt eine subtile beruhigende und sch\u00fctzende Energie. Schungit bietet hervorragenden Schutz vor sch\u00e4dlicher elektromagnetischer Strahlung.<\/p>\n<p>Alle unsere Orgonit-Anh\u00e4nger st\u00e4rken Ihr bioenergetisches Feld (Aura) \u2013 dies hilft Ihnen gegen Krankheiten und das Eindringen von Negativit\u00e4t in Ihr Leben.<\/p>\n<p>Sie vitalisieren Ihren K\u00f6rper \u2013 eventuell vorhandene Erkrankungen oder St\u00f6rungen k\u00f6nnen beseitigt werden.<\/p>\n<h3>Zutaten:<\/h3>\n<p><strong>Orgonit-Mix:<\/strong> revitalisiert und st\u00e4rkt das Energiefeld, neutralisiert EMF und Strahlung<\/p>\n<p><strong>Schungit:<\/strong> Hervorragender EMF-Schutz, psychischer Schutz, Erdung, Reinigung und Kl\u00e4rung, Beruhigung und Entspannung<\/p>\n<p><strong>Silbersp\u00e4ne und Silberblatt:<\/strong> haben antibakterielle, antivirale und antimykotische Eigenschaften, wirken stark reinigend, beruhigend und heilend, reflektieren Negativit\u00e4t des Tr\u00e4gers, verst\u00e4rken die Eigenschaften anderer Edelsteine<\/p>\n<p><strong>Schwarzer Turmalin:<\/strong> Schutztalisman, sch\u00fctzt vor Strahlung und Umweltverschmutzung, erdet und beruhigt<\/p>\n<p><strong>Galenit:<\/strong> Wirkt EMF-Effekten entgegen, unterst\u00fctzt bei der pers\u00f6nlichen Transformation, steigert die pers\u00f6nliche Kraft, bringt Mut in schwierigen Zeiten<\/p>\n<p><strong>Rauchquarz:<\/strong> f\u00f6rdert k\u00f6rperliche und geistige St\u00e4rke und Widerstandskraft, insbesondere gegen Strahlung. Hilft bei der Heilung von Strahlensch\u00e4den.<\/p>\n<p><strong>Rosenquarz:<\/strong> Stein der bedingungslosen Liebe, des Friedens, der Ruhe und der G\u00fcte. Beruhigt, reduziert Stress und Anspannung, f\u00f6rdert die F\u00fcrsorge.<\/p>\n<p><strong>Amethyst:<\/strong> Stein des spirituellen Wachstums, verbessert die Gesundheit auf vielf\u00e4ltige Weise, sch\u00fctzt vor Angst, Erdstrahlung und Fremdenergien<\/p>\n<p><strong>Glimmer:<\/strong> schirmt und sch\u00fctzt, Klarheit und Flexibilit\u00e4t.<\/p>\n<p>Die wundersch\u00f6ne Einlage in Form eines Lebensbaums und eine doppelte schwarze Velourlederschnur machen es selbst f\u00fcr formelle Anl\u00e4sse zu einer eleganten Erg\u00e4nzung.<\/p>\n<p>Abmessungen: Dicke \u2013 10 mm, Durchmesser \u2013 50 mm<br \/> (Dieses Produkt ist handgefertigt und das Endprodukt kann leicht abweichen)<\/p>\n","protected":false},"excerpt":{"rendered":"<h2><strong>Silber- und Shungite-Anh\u00e4nger <\/strong><\/h2>\n<p><strong>\u00dcberlegener Schutz kombiniert mit erhabener Sch\u00f6nheit.<\/strong><\/p>\n<p>Die Kombination &#8230;<\/p>\n","protected":false},"featured_media":671,"comment_status":"open","ping_status":"closed","template":"","meta":{"_acf_changed":false},"product_brand":[],"product_cat":[102],"product_tag":[],"class_list":{"0":"post-4449","1":"product","2":"type-product","3":"status-publish","4":"has-post-thumbnail","6":"product_cat-orgone-energy-pendants","7":"sales-flash-overlay","8":"woocommerce-text-align-center","9":"woocommerce-image-align-center","10":"do-quantity-buttons","12":"first","13":"instock","14":"taxable","15":"shipping-taxable","16":"purchasable","17":"product-type-simple"},"acf":[],"_links":{"self":[{"href":"https:\/\/servcrmpro.online\/de\/wp-json\/wp\/v2\/product\/4449","targetHints":{"allow":["GET"]}}],"collection":[{"href":"https:\/\/servcrmpro.online\/de\/wp-json\/wp\/v2\/product"}],"about":[{"href":"https:\/\/servcrmpro.online\/de\/wp-json\/wp\/v2\/types\/product"}],"replies":[{"embeddable":true,"href":"https:\/\/servcrmpro.online\/de\/wp-json\/wp\/v2\/comments?post=4449"}],"wp:featuredmedia":[{"embeddable":true,"href":"https:\/\/servcrmpro.online\/de\/wp-json\/wp\/v2\/media\/671"}],"wp:attachment":[{"href":"https:\/\/servcrmpro.online\/de\/wp-json\/wp\/v2\/media?parent=4449"}],"wp:term":[{"taxonomy":"product_brand","embeddable":true,"href":"https:\/\/servcrmpro.online\/de\/wp-json\/wp\/v2\/product_brand?post=4449"},{"taxonomy":"product_cat","embeddable":true,"href":"https:\/\/servcrmpro.online\/de\/wp-json\/wp\/v2\/product_cat?post=4449"},{"taxonomy":"product_tag","embeddable":true,"href":"https:\/\/servcrmpro.online\/de\/wp-json\/wp\/v2\/product_tag?post=4449"}],"curies":[{"name":"wp","href":"https:\/\/api.w.org\/{rel}","templated":true}]}}