{"id":4455,"date":"2026-02-05T15:23:23","date_gmt":"2026-02-05T15:23:23","guid":{"rendered":""},"modified":"2026-04-06T07:31:52","modified_gmt":"2026-04-06T05:31:52","slug":"moneyfest-bundle-de","status":"publish","type":"product","link":"https:\/\/servcrmpro.online\/de\/produkt\/moneyfest-bundle-de\/","title":{"rendered":"Moneyfest-Paket"},"content":{"rendered":"<h1>Moneyfestieren = Geld manifestieren<\/h1>\n<p>Mit diesem attraktiven Attraktor-B\u00fcndel k\u00f6nnen Sie Geld anziehen wie nie zuvor. Tragen Sie einen der Steine \u200b\u200bbei sich, nehmen Sie einen mit zur Arbeit. Legen Sie ihn auf alle Dokumente, die f\u00fcr Ihre finanzielle Situation relevant sind. Vertr\u00e4ge, Kontoausz\u00fcge, Ausdrucke von Aktienportfolios, ein Bild von Ihnen. Orgonit tr\u00e4gt im Allgemeinen dazu bei, dass der Reichtum zunimmt, aber jetzt haben wir echtes Geld hinzugef\u00fcgt, als Zeichen daf\u00fcr, dass finanzieller Reichtum in Ihr Leben tritt.<\/p>\n","protected":false},"excerpt":{"rendered":"<p>Dieses attraktive Attractor-Bundle erm\u00f6glicht es Ihnen, wie nie zuvor Geld zu feiern. Nimm einen der Ziegel mit, nimm einen mit zur Arbeit. Auf alle Dokumente p&#8230;<\/p>\n","protected":false},"featured_media":684,"comment_status":"open","ping_status":"closed","template":"","meta":{"_acf_changed":false},"product_brand":[],"product_cat":[48,107],"product_tag":[],"class_list":{"0":"post-4455","1":"product","2":"type-product","3":"status-publish","4":"has-post-thumbnail","6":"product_cat-bundles-kits","7":"product_cat-orgonite-gifts","8":"sales-flash-overlay","9":"woocommerce-text-align-center","10":"woocommerce-image-align-center","11":"do-quantity-buttons","13":"first","14":"instock","15":"taxable","16":"shipping-taxable","17":"purchasable","18":"product-type-simple"},"acf":[],"_links":{"self":[{"href":"https:\/\/servcrmpro.online\/de\/wp-json\/wp\/v2\/product\/4455","targetHints":{"allow":["GET"]}}],"collection":[{"href":"https:\/\/servcrmpro.online\/de\/wp-json\/wp\/v2\/product"}],"about":[{"href":"https:\/\/servcrmpro.online\/de\/wp-json\/wp\/v2\/types\/product"}],"replies":[{"embeddable":true,"href":"https:\/\/servcrmpro.online\/de\/wp-json\/wp\/v2\/comments?post=4455"}],"wp:featuredmedia":[{"embeddable":true,"href":"https:\/\/servcrmpro.online\/de\/wp-json\/wp\/v2\/media\/684"}],"wp:attachment":[{"href":"https:\/\/servcrmpro.online\/de\/wp-json\/wp\/v2\/media?parent=4455"}],"wp:term":[{"taxonomy":"product_brand","embeddable":true,"href":"https:\/\/servcrmpro.online\/de\/wp-json\/wp\/v2\/product_brand?post=4455"},{"taxonomy":"product_cat","embeddable":true,"href":"https:\/\/servcrmpro.online\/de\/wp-json\/wp\/v2\/product_cat?post=4455"},{"taxonomy":"product_tag","embeddable":true,"href":"https:\/\/servcrmpro.online\/de\/wp-json\/wp\/v2\/product_tag?post=4455"}],"curies":[{"name":"wp","href":"https:\/\/api.w.org\/{rel}","templated":true}]}}