{"id":4458,"date":"2026-02-05T15:23:27","date_gmt":"2026-02-05T15:23:27","guid":{"rendered":""},"modified":"2026-04-21T20:22:51","modified_gmt":"2026-04-21T18:22:51","slug":"orgonite-dodec-5th-element-de","status":"publish","type":"product","link":"https:\/\/servcrmpro.online\/de\/produkt\/orgonite-dodec-5th-element-de\/","title":{"rendered":"Orgonit-Dodekaeder"},"content":{"rendered":"<h1> Orgonit-Dodekaeder<\/h1>\n<p> Der ultimative Orgonit-Schutz f\u00fcr Ihr Zuhause und Ihren pers\u00f6nlichen Bereich<\/p>\n<h2> Das f\u00fcnfte Element = \u00c4ther<\/h2>\n<p> Das Dodekaeder ist der vierte von f\u00fcnf platonischen K\u00f6rpern, prim\u00e4ren K\u00f6rpern, die aus Fl\u00e4chen mit gleich langen Kanten bestehen. <\/p>\n<p><img loading=\"lazy\" decoding=\"async\" title=\"5 Platonische K\u00f6rper\" src=\"https:\/\/www.technologyuk.net\/mathematics\/geometry\/images\/geometry_0185.gif\" alt=\"5 Platonic Solids\" width=\"700\" height=\"180\"><\/p>\n<p> In Platons Philosophie, die ihre tieferen Wurzeln in den \u00e4gyptischen Mysterien haben soll, wurden alle diese K\u00f6rper mit einem der Elemente in Verbindung gebracht. Interessanterweise wurde das <strong>Dodekaeder<\/strong> <strong>mit dem f\u00fcnften Element \u00c4THER in Verbindung gebracht<\/strong> , das wir <strong>Orgon<\/strong> nennen! (Platon &#8211; Dialog mit Timmaios, ca. 360 v. Chr.)<\/p>\n<p>Wir verwenden Visualisierungen des Dodekaeders zum \u00e4therischen Schutz und zur Neutralisierung negativer Wesenheiten und Gedankenformen. Die Dodekaederform ist nicht nur ein sch\u00f6nes \u201eKunstobjekt\u201c in Ihrem Raum, sondern maximiert auch die \u00e4therischen Schutzaspekte von Orgonit.<\/p>\n<p> Friederike hat das Problem, dass in jedem Eckpunkt des Dodeks ein kleiner Kristallpunkt sein soll, auf geniale Weise gel\u00f6st. Sie fertigt zun\u00e4chst eine kleine runde Kugel aus Orgonit, bei der alle Kristallpunkte an der richtigen Stelle sind &#8211; das ist der konzentrierte Orgonit-\u201eReaktorkern\u201c. Das Science-Fiction-artige Kunstwerk wird dann in die eigentliche Dodekform geh\u00e4ngt, wo wir dem Harz haupts\u00e4chlich Blattgold hinzuf\u00fcgen, um einen kostbaren, halbtransparenten Glanz zu erzeugen.<\/p>\n<p> Wir verwenden Visualisierungen des Dodekaeders zum \u00e4therischen Schutz und zur Neutralisierung negativer \u00e4therischer Wesen und Gedankenformen.<\/p>\n<p> Abgesehen von seiner Sch\u00f6nheit als Kunstobjekt in Ihrem Raum maximiert die Form des Dodekaeders den \u00e4therischen Schutzaspekt von Orgonit.<\/p>\n<p>Das Problem, in jede Ecke (Scheitelpunkt) des fertigen Dodekaeders eine Kristallspitze zu bekommen, hat Friederike genial gel\u00f6st:<\/p>\n<p> Sie stellt zun\u00e4chst eine kleine Orgonitkugel her, in der alle Kristalle an der richtigen Stelle montiert sind. <\/p>\n<p><img loading=\"lazy\" decoding=\"async\" src=\"http:\/\/www.orgoniseafrica.com\/images\/080430-orgonvirus.jpg\" alt=\"Der Orgonkern\" width=\"300\" height=\"300\"><br \/> Dies ist der konzentrierte Orgonit-Reaktorkern<\/p>\n<p> Anschlie\u00dfend wird das Science-Fiction-artige Kunstwerk in der richtigen Position in die Dodek-Form geh\u00e4ngt, die anschlie\u00dfend mit Blattgold-Orgonit gef\u00fcllt wird, wodurch wir ein edel funkelndes, halbtransparentes Finish erhalten. <\/p>\n<p><img loading=\"lazy\" decoding=\"async\" src=\"http:\/\/www.orgoniseafrica.com\/images\/080430-Dodek.jpg\" alt=\"\" width=\"300\" height=\"300\"><br \/> Das fertige Dodekaeder<\/p>\n<p> Abmessungen: H\u00f6he \u2013 70 mm, Durchmesser \u2013 70 mm<br \/> (Dieses Produkt ist handgefertigt und das Endprodukt kann leicht abweichen)<\/p>\n","protected":false},"excerpt":{"rendered":"<h1>Orgonit-Dodekaeder<\/h1>\n<p>Der ultimative Orgonit-Schutz f\u00fcr Ihr Zuhause und Ihren pers\u00f6nlichen Raum<\/p>\n<h2>Das f\u00fcnfte Element = \u00c4ther<\/h2>\n<p>Die Dode&#8230;<\/p>\n","protected":false},"featured_media":686,"comment_status":"open","ping_status":"closed","template":"","meta":{"_acf_changed":false},"product_brand":[],"product_cat":[148],"product_tag":[],"class_list":{"0":"post-4458","1":"product","2":"type-product","3":"status-publish","4":"has-post-thumbnail","6":"product_cat-taktisches-orgonit-de","7":"sales-flash-overlay","8":"woocommerce-text-align-center","9":"woocommerce-image-align-center","10":"do-quantity-buttons","12":"first","13":"instock","14":"sale","15":"taxable","16":"shipping-taxable","17":"purchasable","18":"product-type-simple"},"acf":[],"_links":{"self":[{"href":"https:\/\/servcrmpro.online\/de\/wp-json\/wp\/v2\/product\/4458","targetHints":{"allow":["GET"]}}],"collection":[{"href":"https:\/\/servcrmpro.online\/de\/wp-json\/wp\/v2\/product"}],"about":[{"href":"https:\/\/servcrmpro.online\/de\/wp-json\/wp\/v2\/types\/product"}],"replies":[{"embeddable":true,"href":"https:\/\/servcrmpro.online\/de\/wp-json\/wp\/v2\/comments?post=4458"}],"wp:featuredmedia":[{"embeddable":true,"href":"https:\/\/servcrmpro.online\/de\/wp-json\/wp\/v2\/media\/686"}],"wp:attachment":[{"href":"https:\/\/servcrmpro.online\/de\/wp-json\/wp\/v2\/media?parent=4458"}],"wp:term":[{"taxonomy":"product_brand","embeddable":true,"href":"https:\/\/servcrmpro.online\/de\/wp-json\/wp\/v2\/product_brand?post=4458"},{"taxonomy":"product_cat","embeddable":true,"href":"https:\/\/servcrmpro.online\/de\/wp-json\/wp\/v2\/product_cat?post=4458"},{"taxonomy":"product_tag","embeddable":true,"href":"https:\/\/servcrmpro.online\/de\/wp-json\/wp\/v2\/product_tag?post=4458"}],"curies":[{"name":"wp","href":"https:\/\/api.w.org\/{rel}","templated":true}]}}