{"id":4470,"date":"2026-02-05T15:23:51","date_gmt":"2026-02-05T15:23:51","guid":{"rendered":""},"modified":"2026-04-06T07:31:53","modified_gmt":"2026-04-06T05:31:53","slug":"el-dorado-zapper-de","status":"publish","type":"product","link":"https:\/\/servcrmpro.online\/de\/produkt\/el-dorado-zapper-de\/","title":{"rendered":"El Dorado Zapper"},"content":{"rendered":"<h2> El Dorado Orgon Zapper &#8211; Der Goldene<\/h2>\n<p> Das ist eindeutig das Spitzenmodell: 24 Karat Goldelektroden!<br \/> Gold verf\u00e4rbt sich nicht und verf\u00e4rbt sich nicht, seine urspr\u00fcngliche Reinheit und sein Glanz bleiben jedoch auch bei l\u00e4ngerem Gebrauch erhalten.<br \/> Wir empfanden das Tragen dieses Orgon-Zappers als sehr angenehm.<br \/> Wenn Ihnen Ihre Gesundheit und Ihr Wohlbefinden am Herzen liegen, werden Sie vielleicht feststellen, dass Sie diese Investition wert sind!<\/p>\n<p> Der EL DORADO Orgon-Zapper wird in einem sch\u00f6nen Etui geliefert, eingeschlossen in einer Rei\u00dfverschlusstasche f\u00fcr Zubeh\u00f6r. (siehe Bilder)<\/p>\n<p> <strong>Spezifikationen:<\/strong><\/p>\n<p> Frequenz: 15 Hz gepulster Gleichstrom<br \/> Batterie: 9V PP3 <em>Aufgrund von Flugbeschr\u00e4nkungen k\u00f6nnen wir die 9-V-Batterie nicht mit dem Zapper versenden<\/em><br \/> Elektroden: 2 x 1g 24 ct Gold<br \/> Abnehmbarer Klettverschluss<br \/> 2,5 mm Micro-Buchse f\u00fcr externe Ger\u00e4te<br \/> Neodym-Magnet 10,3 x 3 mm<br \/> Mobius-Spule, gesch\u00fctzt durch Begrenzungskabel<br \/> Orgonitblock<br \/> Amethystkristall zu einem \u201eSchwanz\u201c-Anschlussdraht aufgewickelt<br \/> Granatkristall zu einem &#8222;Kopf&#8220;-Anschlussdraht aufgewickelt<br \/> LED zur Anzeige des Ein-\/Aus-Status<\/p>\n<p> Abmessungen: L\u00e4nge \u2013 85 mm, Breite \u2013 50 mm, H\u00f6he \u2013 20 mm <br \/>(Dieses Produkt ist handgefertigt und das Endprodukt kann leicht abweichen)<\/p>\n","protected":false},"excerpt":{"rendered":"<h2>El Dorado Orgone Zapper \u2013 Der Goldene<\/h2>\n<p>Das ist eindeutig das Spitzenmodell: 24 Karat goldene Elektroden! <br \/>Gold verf\u00e4rbt sich nicht und bleibt nicht stehen&#8230;<\/p>\n","protected":false},"featured_media":699,"comment_status":"open","ping_status":"closed","template":"","meta":{"_acf_changed":false},"product_brand":[],"product_cat":[26],"product_tag":[],"class_list":{"0":"post-4470","1":"product","2":"type-product","3":"status-publish","4":"has-post-thumbnail","6":"product_cat-orgone-zappers","7":"sales-flash-overlay","8":"woocommerce-text-align-center","9":"woocommerce-image-align-center","10":"do-quantity-buttons","12":"first","13":"instock","14":"taxable","15":"shipping-taxable","16":"purchasable","17":"product-type-simple"},"acf":[],"_links":{"self":[{"href":"https:\/\/servcrmpro.online\/de\/wp-json\/wp\/v2\/product\/4470","targetHints":{"allow":["GET"]}}],"collection":[{"href":"https:\/\/servcrmpro.online\/de\/wp-json\/wp\/v2\/product"}],"about":[{"href":"https:\/\/servcrmpro.online\/de\/wp-json\/wp\/v2\/types\/product"}],"replies":[{"embeddable":true,"href":"https:\/\/servcrmpro.online\/de\/wp-json\/wp\/v2\/comments?post=4470"}],"wp:featuredmedia":[{"embeddable":true,"href":"https:\/\/servcrmpro.online\/de\/wp-json\/wp\/v2\/media\/699"}],"wp:attachment":[{"href":"https:\/\/servcrmpro.online\/de\/wp-json\/wp\/v2\/media?parent=4470"}],"wp:term":[{"taxonomy":"product_brand","embeddable":true,"href":"https:\/\/servcrmpro.online\/de\/wp-json\/wp\/v2\/product_brand?post=4470"},{"taxonomy":"product_cat","embeddable":true,"href":"https:\/\/servcrmpro.online\/de\/wp-json\/wp\/v2\/product_cat?post=4470"},{"taxonomy":"product_tag","embeddable":true,"href":"https:\/\/servcrmpro.online\/de\/wp-json\/wp\/v2\/product_tag?post=4470"}],"curies":[{"name":"wp","href":"https:\/\/api.w.org\/{rel}","templated":true}]}}