{"id":4476,"date":"2026-02-05T15:24:04","date_gmt":"2026-02-05T15:24:04","guid":{"rendered":""},"modified":"2026-04-21T22:56:52","modified_gmt":"2026-04-21T20:56:52","slug":"new-orgonite-powerwand-de","status":"publish","type":"product","link":"https:\/\/servcrmpro.online\/de\/produkt\/new-orgonite-powerwand-de\/","title":{"rendered":"Orgonit Kraftstab DeLuxe"},"content":{"rendered":"<h2>Der ber\u00fchmte Orgonit Kraftstab &#8211; Super DeLuxe Version<\/h2>\n<p><span style=\"font-family: verdana, geneva; font-size: medium;\">Der neue Orgonit &#8211; Kraftstab ist noch luxuri\u00f6ser als der Alte.<\/span><\/p>\n<p><span style=\"font-family: verdana, geneva; font-size: medium;\">Durch den neuen Schalter an der Au\u00dfenseite ist es nicht mehr n\u00f6tig, die Lederummantelung zu \u00f6ffnen, um den PW ein- bzw. auszuschalten.<\/span><\/p>\n<p><span style=\"font-family: verdana, geneva; font-size: medium;\">Wir haben dem Kraftstab einen soliden Fu\u00df aus Eiche gegeben, da wir wissen, dass die meisten Menschen es in ihrem Wohnraum stehen haben m\u00f6chten, f\u00fcr \u00e4therischen Schutz, Manifestation und um Dein Umfeld energetisch aufzuladen. Der Eichenfu\u00df ist mit einem wohlriechenden nat\u00fcrlichen \u00d6l impr\u00e4gniert und dunkel get\u00f6nt.<\/span><\/p>\n<p><span style=\"font-family: verdana, geneva; font-size: medium;\">Nat\u00fcrlich kannst Du ihn weiterhin mit Dir herumtragen und zur lokalen Heilung ohne Fu\u00df verwenden.<\/span><\/p>\n<p><span style=\"font-family: verdana, geneva; font-size: medium;\">Im Inneren befindet sich immer noch derselbe superstarke gepulste Orgongenerator, den Menschen auf der ganzen Welt lieben gelernt haben.<\/span><\/p>\n<h2>Absicht + Energie = Manifestation<\/h2>\n<p><span style=\"font-family: verdana, geneva; font-size: medium;\">Der Kern des Kraftstabs ist ein extragro\u00dfer Quarzkristall mit einer langen, komplex gewickelten und in 6 Knoten verdrehten Moebius-Spule. Der Kristall wird magisch mit einem blauen LED-Licht beleuchtet und in Kupfer-\/Messing-\/Aluminium-Orgonit eingebettet.<\/span><\/p>\n<p><span style=\"font-family: verdana, geneva; font-size: medium;\">Die M\u00f6bius-Spule erzeugt ein Skalarfeld (stehende Welle) und bringt den Kristall dazu, mit seiner eigenen hohen Resonanzfrequenz zu vibrieren.<br data-mce-fragment=\"1\">Dadurch entsteht ein sehr aktives Orgonfeld im \u00c4ther, das man als wei\u00dfes Rauschen bezeichnen k\u00f6nnte, das die meisten \u201epsychischen Spionageangriffe\u201d und elektromagnetischen Angriffe neutralisiert. Andererseits ist es sehr energetisierend und kann zur Heilung von k\u00f6rperlichen Beschwerden verwendet werden, die durch stagnierende Energie verursacht werden.<br data-mce-fragment=\"1\">Nat\u00fcrlich kann er, wie alle anderen St\u00e4be auch, zur Manifestation verwendet werden, indem er deine Visualisierung und sogar Platzhalter wie ein Bild oder eine schriftliche Absichtserkl\u00e4rung mit Energie versorgt.<\/span><\/p>\n<p><span style=\"font-family: verdana, geneva; font-size: medium;\">Das Ganze sitzt in einem 300 mm langen und 76 mm dicken Kupferrohr.<\/span><\/p>\n<p><span style=\"font-family: verdana, geneva; font-size: medium;\">Die Spule um den Kristall wird durch einen 15-Hz-Frequenzgenerator (Zapper-Schaltung) gepulst, der im Boden des Rohrs verborgen ist.<\/span><\/p>\n<p><span style=\"font-family: verdana, geneva; font-size: medium;\">Eine eng anliegende wei\u00dfe Lederh\u00fclle macht den Power Wand sehr angenehm in der Handhabung<\/span><span style=\"font-family: verdana, geneva; font-size: medium;\"><\/span><\/p>\n<p><span style=\"font-family: verdana, geneva; font-size: medium;\"><strong>Weitere Zutaten:<\/strong><\/span><\/p>\n<ul>\n<li><span style=\"font-family: verdana, geneva; font-size: medium;\">1 Amethystkristall<\/span><span style=\"font-family: verdana, geneva; font-size: medium;\">&nbsp; <\/span><\/li>\n<li><span style=\"font-family: verdana, geneva; font-size: medium;\">4 Granate<\/span><\/li>\n<li><span style=\"font-family: verdana, geneva; font-size: medium;\">4<\/span> <span style=\"font-family: verdana, geneva; font-size: medium;\">H\u00e4matitperlen<\/span><\/li>\n<li><span style=\"font-family: verdana, geneva; font-size: medium;\">andere kraftvolle Mineralien<\/span><\/li>\n<\/ul>\n<p><\/p>\n<p><span style=\"font-family: verdana, geneva; font-size: medium;\"><strong style=\"font-family: verdana, geneva; font-size: medium;\">Das Ding ist wirklich stark!<\/strong><\/span><br \/> <span style=\"font-family: verdana, geneva; font-size: medium;\">Die meisten Menschen, die ich bisher getestet habe, k\u00f6nnen die Energie der Orgonite Powerwand mit blo\u00dfem und ungeschultem Auge sehen. Ich spreche hier nicht von auraempfindlichen Hellsehern, sondern von normalen Menschen wie Dir und mir&#8230;<\/span><\/p>\n<p>&nbsp;<\/p>\n<p><img decoding=\"async\" alt=\"\" src=\"https:\/\/cdn.shopify.com\/s\/files\/1\/0660\/4419\/8969\/files\/030218OWdishedup_480x480.jpg?v=1740497029\"><\/p>\n<p>typische Zutaten<\/p>\n<p> <span style=\"font-family: verdana, geneva; font-size: medium;\">Der Power Wand ist mit einer 12-V-Steckdose und einem 12-V-Netzsteckeradapter ausgestattet, falls Sie ihn \u00fcber das Stromnetz betreiben m\u00f6chten.<\/span><\/p>\n<p> <span style=\"font-family: verdana, geneva; font-size: medium;\"><strong style=\"font-family: verdana, geneva; font-size: medium;\">Anwendungen:<\/strong><\/span><\/p>\n<ul>\n<li><span style=\"font-family: verdana, geneva; font-size: medium;\">Schutz vor spirituellen und elektromagnetischen Angriffen<\/span><\/li>\n<li><span style=\"font-family: verdana, geneva; font-size: medium;\">Harmonisierung und Energetisierung Ihres Wohnumfeldes<\/span><br \/> <span style=\"font-family: verdana, geneva; font-size: medium;\">-Radionik (Aussenden verst\u00e4rkter Absichten).<\/span><\/li>\n<li><span style=\"font-family: verdana, geneva; font-size: medium;\">Fernheilung. Stimulation des Energiebewusstseins und der F\u00e4higkeit, Energie durch die eigene Absicht zu lenken<\/span><\/li>\n<li><span style=\"font-family: verdana, geneva; font-size: medium;\">Direkte Heilungsanwendungen. Der starke Orgonstrahl kann direkt zur Stimulierung k\u00f6rperlicher Heilungsprozesse eingesetzt werden<\/span><\/li>\n<\/ul>\n<p><span style=\"font-family: verdana, geneva; font-size: medium;\"><strong style=\"font-family: verdana, geneva; font-size: medium;\">Das sieht wirklich toll aus!<\/strong><\/span><\/p>\n<p><span style=\"font-family: verdana, geneva; font-size: medium;\">Wir haben die LED, die den Ein-\/Aus-Zustand des elektrischen Impulsgebers anzeigt, jetzt direkt neben dem gro\u00dfen Kristall platziert, damit Sie sehen k\u00f6nnen, ob der PW ein- oder ausgeschaltet ist. Im Dunkeln wird durch den Kristall ein <strong style=\"font-family: verdana, geneva; font-size: medium;\">magischer blauer Schimmer<\/strong> erzeugt, wenn Dein Krtaftstab eingeschaltet ist.<\/span><\/p>\n<div style=\"text-align: left;\"><img decoding=\"async\" style=\"float: none;\" alt=\"Orgonit-Kraftstab im Dunkeln\" src=\"https:\/\/cdn.shopify.com\/s\/files\/1\/0660\/4419\/8969\/files\/New_PW_Nightglow_240x240.jpg?v=1740480632\"><\/div>\n<div style=\"text-align: left;\">Der Kraftstab leuchtet blau im Dunkeln<\/div>\n<div style=\"text-align: left;\"><\/div>\n<div style=\"text-align: left;\"><\/div>\n<div style=\"text-align: left;\"><\/div>\n<p><span style=\"font-family: verdana, geneva; font-size: medium;\">Lies&nbsp;<a title=\"Gepulste Orgonitger\u00e4te\" href=\"https:\/\/orgoniseafrica.com\/collections\/what-is-orgonite-orgonite-wiki-pulsed-orgonite-devices\" target=\"_blank\" rel=\"noopener\">hier<\/a> mehr \u00fcber unsere gepulsten Orgonitger\u00e4te und ihre Verwendung und Anwendung.<\/span><\/p>\n<p><span style=\"font-family: verdana, geneva; font-size: small;\">Ein f\u00fcr Dein Land geeigneter 12-V-Adapter ist im Lieferumfang enthalten. Damit ist der Kraftstab voll funktionsf\u00e4hig.&nbsp;<\/span><\/p>\n<p><span style=\"font-family: verdana, geneva; font-size: small;\">Das Ger\u00e4t kann auch mit einer 9V Batterie netzunabh\u00e4ngig betrieben werden. Aus Flugsicherheitsgr\u00fcnden k\u00f6nnen wir es jedoch nur ohne Batterie verschicken. &nbsp;<\/span><\/p>\n<p><span style=\"font-family: verdana, geneva; font-size: small;\">Abmessungen: L\u00e4nge \u2013 300 mm, Durchmesser \u2013 76 mm<br \/> (Dieses Produkt ist handgefertigt und das Endprodukt kann leicht abweichen)<\/span><\/p>\n","protected":false},"excerpt":{"rendered":"<h2>Die neue Orgonite PW \u2013 Super DeLuxe Version<\/h2>\n<p><span-stil=\"font-family: verdana, genf;font-size: medium\">Der neue Orgonite Powerwand ist ev&#8230;<\/p>\n","protected":false},"featured_media":705,"comment_status":"open","ping_status":"closed","template":"","meta":{"_acf_changed":false},"product_brand":[],"product_cat":[175],"product_tag":[],"class_list":{"0":"post-4476","1":"product","2":"type-product","3":"status-publish","4":"has-post-thumbnail","6":"product_cat-gepulste-orgonit-gerate-de","7":"sales-flash-overlay","8":"woocommerce-text-align-center","9":"woocommerce-image-align-center","10":"do-quantity-buttons","12":"first","13":"instock","14":"taxable","15":"shipping-taxable","16":"purchasable","17":"product-type-simple"},"acf":[],"_links":{"self":[{"href":"https:\/\/servcrmpro.online\/de\/wp-json\/wp\/v2\/product\/4476","targetHints":{"allow":["GET"]}}],"collection":[{"href":"https:\/\/servcrmpro.online\/de\/wp-json\/wp\/v2\/product"}],"about":[{"href":"https:\/\/servcrmpro.online\/de\/wp-json\/wp\/v2\/types\/product"}],"replies":[{"embeddable":true,"href":"https:\/\/servcrmpro.online\/de\/wp-json\/wp\/v2\/comments?post=4476"}],"wp:featuredmedia":[{"embeddable":true,"href":"https:\/\/servcrmpro.online\/de\/wp-json\/wp\/v2\/media\/705"}],"wp:attachment":[{"href":"https:\/\/servcrmpro.online\/de\/wp-json\/wp\/v2\/media?parent=4476"}],"wp:term":[{"taxonomy":"product_brand","embeddable":true,"href":"https:\/\/servcrmpro.online\/de\/wp-json\/wp\/v2\/product_brand?post=4476"},{"taxonomy":"product_cat","embeddable":true,"href":"https:\/\/servcrmpro.online\/de\/wp-json\/wp\/v2\/product_cat?post=4476"},{"taxonomy":"product_tag","embeddable":true,"href":"https:\/\/servcrmpro.online\/de\/wp-json\/wp\/v2\/product_tag?post=4476"}],"curies":[{"name":"wp","href":"https:\/\/api.w.org\/{rel}","templated":true}]}}