{"id":4485,"date":"2026-02-05T15:24:18","date_gmt":"2026-02-05T15:24:18","guid":{"rendered":""},"modified":"2026-04-21T22:56:52","modified_gmt":"2026-04-21T20:56:52","slug":"midi-orgonite-power-wand-de","status":"publish","type":"product","link":"https:\/\/servcrmpro.online\/de\/produkt\/midi-orgonite-power-wand-de\/","title":{"rendered":"Midi Orgonit Kraftstab"},"content":{"rendered":"<h2><span style=\"font-family: verdana, geneva; font-size: medium;\">Der neue mittelgro\u00dfe Kraftstab<\/span><\/h2>\n<p><span style=\"font-family: verdana, geneva; font-size: medium;\">Man k\u00f6nnte auch sagen &#8222;genau richtig gro\u00df&#8220;&#8230;<\/span><\/p>\n<p><span style=\"font-family: verdana, geneva; font-size: medium;\">Viel gr\u00f6\u00dfer und st\u00e4rker als die Mini-Wands, aber dennoch leicht zu transportieren und f\u00fcr lokale Heilungsanwendungen geeignet.<\/span><\/p>\n<p><span style=\"font-family: verdana, geneva; font-size: medium;\">Das Konzept ist dem gro\u00dfen Power Wand sehr \u00e4hnlich.<\/span><\/p>\n<p><span style=\"font-family: verdana, geneva; font-size: medium;\">Der Kern des Power Wand ist ein gro\u00dfer Quarzkristall, der von einer langen M\u00f6bius-Spirale umwickelt und zu sechs Knoten verdreht ist.<\/span><\/p>\n<p><span style=\"font-family: verdana, geneva; font-size: medium;\">Die M\u00f6bius-Spule erzeugt ein Skalarfeld (stehende Welle) und bringt den Kristall dazu, in seiner eigenen hohen Resonanzfrequenz zu schwingen.<br data-mce-fragment=\"1\"><\/span><\/p>\n<p><span style=\"font-family: verdana, geneva; font-size: medium;\">Dadurch entsteht ein sehr aktives Orgonfeld im \u00c4ther, das man als wei\u00dfes Rauschen bezeichnen k\u00f6nnte, das die meisten \u201epsychischen Spionageangriffe\u201d und elektromagnetischen Angriffe neutralisiert. <\/span><\/p>\n<p><span style=\"font-family: verdana, geneva; font-size: medium;\">Andererseits ist es sehr energetisierend und kann zur Heilung von k\u00f6rperlichen Beschwerden verwendet werden, die durch stagnierende Energie verursacht werden.<br data-mce-fragment=\"1\"><\/span><\/p>\n<p><span style=\"font-family: verdana, geneva; font-size: medium;\">Nat\u00fcrlich kann er, wie alle anderen St\u00e4be auch, zur Manifestation verwendet werden, indem er deine Visualisierung mit Energie versorgt. Statt dieser eher meditativen Folrm der Manifestation, kann auch ein Platzhalter, z.B. ein Bild oder eine schriftliche Erkl\u00e4rung deiner Intention energiesiert werden.&nbsp; &nbsp;<\/span><\/p>\n<p><span style=\"font-family: verdana, geneva; font-size: medium;\">Der Kristall wird auf magische Weise mit einem blauen LED-Licht beleuchtet und ist in Kupfer\/Messing\/Aluminium-Orgonit eingebettet.<\/span><\/p>\n<p><span style=\"font-family: verdana, geneva; font-size: medium;\">Das Ganze befindet sich in einem Kupferrohr mit einer L\u00e4nge von 220 mm und einem Durchmesser von 54 mm.<\/span><\/p>\n<p><span style=\"font-family: verdana, geneva; font-size: medium;\">Die Spirale um den Kristall wird von einem 15-Hz-Frequenzgenerator (Zapper-Schaltung) angeregt, der im Boden des Rohrs versteckt ist.<\/span><\/p>\n<p><span style=\"font-family: verdana, geneva; font-size: medium;\">Eine passgenaue gelbe Lederh\u00fclle macht den Power Wand sehr angenehm in der Handhabung und elegant im Aussehen.<\/span><\/p>\n<p><span style=\"font-family: verdana, geneva; font-size: medium;\">Der Fu\u00df ist eine matt sandgestrahlte Kupferkappe.<\/span><\/p>\n<p><span style=\"font-family: verdana, geneva; font-size: medium;\"><strong>Weitere Zutaten:<\/strong><\/span><\/p>\n<ul>\n<li><span style=\"font-family: verdana, geneva; font-size: medium;\">1 Amethystkristall<\/span><span style=\"font-family: verdana, geneva; font-size: medium;\">&nbsp; <\/span><\/li>\n<li><span style=\"font-family: verdana, geneva; font-size: medium;\">4 Granate<\/span><\/li>\n<li><span style=\"font-family: verdana, geneva; font-size: medium;\">4<\/span> <span style=\"font-family: verdana, geneva; font-size: medium;\">H\u00e4matitperlen<\/span><\/li>\n<li><span style=\"font-family: verdana, geneva; font-size: medium;\">andere kraftvolle Mineralien<\/span><\/li>\n<\/ul>\n<p><\/p>\n<p><span style=\"font-family: verdana, geneva; font-size: medium;\"><strong style=\"font-family: verdana, geneva; font-size: medium;\">Das Ding ist wirklich stark!<\/strong><\/span><br \/> <span style=\"font-family: verdana, geneva; font-size: medium;\">Die meisten Menschen, die ich bisher getestet habe, k\u00f6nnen die Energie der Orgonite Powerwand mit blo\u00dfem und ungeschultem Auge sehen. Ich spreche hier nicht von auraempfindlichen Hellsehern, sondern von normalen Menschen wie Dir und mir&#8230;<\/span><\/p>\n<p>&nbsp;<\/p>\n<p><img decoding=\"async\" src=\"https:\/\/cdn.shopify.com\/s\/files\/1\/0660\/4419\/8969\/files\/030218OWdishedup_480x480.jpg?v=1740497029\" alt=\"\"><\/p>\n<p>typische Zutaten<\/p>\n<p> <span style=\"font-family: verdana, geneva; font-size: medium;\">Der Power Wand ist mit einer 12-V-Steckdose und einem 12-V-Netzsteckeradapter ausgestattet, falls Sie ihn \u00fcber das Stromnetz betreiben m\u00f6chten.<\/span><\/p>\n<p> <span style=\"font-family: verdana, geneva; font-size: medium;\"><strong style=\"font-family: verdana, geneva; font-size: medium;\">Anwendungen:<\/strong><\/span><\/p>\n<ul>\n<li><span style=\"font-family: verdana, geneva; font-size: medium;\">Schutz vor spirituellen und elektromagnetischen Angriffen<\/span><\/li>\n<li><span style=\"font-family: verdana, geneva; font-size: medium;\">Harmonisierung und Energetisierung Ihres Wohnumfeldes<\/span><br \/> <span style=\"font-family: verdana, geneva; font-size: medium;\">-Radionik (Aussenden verst\u00e4rkter Absichten).<\/span><\/li>\n<li><span style=\"font-family: verdana, geneva; font-size: medium;\">Fernheilung. Stimulation des Energiebewusstseins und der F\u00e4higkeit, Energie durch die eigene Absicht zu lenken<\/span><\/li>\n<li><span style=\"font-family: verdana, geneva; font-size: medium;\">Direkte Heilungsanwendungen. Der starke Orgonstrahl kann direkt zur Stimulierung k\u00f6rperlicher Heilungsprozesse eingesetzt werden<\/span><\/li>\n<\/ul>\n<p><span style=\"font-family: verdana, geneva; font-size: medium;\"><strong style=\"font-family: verdana, geneva; font-size: medium;\">Das sieht wirklich toll aus!<\/strong><\/span><\/p>\n<p><span style=\"font-family: verdana, geneva; font-size: medium;\">Wir haben die LED, die den Ein-\/Aus-Zustand des elektrischen Impulsgebers anzeigt, jetzt direkt neben dem gro\u00dfen Kristall platziert, damit Sie sehen k\u00f6nnen, ob der PW ein- oder ausgeschaltet ist. Im Dunkeln wird durch den Kristall ein <strong style=\"font-family: verdana, geneva; font-size: medium;\">magischer blauer Schimmer<\/strong> erzeugt, wenn Dein Krtaftstab eingeschaltet ist.<\/span><\/p>\n<p><img decoding=\"async\" src=\"https:\/\/cdn.shopify.com\/s\/files\/1\/0660\/4419\/8969\/files\/MidiPW_nightglow_480x480.jpg?v=1754990864\" alt=\"\" data-mce-fragment=\"1\" data-mce-src=\"https:\/\/cdn.shopify.com\/s\/files\/1\/0660\/4419\/8969\/files\/MidiPW_nightglow_480x480.jpg?v=1754990864\"><\/p>\n<div style=\"text-align: left;\"><\/div>\n<div style=\"text-align: left;\">Der Kraftstab leuchtet blau im Dunkeln<\/div>\n<div style=\"text-align: left;\"><\/div>\n<div style=\"text-align: left;\"><\/div>\n<div style=\"text-align: left;\"><\/div>\n<div style=\"text-align: left;\"><\/div>\n<p><span style=\"font-family: verdana, geneva; font-size: medium;\">Lies&nbsp;<a href=\"https:\/\/orgoniseafrica.com\/collections\/what-is-orgonite-orgonite-wiki-pulsed-orgonite-devices\" title=\"Gepulste Orgonitger\u00e4te\" target=\"_blank\" rel=\"noopener\">hier<\/a> mehr \u00fcber unsere gepulsten Orgonitger\u00e4te und ihre Verwendung und Anwendung.<\/span><\/p>\n<p><span style=\"font-family: verdana, geneva; font-size: small;\">Ein f\u00fcr Dein Land geeigneter 12-V-Adapter ist im Lieferumfang enthalten. Damit ist der Kraftstab voll funktionsf\u00e4hig.&nbsp;<\/span><\/p>\n<p><span style=\"font-family: verdana, geneva; font-size: small;\">Das Ger\u00e4t kann auch mit einer 9V Batterie netzunabh\u00e4ngig betrieben werden. Aus Flugsicherheitsgr\u00fcnden k\u00f6nnen wir es jedoch nur ohne Batterie verschicken. &nbsp;<\/span><\/p>\n<p><span style=\"font-family: verdana, geneva; font-size: small;\">Abmessungen: L\u00e4nge \u2013 220mm, Durchmesser \u2013 54mm<br \/> (Dieses Produkt ist handgefertigt und das Endprodukt kann leicht abweichen)<\/span><\/p>\n","protected":false},"excerpt":{"rendered":"<h2>Der neue mittelgro\u00dfe Energiestab<\/h2>\n<p><Spann Stil=\"Schriftart-Familie: Verdana, Genf;Schriftgr\u00f6\u00dfe: Mittel\">Man k\u00f6nnte auch &#8222;richtige Gr\u00f6\u00dfe&#8220; sagen&#8230; <\/span>&#8230;<\/p>\n","protected":false},"featured_media":713,"comment_status":"open","ping_status":"closed","template":"","meta":{"_acf_changed":false},"product_brand":[],"product_cat":[175],"product_tag":[],"class_list":{"0":"post-4485","1":"product","2":"type-product","3":"status-publish","4":"has-post-thumbnail","6":"product_cat-gepulste-orgonit-gerate-de","7":"sales-flash-overlay","8":"woocommerce-text-align-center","9":"woocommerce-image-align-center","10":"do-quantity-buttons","12":"first","13":"instock","14":"taxable","15":"shipping-taxable","16":"purchasable","17":"product-type-simple"},"acf":[],"_links":{"self":[{"href":"https:\/\/servcrmpro.online\/de\/wp-json\/wp\/v2\/product\/4485","targetHints":{"allow":["GET"]}}],"collection":[{"href":"https:\/\/servcrmpro.online\/de\/wp-json\/wp\/v2\/product"}],"about":[{"href":"https:\/\/servcrmpro.online\/de\/wp-json\/wp\/v2\/types\/product"}],"replies":[{"embeddable":true,"href":"https:\/\/servcrmpro.online\/de\/wp-json\/wp\/v2\/comments?post=4485"}],"wp:featuredmedia":[{"embeddable":true,"href":"https:\/\/servcrmpro.online\/de\/wp-json\/wp\/v2\/media\/713"}],"wp:attachment":[{"href":"https:\/\/servcrmpro.online\/de\/wp-json\/wp\/v2\/media?parent=4485"}],"wp:term":[{"taxonomy":"product_brand","embeddable":true,"href":"https:\/\/servcrmpro.online\/de\/wp-json\/wp\/v2\/product_brand?post=4485"},{"taxonomy":"product_cat","embeddable":true,"href":"https:\/\/servcrmpro.online\/de\/wp-json\/wp\/v2\/product_cat?post=4485"},{"taxonomy":"product_tag","embeddable":true,"href":"https:\/\/servcrmpro.online\/de\/wp-json\/wp\/v2\/product_tag?post=4485"}],"curies":[{"name":"wp","href":"https:\/\/api.w.org\/{rel}","templated":true}]}}