{"id":4494,"date":"2026-02-05T15:24:33","date_gmt":"2026-02-05T15:24:33","guid":{"rendered":""},"modified":"2026-04-06T07:31:54","modified_gmt":"2026-04-06T05:31:54","slug":"silver-and-shungite-bundle-1-de","status":"publish","type":"product","link":"https:\/\/servcrmpro.online\/de\/produkt\/silver-and-shungite-bundle-1-de\/","title":{"rendered":"Silber- und Shungite-B\u00fcndel"},"content":{"rendered":"<p><strong>Unser Silber- und Shungit-Set<\/strong><\/p>\n<p>Genie\u00dfen Sie unser neues Sortiment an Silber- und Shungit-Produkten auf einen Schlag. Silber und Shungit sind kraftvolle sch\u00fctzende und kl\u00e4rende Komponenten. Silber hat antivirale, antibakterielle und antimykotische Wirkungen, spiegelt Weiblichkeit wider und verst\u00e4rkt die Schwingung aller Edelsteine, mit denen es kombiniert wird. Shungit ist ein kraftvoller EMF-Schutzstein aus Russland und wird auch zur Entgiftung verwendet. Er f\u00f6rdert Klarheit und pers\u00f6nliche Kraft.<\/p>\n<p><em>Der Preis dieses Pakets ist so berechnet, dass Sie 15 % Rabatt auf unser Silber- &amp; Shungit-Orgonit erhalten, verglichen mit dem separaten Kauf der einzelnen Artikel.<\/em><\/p>\n<p><strong>Dieses Paket enth\u00e4lt:<\/strong><\/p>\n<p><strong>&#8211; Silber- und Shungit-Pyramide: <\/strong>Diese wundersch\u00f6ne Pyramide belebt Ihren Wohnraum und sorgt f\u00fcr Klarheit, Verbundenheit und die Losl\u00f6sung von alten, toxischen Mustern und Beziehungen in Ihrem Leben.<\/p>\n<p><strong>&#8211; Silber- und Shungit-Anh\u00e4nger: <\/strong>Der Silber- und Shungit-Anh\u00e4nger ist ein starker Schutz, den Sie t\u00e4glich bei sich tragen k\u00f6nnen. Er sch\u00fctzt nicht nur vor EMF, sondern auch vor anderen negativen Strahlungsquellen, psychischen St\u00f6rungen oder kosmischen Einfl\u00fcssen.<\/p>\n<p><strong>&#8211; Silber- und Shungit-Buster: <\/strong>Diese praktischen kleinen Buster sind viel luxuri\u00f6ser als unsere klassischen Towerbuster. Sie sind als Dekoration gedacht und sch\u00fctzen Ihren Raum vor EMF, w\u00e4hrend sie Klarheit und Vitalit\u00e4t schenken.<\/p>\n<p><strong>&#8211; Shungit-Orgonit-Ei:<\/strong> Kraftvoll, um es beim Meditieren in der Hand zu halten oder einfach bei sich zu tragen. Ich finde es schwer, meins aus der Hand zu legen&#8230;<\/p>\n","protected":false},"excerpt":{"rendered":"<p><strong>Unser Silber- und Shungite-B\u00fcndel<\/strong><\/p>\n<p>Genie\u00dfen Sie unsere neue Kollektion von Silber- und Shungite-Produkten auf einmal. Silber und Shungite sind p&#8230;<\/p>\n","protected":false},"featured_media":720,"comment_status":"open","ping_status":"closed","template":"","meta":{"_acf_changed":false},"product_brand":[],"product_cat":[48,103],"product_tag":[],"class_list":{"0":"post-4494","1":"product","2":"type-product","3":"status-publish","4":"has-post-thumbnail","6":"product_cat-bundles-kits","7":"product_cat-silver-shungite","8":"sales-flash-overlay","9":"woocommerce-text-align-center","10":"woocommerce-image-align-center","11":"do-quantity-buttons","13":"first","14":"instock","15":"taxable","16":"shipping-taxable","17":"purchasable","18":"product-type-simple"},"acf":[],"_links":{"self":[{"href":"https:\/\/servcrmpro.online\/de\/wp-json\/wp\/v2\/product\/4494","targetHints":{"allow":["GET"]}}],"collection":[{"href":"https:\/\/servcrmpro.online\/de\/wp-json\/wp\/v2\/product"}],"about":[{"href":"https:\/\/servcrmpro.online\/de\/wp-json\/wp\/v2\/types\/product"}],"replies":[{"embeddable":true,"href":"https:\/\/servcrmpro.online\/de\/wp-json\/wp\/v2\/comments?post=4494"}],"wp:featuredmedia":[{"embeddable":true,"href":"https:\/\/servcrmpro.online\/de\/wp-json\/wp\/v2\/media\/720"}],"wp:attachment":[{"href":"https:\/\/servcrmpro.online\/de\/wp-json\/wp\/v2\/media?parent=4494"}],"wp:term":[{"taxonomy":"product_brand","embeddable":true,"href":"https:\/\/servcrmpro.online\/de\/wp-json\/wp\/v2\/product_brand?post=4494"},{"taxonomy":"product_cat","embeddable":true,"href":"https:\/\/servcrmpro.online\/de\/wp-json\/wp\/v2\/product_cat?post=4494"},{"taxonomy":"product_tag","embeddable":true,"href":"https:\/\/servcrmpro.online\/de\/wp-json\/wp\/v2\/product_tag?post=4494"}],"curies":[{"name":"wp","href":"https:\/\/api.w.org\/{rel}","templated":true}]}}