{"id":4497,"date":"2026-02-05T15:24:38","date_gmt":"2026-02-05T15:24:38","guid":{"rendered":""},"modified":"2026-04-06T07:31:54","modified_gmt":"2026-04-06T05:31:54","slug":"towerbuster-dirty-harry-de","status":"publish","type":"product","link":"https:\/\/servcrmpro.online\/de\/produkt\/towerbuster-dirty-harry-de\/","title":{"rendered":"Towerbuster Dirty Harry"},"content":{"rendered":"<p><strong><span style=\"font-family: verdana, geneva;font-size: medium\">Der Orgonit-Towerbuster \u201eDirty Harry\u201c ist das vielseitigste aller Orgonit-Ger\u00e4te.<\/span><\/strong><span style=\"font-family: verdana, geneva;font-size: medium\"> <\/span><\/p>\n<p><span style=\"font-family: verdana, geneva;font-size: medium\">Er ist das perfekte Orgonit-Werkzeug f\u00fcr Ihre Orgone-Gifting-Expeditionen oder jede andere Orgone-Heilungsanwendung im Freien, bei der \u201edas Aussehen keine Rolle spielt\u201c.<\/span><\/p>\n<p><span style=\"font-family: verdana, geneva;font-size: medium\">Ein einziger Orgonit-Towerbuster wie dieser kann ausreichen, um einen Mobilfunkmast von einem Sender t\u00f6dlicher Energie in einen Orgon-Generator umzuwandeln. Towerbuster k\u00f6nnen praktisch \u00fcberall zur Verbesserung der Energie eingesetzt werden. Wir haben damit Bauernh\u00f6fe umgeben, um den Ernteertrag und die Gesundheit der Tiere zu steigern, und sie in verschmutzte Fl\u00fcsse geworfen, um nur einige Anwendungsbeispiele zu nennen.<\/span><\/p>\n<p><span style=\"font-family: verdana, geneva;font-size: medium\">In unserem <a title=\"Where to Place Orgonite\" href=\"https:\/\/orgoniseafrica.com\/collections\/what-is-orgonite-orgonite-for-beginners-getting-started\" target=\"_blank\" rel=\"noopener\">Einsteigerleitfaden f\u00fcr Orgonit<\/a> finden Sie weitere Anregungen, wo Sie Ihre Orgonit-Towerbuster platzieren k\u00f6nnen.<\/span><\/p>\n<p><span style=\"font-family: verdana, geneva;font-size: medium\">Der ernsthafte Orgon-Verschenker kauft sie in gro\u00dfen Mengen und spart dabei viel \u2013 wir produzieren sie in gro\u00dfen Mengen und haben sie so g\u00fcnstig gemacht, dass man sie zu diesem Preis praktisch nicht selbst herstellen kann!<\/span><\/p>\n<p><span style=\"font-family: verdana, geneva;font-size: medium\">Farben: \u00fcberwiegend braun und gr\u00fcn zur Tarnung.<\/span><\/p>\n<p><span style=\"font-family: verdana, geneva;font-size: medium\">Bitte beachten Sie: Die Orgonit-\u201eDirty Harries\u201c sind die absolut rohe Variante der Towerbusters. Daher der Name \u201eDirty Harry\u201c. Sie sind dazu gedacht, <\/span><span style=\"font-family: verdana, geneva;font-size: medium\"><em>in gro\u00dfen Mengen<\/em> gekauft und verteilt zu werden. Sie sind nicht als Dekorationsobjekte gedacht! Rechnen Sie damit, dass Sp\u00e4ne herausragen und Ecken abgesplittert sind. All dies mindert ihre Kraft nicht im Geringsten.<\/span><\/p>\n<p><span style=\"font-family: verdana, geneva;font-size: medium\">Unsere glatten und farbenfrohen Towerbusters, die dazu gedacht sind, Ihr Zuhause zu schm\u00fccken, finden Sie zum Beispiel bei unseren <a title=\"Slick Jim Orgonite Towerbuster\" href=\"https:\/\/orgoniseafrica.com\/collections\/buy-orgonite-tactical-orgonite\/products\/orgonite-tb-slick-jim\" target=\"_blank\" rel=\"noopener\">\u201eSlick Jim\u201c Towerbusters<\/a>.<\/span><\/p>\n<p>Abmessungen: H\u00f6he \u2013 23 mm, Durchmesser \u2013 64 mm<br \/>(Dieses Produkt ist handgefertigt und das Endprodukt kann geringf\u00fcgig abweichen)<\/p>\n","protected":false},"excerpt":{"rendered":"<p><strong><spann stil=\"font-family: verdana, geneva;font-size: medium\">Der Orgonite Towerbuster &#8222;Dirty Harry&#8220; ist der vielseitigste aller Orgonite&#8230;<\/p>\n","protected":false},"featured_media":723,"comment_status":"open","ping_status":"closed","template":"","meta":{"_acf_changed":false},"product_brand":[],"product_cat":[157,148],"product_tag":[],"class_list":{"0":"post-4497","1":"product","2":"type-product","3":"status-publish","4":"has-post-thumbnail","6":"product_cat-bundel-kits-de","7":"product_cat-taktisches-orgonit-de","8":"sales-flash-overlay","9":"woocommerce-text-align-center","10":"woocommerce-image-align-center","11":"do-quantity-buttons","13":"first","14":"instock","15":"taxable","16":"shipping-taxable","17":"purchasable","18":"product-type-simple"},"acf":[],"_links":{"self":[{"href":"https:\/\/servcrmpro.online\/de\/wp-json\/wp\/v2\/product\/4497","targetHints":{"allow":["GET"]}}],"collection":[{"href":"https:\/\/servcrmpro.online\/de\/wp-json\/wp\/v2\/product"}],"about":[{"href":"https:\/\/servcrmpro.online\/de\/wp-json\/wp\/v2\/types\/product"}],"replies":[{"embeddable":true,"href":"https:\/\/servcrmpro.online\/de\/wp-json\/wp\/v2\/comments?post=4497"}],"wp:featuredmedia":[{"embeddable":true,"href":"https:\/\/servcrmpro.online\/de\/wp-json\/wp\/v2\/media\/723"}],"wp:attachment":[{"href":"https:\/\/servcrmpro.online\/de\/wp-json\/wp\/v2\/media?parent=4497"}],"wp:term":[{"taxonomy":"product_brand","embeddable":true,"href":"https:\/\/servcrmpro.online\/de\/wp-json\/wp\/v2\/product_brand?post=4497"},{"taxonomy":"product_cat","embeddable":true,"href":"https:\/\/servcrmpro.online\/de\/wp-json\/wp\/v2\/product_cat?post=4497"},{"taxonomy":"product_tag","embeddable":true,"href":"https:\/\/servcrmpro.online\/de\/wp-json\/wp\/v2\/product_tag?post=4497"}],"curies":[{"name":"wp","href":"https:\/\/api.w.org\/{rel}","templated":true}]}}