{"id":4503,"date":"2026-02-05T15:24:43","date_gmt":"2026-02-05T15:24:43","guid":{"rendered":""},"modified":"2026-04-06T07:31:54","modified_gmt":"2026-04-06T05:31:54","slug":"orgone-jet-set-bundle-de","status":"publish","type":"product","link":"https:\/\/servcrmpro.online\/de\/produkt\/orgone-jet-set-bundle-de\/","title":{"rendered":"Orgone-Jetset-Bundle"},"content":{"rendered":"<h3>Der wahre Orgone-Krieger reist mit leichtem Gep\u00e4ck!<\/h3>\n<p>Bevor du deinen n\u00e4chsten Urlaub an einem exotischen Reiseziel buchst (all diese Orte brauchen Gifting, und viele tropische Paradiese sind in Wahrheit H\u00f6llenl\u00f6cher, die von Angst beherrscht werden, sobald du von den ausgetretenen Touristenpfaden abkommst), stelle sicher, dass du das Jet-Set-Reisepaket bereit hast.<\/p>\n<p>Es nimmt etwa 6\u20137 kg in deinem Gep\u00e4ck ein, das ist so ziemlich der Platz, den du f\u00fcr all die Souvenirs brauchst, die du mit nach Hause nehmen m\u00f6chtest.<\/p>\n<p>30 TBs, 5 Earth Pipes, 3 HHGs und 5 kleine Dolphin Buster sollten an den Orten, die du besuchst, einen Unterschied machen.<\/p>\n<p>Nat\u00fcrlich kannst du dieses Sortiment an Orgonit-Generatoren auch in deiner Heimatstadt verwenden. Daran ist nichts auszusetzen. Der Preis<\/p>\n<p>f\u00fcr dieses <strong>Tactical-Orgonite-Paket<\/strong> ist <strong>15 % g\u00fcnstiger<\/strong> als der Kauf aller Komponenten einzeln.<\/p>\n","protected":false},"excerpt":{"rendered":"<h3>Der wahre Orgone-Krieger reist leicht!<\/h3>\n<p>Bevor du deinen n\u00e4chsten Urlaub an einem exotischen Ziel buchst (all diese Orte brauchen Geschenke und viele &#8230;<\/p>\n","protected":false},"featured_media":728,"comment_status":"open","ping_status":"closed","template":"","meta":{"_acf_changed":false},"product_brand":[],"product_cat":[48],"product_tag":[],"class_list":{"0":"post-4503","1":"product","2":"type-product","3":"status-publish","4":"has-post-thumbnail","6":"product_cat-bundles-kits","7":"sales-flash-overlay","8":"woocommerce-text-align-center","9":"woocommerce-image-align-center","10":"do-quantity-buttons","12":"first","13":"instock","14":"taxable","15":"shipping-taxable","16":"purchasable","17":"product-type-simple"},"acf":[],"_links":{"self":[{"href":"https:\/\/servcrmpro.online\/de\/wp-json\/wp\/v2\/product\/4503","targetHints":{"allow":["GET"]}}],"collection":[{"href":"https:\/\/servcrmpro.online\/de\/wp-json\/wp\/v2\/product"}],"about":[{"href":"https:\/\/servcrmpro.online\/de\/wp-json\/wp\/v2\/types\/product"}],"replies":[{"embeddable":true,"href":"https:\/\/servcrmpro.online\/de\/wp-json\/wp\/v2\/comments?post=4503"}],"wp:featuredmedia":[{"embeddable":true,"href":"https:\/\/servcrmpro.online\/de\/wp-json\/wp\/v2\/media\/728"}],"wp:attachment":[{"href":"https:\/\/servcrmpro.online\/de\/wp-json\/wp\/v2\/media?parent=4503"}],"wp:term":[{"taxonomy":"product_brand","embeddable":true,"href":"https:\/\/servcrmpro.online\/de\/wp-json\/wp\/v2\/product_brand?post=4503"},{"taxonomy":"product_cat","embeddable":true,"href":"https:\/\/servcrmpro.online\/de\/wp-json\/wp\/v2\/product_cat?post=4503"},{"taxonomy":"product_tag","embeddable":true,"href":"https:\/\/servcrmpro.online\/de\/wp-json\/wp\/v2\/product_tag?post=4503"}],"curies":[{"name":"wp","href":"https:\/\/api.w.org\/{rel}","templated":true}]}}