{"id":4506,"date":"2026-02-05T15:24:47","date_gmt":"2026-02-05T15:24:47","guid":{"rendered":""},"modified":"2026-04-06T07:31:54","modified_gmt":"2026-04-06T05:31:54","slug":"essential-orgonite-bundle-de","status":"publish","type":"product","link":"https:\/\/servcrmpro.online\/de\/produkt\/essential-orgonite-bundle-de\/","title":{"rendered":"Essenzielles Orgonit-B\u00fcndel"},"content":{"rendered":"<h1>Gib dich nicht mit weniger Orgonit zufrieden!<\/h1>\n<p>Schau dir meinen kleinen<a title=\"How to get started\" href=\"http:\/\/www.orgoniseafrica.com\/info\/orgonite\/orgonite-how-to-start.html\" rel=\"noopener\" target=\"_blank\"> Artikel hier<\/a> an, um einige grundlegende Empfehlungen zu erhalten, wie du mit der Orgonisierung deines Hauses und deiner unmittelbaren Umgebung beginnen kannst. Wir empfehlen dir, als erste Schutzma\u00dfnahme einen Orgonit-TB in jede Ecke deines Grundst\u00fccks zu platzieren. Bringe einen direkt an der Hauptwasserleitung an, wo diese in dein Haus f\u00fchrt oder sich im Au\u00dfenbereich befindet. Leitungswasser hat sich heutzutage als bedeutender Tr\u00e4ger negativer Energie erwiesen. Das Gleiche gilt f\u00fcr deinen Hauptstromverteiler. Bringe dort einen TB an.<\/p>\n<p>Wir empfehlen diese Anzahl von 12 \u201e<a title=\"\" href=\"http:\/\/www.orgoniseafrica.com\/orgonite-towerbuster.html\" rel=\"noopener\" target=\"_blank\">Dirty Harry<\/a>\u201c- und 4 <a title=\"Orgonite TB\" href=\"http:\/\/www.orgoniseafrica.com\/orgonite-towerbusterb-sj.html\" rel=\"noopener\" target=\"_blank\">\u201eSlick<\/a> Jim\u201c-Orgonit-TBs, um dir einige Optionen zu bieten. Du solltest auf jeden Fall alle Mobilfunkmasten im Umkreis von 5 km um dein Haus neutralisieren, um zu verhindern, dass sie dir schaden. Dazu platzierst du einfach einen einzelnen Orgonit-TB in der N\u00e4he. Notfalls wirkt es sogar noch bis zu 500 m vom Sendemast entfernt. Sie k\u00f6nnen in dichtem Geb\u00fcsch oder Laub versteckt oder eingegraben werden, um zu vermeiden, dass \u00fcbereifrige G\u00e4rtner sie entfernen.<\/p>\n<p>Die \u201eSlick Jim\u201c-Version unterscheidet sich nicht in ihrer energetischen Wirkung, aber wir dachten, wir nehmen 4 davon f\u00fcr Stellen in deinem Haus auf, an denen sie \u00e4sthetisch ansprechender sein sollen.<\/p>\n<p>Platziere einen TB auf deinem Fernseher, einen in der N\u00e4he von Computermonitoren. Wenn Sie der Meinung sind, dass Sie weiterhin eine Mikrowelle benutzen sollten (tun Sie es nicht), stellen Sie bitte eine dort auf. Besser noch: Verbannen Sie diese Mini-Atombombe aus Ihrem Lebensraum!<\/p>\n<p>Sie verwandelt Ihre Lebensmittel in radioaktiven Abfall.<\/p>\n<p>Der <a title=\"Orgonite HHG\" href=\"http:\/\/www.orgoniseafrica.com\/orgonite-hhg.html\" rel=\"noopener\" target=\"_blank\">Orgonit-HHG<\/a> ist ein leistungsstarker Orgon-Generator. Er ist das Herzst\u00fcck Ihrer kleinen Anlage. Stellen Sie ihn in Ihr Wohnzimmer oder Schlafzimmer. Die Wahl liegt bei Ihnen. Er ist sehr leistungsstark und wird ohnehin einen Bereich positiv beeinflussen, der viel gr\u00f6\u00dfer ist als Ihr Haus. Die Position ist also nicht \u00fcberm\u00e4\u00dfig kritisch.<\/p>\n<p>Einige sehr energiesensible Menschen oder Ruteng\u00e4nger sind jedoch in der Lage, die Wirkung zu optimieren, indem sie Orgonit direkt auf geopathische Stresslinien (negative Energielinien) platzieren. Wenn Sie diese F\u00e4higkeit besitzen oder eine solche Person kennen, k\u00f6nnen Sie noch deutlichere Verbesserungen erzielen. Aber auch ohne eine solche Feinabstimmung ist die Wirkung der Platzierung von Orgonit in und um Ihr Haus herum enorm.<\/p>\n<p>Jede Familie oder Person sollte einen <a title=\"Zapper shop\" href=\"http:\/\/www.orgoniseafrica.com\/clark-zapper-shop.html\" rel=\"noopener\" target=\"_blank\">Orgon-Zapper<\/a> als erste Verteidigungslinie gegen Krankheiten besitzen. Der <a title=\"Orgone Zapper Standard\" href=\"http:\/\/www.orgoniseafrica.com\/orgone-zapper-standard.html\" rel=\"noopener\" target=\"_blank\">Orgone Zapper Standard<\/a> ist eine bew\u00e4hrte und kosteng\u00fcnstige Wahl. Sie k\u00f6nnen stattdessen auf den El Silverado Zapper mit den Silberelektroden aufr\u00fcsten.<\/p>\n<p>Und zu guter Letzt sollten Sie einen <a title=\"The Orgonite Minishield\" href=\"http:\/\/www.orgoniseafrica.com\/the-minishield.html\" rel=\"noopener\" target=\"_blank\">Minishield<\/a>-Orgonit-Handyschutz an Ihrem Handy anbringen. Sehen Sie sich dieses Experiment an, das wir durchgef\u00fchrt haben, um zu zeigen, wie der Minishield den Einfluss von Handystrahlung auf das Pflanzenwachstum ver\u00e4ndert.<\/p>\n<p>Ein <a title=\"Small turquoise orgone pendant\" href=\"http:\/\/www.orgoniseafrica.com\/small-turquoise-pendant.html\" rel=\"noopener\" target=\"_blank\">kleiner Orgone-Anh\u00e4nger<\/a> sch\u00fctzt Sie vor negativen Energiefeldern, wenn Sie sich in der Stadt bewegen, sei es durch EMF oder durch emotionale oder psychische Negativit\u00e4t. Dieser kleine Anh\u00e4nger st\u00e4rkt Ihr pers\u00f6nliches Bioenergiefeld, auch bekannt als \u201eAura\u201c.<\/p>\n<p><strong>Und das Beste daran:<\/strong><\/p>\n<p>Wenn Sie diese unverzichtbaren Produkte in einem Paket kaufen, erhalten Sie die Bestandteile zu einem <strong>um 15 % reduzierten Preis<\/strong> im Vergleich zum Einzelkauf.<\/p>\n","protected":false},"excerpt":{"rendered":"<h1>Nimm nicht weniger Orgonit!<\/h1>\n<p>Schau dir meinen kleinen&lt;a-Titel an=&quot;Wie man anf\u00e4ngt&quot; href=&quot;http:\/\/www.orgoniseafrica.com\/info\/orgonite\/orgonite-how-to&#8230;<\/p>\n","protected":false},"featured_media":731,"comment_status":"open","ping_status":"closed","template":"","meta":{"_acf_changed":false},"product_brand":[],"product_cat":[48],"product_tag":[],"class_list":{"0":"post-4506","1":"product","2":"type-product","3":"status-publish","4":"has-post-thumbnail","6":"product_cat-bundles-kits","7":"sales-flash-overlay","8":"woocommerce-text-align-center","9":"woocommerce-image-align-center","10":"do-quantity-buttons","12":"first","13":"instock","14":"taxable","15":"shipping-taxable","16":"purchasable","17":"product-type-simple"},"acf":[],"_links":{"self":[{"href":"https:\/\/servcrmpro.online\/de\/wp-json\/wp\/v2\/product\/4506","targetHints":{"allow":["GET"]}}],"collection":[{"href":"https:\/\/servcrmpro.online\/de\/wp-json\/wp\/v2\/product"}],"about":[{"href":"https:\/\/servcrmpro.online\/de\/wp-json\/wp\/v2\/types\/product"}],"replies":[{"embeddable":true,"href":"https:\/\/servcrmpro.online\/de\/wp-json\/wp\/v2\/comments?post=4506"}],"wp:featuredmedia":[{"embeddable":true,"href":"https:\/\/servcrmpro.online\/de\/wp-json\/wp\/v2\/media\/731"}],"wp:attachment":[{"href":"https:\/\/servcrmpro.online\/de\/wp-json\/wp\/v2\/media?parent=4506"}],"wp:term":[{"taxonomy":"product_brand","embeddable":true,"href":"https:\/\/servcrmpro.online\/de\/wp-json\/wp\/v2\/product_brand?post=4506"},{"taxonomy":"product_cat","embeddable":true,"href":"https:\/\/servcrmpro.online\/de\/wp-json\/wp\/v2\/product_cat?post=4506"},{"taxonomy":"product_tag","embeddable":true,"href":"https:\/\/servcrmpro.online\/de\/wp-json\/wp\/v2\/product_tag?post=4506"}],"curies":[{"name":"wp","href":"https:\/\/api.w.org\/{rel}","templated":true}]}}