{"id":4512,"date":"2026-02-05T15:24:56","date_gmt":"2026-02-05T15:24:56","guid":{"rendered":""},"modified":"2026-04-06T07:31:54","modified_gmt":"2026-04-06T05:31:54","slug":"colloidal-silver-kit-1-de","status":"publish","type":"product","link":"https:\/\/servcrmpro.online\/de\/produkt\/colloidal-silver-kit-1-de\/","title":{"rendered":"Kolloidales Silber Set \u2013 Komplettpaket"},"content":{"rendered":"<h2>Stelle dein eigenes kolloidales Silber her!<\/h2>\n<p>Kolloidales Silber ist ein nat\u00fcrliches Antibiotikum, Virostatikum und Antimykotikum, das seit Jahrtausenden bekannt ist. Seine medizinische Verwendung l\u00e4sst sich bis ins antike Griechenland und \u00c4gypten zur\u00fcckverfolgen.<\/p>\n<p>Auch die heutige \u00c4rzteschaft hat es bisher nicht geschafft, es zu verbieten (nicht etwa, weil sie es nicht versucht h\u00e4tte), weil seine Wirkungen und sein Gebrauch so gut erwiesen und dokumentiert sind.<\/p>\n<p>Kolloidales Silber wird in Apotheken und Reformh\u00e4usern in kleinen Fl\u00e4schchen zu relativ hohen Preisen verkauft &#8211; mit unserem Set kannst du dein eigenes einfach und bequem zu Hause herstellen.<\/p>\n<p>Das CS-Kit besteht aus zwei Elektroden aus 999,9er Feinsilber. Angeschlossen an Ihren Zapper erm\u00f6glicht es die Herstellung von kolloidalem Silber. H\u00e4ngen Sie die Drahtelektroden einfach in ein Glas mit destilliertem oder gefiltertem Wasser und trinken Sie Ihre t\u00e4gliche Dosis kolloidales Silber direkt. Ein idealer Reisebegleiter.<\/p>\n<p><strong>Nicht f\u00fcr die Produktion gro\u00dfer Mengen oder den kommerziellen Gebrauch konzipiert.<\/strong><\/p>\n<p>Dies ist ein pers\u00f6nliches Ger\u00e4t und eine Erweiterung der Zapper-Funktionalit\u00e4t.<br \/>Das mit dieser einfachen Erweiterung hergestellte kolloidale Silber kann hinsichtlich Partikelgr\u00f6\u00dfe und Stabilit\u00e4t eine geringere Qualit\u00e4t aufweisen als das im Handel erh\u00e4ltliche.<br \/>Wir nutzen es allerdings schon seit Jahren mit gro\u00dfartigen Ergebnissen.<\/p>\n<p>Sie k\u00f6nnen auch gut gefiltertes und aufbereitetes Wasser verwenden.<br \/>Eine Einwirkzeit von 20 Minuten gen\u00fcgt, um in einem normalen Wasserglas (200 ml) eine ausreichende Silberkonzentration zu erreichen.<\/p>\n<p><strong>Trink ein ganzes Glas, nicht nur einen Teel\u00f6ffel voll!<\/strong><\/p>\n<p><em>Abmessungen: L\u00e4nge \u2013 131 mm, Durchmesser \u2013 15 mm<\/em><\/p>\n<p><em>Lieferumfang: 1x Silberelektroden, 1x einfacher Zapper, 1x Adapter (220 V oder 110 V-US)<\/em><\/p>\n<p><em>Dieses Produkt ist handgefertigt, daher kann das Endprodukt geringf\u00fcgig abweichen.<\/em><\/p>\n","protected":false},"excerpt":{"rendered":"<h2>Stellen Sie Ihr eigenes kolloidales Silber her!<\/h2>\n<p>Kolloidaler Siver ist ein nat\u00fcrliches Antibiotikum, antivirales und antipilzives Mittel, das seit Jahrtausenden bekannt ist&#8230;.<\/p>\n","protected":false},"featured_media":736,"comment_status":"open","ping_status":"closed","template":"","meta":{"_acf_changed":false},"product_brand":[],"product_cat":[48,103],"product_tag":[],"class_list":{"0":"post-4512","1":"product","2":"type-product","3":"status-publish","4":"has-post-thumbnail","6":"product_cat-bundles-kits","7":"product_cat-silver-shungite","8":"sales-flash-overlay","9":"woocommerce-text-align-center","10":"woocommerce-image-align-center","11":"do-quantity-buttons","13":"first","14":"instock","15":"taxable","16":"shipping-taxable","17":"purchasable","18":"product-type-simple"},"acf":[],"_links":{"self":[{"href":"https:\/\/servcrmpro.online\/de\/wp-json\/wp\/v2\/product\/4512","targetHints":{"allow":["GET"]}}],"collection":[{"href":"https:\/\/servcrmpro.online\/de\/wp-json\/wp\/v2\/product"}],"about":[{"href":"https:\/\/servcrmpro.online\/de\/wp-json\/wp\/v2\/types\/product"}],"replies":[{"embeddable":true,"href":"https:\/\/servcrmpro.online\/de\/wp-json\/wp\/v2\/comments?post=4512"}],"wp:featuredmedia":[{"embeddable":true,"href":"https:\/\/servcrmpro.online\/de\/wp-json\/wp\/v2\/media\/736"}],"wp:attachment":[{"href":"https:\/\/servcrmpro.online\/de\/wp-json\/wp\/v2\/media?parent=4512"}],"wp:term":[{"taxonomy":"product_brand","embeddable":true,"href":"https:\/\/servcrmpro.online\/de\/wp-json\/wp\/v2\/product_brand?post=4512"},{"taxonomy":"product_cat","embeddable":true,"href":"https:\/\/servcrmpro.online\/de\/wp-json\/wp\/v2\/product_cat?post=4512"},{"taxonomy":"product_tag","embeddable":true,"href":"https:\/\/servcrmpro.online\/de\/wp-json\/wp\/v2\/product_tag?post=4512"}],"curies":[{"name":"wp","href":"https:\/\/api.w.org\/{rel}","templated":true}]}}