{"id":4518,"date":"2026-02-05T17:25:04","date_gmt":"2026-02-05T15:25:04","guid":{"rendered":""},"modified":"2026-04-06T07:31:54","modified_gmt":"2026-04-06T05:31:54","slug":"miniwand-35mm-complete-bundle-de","status":"publish","type":"product","link":"https:\/\/servcrmpro.online\/de\/produkt\/miniwand-35mm-complete-bundle-de\/","title":{"rendered":"Miniwand 35mm \u2013 Komplettpaket"},"content":{"rendered":"<p><span style=\"font-family: verdana, geneva;font-size: medium\"><strong>Pulsierender Orgonit-Reisebegleiter<\/strong><br \/><\/span><\/p>\n<p><span style=\"font-family: verdana, geneva;font-size: medium\">Der Orgonit-Miniwand ist Ihr idealer Reisebegleiter f\u00fcr Schutz, Meditation und Energieheilung. Dieser 35-mm-Miniwand ist etwas leistungsst\u00e4rker als sein kleinerer Bruder, der 28-mm-Miniwand.<\/span><span style=\"font-family: verdana, geneva;font-size: medium\"><\/span><\/p>\n<p><span style=\"font-family: verdana, geneva;font-size: medium\">Alle unsere Orgonit-St\u00e4be verf\u00fcgen \u00fcber einen in Orgonit eingebetteten M\u00f6bius-Kristall. Das ist das gemeinsame Prinzip. Das Orgonit macht die sprudelnde Energie dieses \u201eSP-Kristalls\u201c viel sanfter und st\u00e4rker, nat\u00fcrlich abh\u00e4ngig von der Gr\u00f6\u00dfe.<\/span><\/p>\n<p><span style=\"font-family: verdana, geneva;font-size: medium\">Dieser handliche kleine Orgonit-Stab weist viele Eigenschaften des gro\u00dfen Powerwands auf, l\u00e4sst sich jedoch in einer Hand halten oder in der Tasche mitnehmen.<\/span><\/p>\n<p><span style=\"font-family: verdana, geneva;font-size: medium\">Der Kristall ist etwa 100\u2013130 mm lang und mit 4\u20135 M\u00f6biusknoten gewunden.<\/span><\/p>\n<p><span style=\"font-family: verdana, geneva;font-size: medium\">Der Kristall ist in eine Orgonit-Matrix eingebettet, die sich in einem 35 mm starken Kupferrohr befindet, das auf eine L\u00e4nge von 175 mm zugeschnitten ist (harmonisches Verh\u00e4ltnis von 1:5 L\u00e4nge:Durchmesser). Eine Kupferplatte verschlie\u00dft das untere Ende des Miniwands.<\/span><\/p>\n<p><span style=\"font-family: verdana, geneva;font-size: medium\">Ideal f\u00fcr den reisenden Orgon-Guerilla, da er problemlos in die Tasche eines Mantels oder einer Jacke passt.<\/span><\/p>\n<p><span style=\"font-family: verdana, geneva;font-size: medium\"><strong>Verwenden Sie den Orgonit-Miniwand f\u00fcr folgende Anwendungen:<\/strong><\/span><\/p>\n<p><span style=\"font-family: verdana, geneva;font-size: medium\">-Heilung-Verst\u00e4rkung-Manifestation-Schutz<\/span><\/p>\n<p><\/p>\n<p><strong style=\"font-family: verdana, geneva\">Zus\u00e4tzliche Edelsteine:<br \/><\/strong><\/p>\n<ul>\n<li>\n<span style=\"font-family: verdana, geneva;font-size: medium\">ein 3\u20138 mm gro\u00dfer Amethyst: F\u00f6rdert N\u00fcchternheit und Konzentration, die Verarbeitung von Erfahrungen und Wahrnehmungen<\/span><span style=\"font-family: verdana, geneva;font-size: medium\"><\/span>\n<\/li>\n<li><span style=\"font-family: verdana, geneva;font-size: medium\">Granat: Beharrlichkeit in schwierigen Situationen, Gemeinschaftsgeist, regt die Libido an<\/span><\/li>\n<li><span style=\"font-family: verdana, geneva;font-size: medium\">H\u00e4matit: Erdung, st\u00e4rkt das Selbstvertrauen, unterst\u00fctzt das Herz-Kreislauf-System<\/span><\/li>\n<\/ul>\n<p>\u00a0<\/p>\n<p><span style=\"font-family: verdana, geneva;font-size: medium\"><\/span><span style=\"font-family: verdana, geneva;font-size: medium\">Der Stab ist mit Leder ummantelt und liegt angenehm in der Hand.<\/span><\/p>\n<p><span style=\"font-family: verdana, geneva;font-size: medium\">Der Miniwand verf\u00fcgt \u00fcber ein kurzes Kabel mit einem Stecker, der in die Buchse an der Seite aller unserer Zapper passt.\u00a0<br \/><\/span><\/p>\n<p><span style=\"font-family: verdana, geneva;font-size: medium\">Bitte w\u00e4hlen Sie oben die f\u00fcr Sie passende Option aus. Wenn Sie bereits einen unserer Zapper besitzen, k\u00f6nnen Sie diesen zur Stromversorgung dieses Miniwands verwenden. Wenn Sie keine Batterien verwenden m\u00f6chten, k\u00f6nnen Sie einen Clark-Zapper mit Adapter hinzuf\u00fcgen, um das Stromnetz zu nutzen (Euro- oder US-Option).<\/span><span style=\"font-family: verdana, geneva;font-size: medium\"><\/span><\/p>\n<p><span style=\"font-family: verdana, geneva;font-size: medium\">Abmessungen: L\u00e4nge \u2013 170 mm, Durchmesser \u2013 35 mm<br \/>(Dieses Produkt ist handgefertigt und das Endprodukt kann geringf\u00fcgig abweichen)<\/span><\/p>\n<div class=\"product-trust-enhancement\" style=\"margin-top: 40px;padding-top: 20px;border-top: 2px solid #eaeaea\">\n<h3>Warum echtes Orgonit w\u00e4hlen?<\/h3>\n<ul style=\"margin-bottom: 20px\">\n<li><strong>Kontinuierlicher Schutz:<\/strong> Bietet einen ununterbrochenen Strom positiver Orgonstrahlung (POR).<\/li>\n<li><strong>Authentische Handwerkskunst:<\/strong> Hergestellt im korrekten Verh\u00e4ltnis von 50\/50 aus Harz und Metallen sowie aufgeladenen Quarzkristallen.<\/li>\n<li><strong>Bew\u00e4hrte Vorteile:<\/strong> Neutralisiert lokale EMF und unterst\u00fctzt ein ausgeglichenes Umfeld.<\/li>\n<\/ul>\n<\/div>\n<div style=\"background: #fdfdfd;padding: 15px;border-radius: 8px\">\n<p><strong>M\u00f6chten Sie mehr erfahren?<\/strong> Werfen Sie einen Blick in unseren <a href=\"\/en\/orgonite-benefits\/\">umfassenden Leitfaden zu den Vorteilen<\/a> oder lesen Sie unseren <a href=\"\/en\/orgonite-buying-guide\/\">Einkaufsratgeber,<\/a> um weitere Informationen zu authentischen St\u00fccken zu erhalten.<\/p>\n<\/p><\/div>\n<p>{<br \/>\n  &quot;@context&quot;: &quot;https:\/\/schema.org&quot;,<br \/>\n  &quot;@type&quot;: &quot;FAQPage&quot;,<br \/>\n  &quot;mainEntity&quot;: [{<br \/>\n    &quot;@type&quot;: &quot;Question&quot;,<br \/>\n    &quot;name&quot;: &quot;Wie wird das versendet?&quot;,<br \/>\n    &quot;acceptedAnswer&quot;: {<br \/>\n      &quot;@type&quot;: &quot;Answer&quot;,<br \/>\n      &quot;text&quot;: &quot;Wir versenden weltweit von unseren eigenen Standorten aus mit Sendungsverfolgung.&quot;<br \/>\n    }<br \/>\n  }, {<br \/>\n    &quot;@type&quot;: &quot;Question&quot;,<br \/>\n    &quot;name&quot;: &quot;Ist dies authentisches Orgonit?&quot;,<br \/>\n    &quot;acceptedAnswer&quot;: {<br \/>\n      &quot;@type&quot;: &quot;Answer&quot;,<br \/>\n      &quot;text&quot;: &quot;Ja. Unser Orgonit wird sorgf\u00e4ltig nach den urspr\u00fcnglichen Prinzipien von Wilhelm Reich und Don Croft hergestellt, wobei ein pr\u00e4zises Metall-Harz-Verh\u00e4ltnis mit echten Quarzkristallen gew\u00e4hrleistet wird.&quot;<br \/>\n    }<br \/>\n  }, {<br \/>\n    &quot;@type&quot;: &quot;Question&quot;,<br \/>\n    &quot;name&quot;: &quot;Bieten Sie R\u00fcckgaben an?&quot;,<br \/>\n    &quot;acceptedAnswer&quot;: {<br \/>\n      &quot;@type&quot;: &quot;Answer&quot;,<br \/>\n      &quot;text&quot;: &quot;Ja, wir stehen hinter unseren Produkten. Bitte lesen Sie unsere R\u00fcckerstattungs- und R\u00fcckgabebedingungen f\u00fcr alle Details.&quot;<br \/>\n    }<br \/>\n  }]<br \/>\n}<\/p>\n","protected":false},"excerpt":{"rendered":"<p><span-stil=\"schrift-familie: verdana, Genf;schriftgr\u00f6\u00dfe: medium\"><strong>Pulsed Orgonite Reisebegleiter<\/strong><br \/><\/span><\/p>\n<p>&lt;span-Stil=&quot;fon&#8230;<\/p>\n","protected":false},"featured_media":741,"comment_status":"open","ping_status":"closed","template":"","meta":{"_acf_changed":false},"product_brand":[],"product_cat":[48],"product_tag":[],"class_list":{"0":"post-4518","1":"product","2":"type-product","3":"status-publish","4":"has-post-thumbnail","6":"product_cat-bundles-kits","7":"sales-flash-overlay","8":"woocommerce-text-align-center","9":"woocommerce-image-align-center","10":"do-quantity-buttons","12":"first","13":"instock","14":"taxable","15":"shipping-taxable","16":"purchasable","17":"product-type-simple"},"acf":[],"_links":{"self":[{"href":"https:\/\/servcrmpro.online\/de\/wp-json\/wp\/v2\/product\/4518","targetHints":{"allow":["GET"]}}],"collection":[{"href":"https:\/\/servcrmpro.online\/de\/wp-json\/wp\/v2\/product"}],"about":[{"href":"https:\/\/servcrmpro.online\/de\/wp-json\/wp\/v2\/types\/product"}],"replies":[{"embeddable":true,"href":"https:\/\/servcrmpro.online\/de\/wp-json\/wp\/v2\/comments?post=4518"}],"wp:featuredmedia":[{"embeddable":true,"href":"https:\/\/servcrmpro.online\/de\/wp-json\/wp\/v2\/media\/741"}],"wp:attachment":[{"href":"https:\/\/servcrmpro.online\/de\/wp-json\/wp\/v2\/media?parent=4518"}],"wp:term":[{"taxonomy":"product_brand","embeddable":true,"href":"https:\/\/servcrmpro.online\/de\/wp-json\/wp\/v2\/product_brand?post=4518"},{"taxonomy":"product_cat","embeddable":true,"href":"https:\/\/servcrmpro.online\/de\/wp-json\/wp\/v2\/product_cat?post=4518"},{"taxonomy":"product_tag","embeddable":true,"href":"https:\/\/servcrmpro.online\/de\/wp-json\/wp\/v2\/product_tag?post=4518"}],"curies":[{"name":"wp","href":"https:\/\/api.w.org\/{rel}","templated":true}]}}