{"id":4527,"date":"2026-02-05T17:25:12","date_gmt":"2026-02-05T15:25:12","guid":{"rendered":""},"modified":"2026-04-06T07:31:55","modified_gmt":"2026-04-06T05:31:55","slug":"cb28-booster-de","status":"publish","type":"product","link":"https:\/\/servcrmpro.online\/de\/produkt\/cb28-booster-de\/","title":{"rendered":"Cloud Buster 28mm + Booster HHG"},"content":{"rendered":"<p>Orgonit-Cloud-Buster<\/p>\n<p>Dies ist der klassische Orgonite Cloud Buster nach dem Entwurf von Don Croft, nun mit zus\u00e4tzlichem Booster HHG. Er besteht aus 6 Kupferrohren (28 x 1800 mm) in kreisf\u00f6rmiger Anordnung. Die Rohre sind in einen Orgonite-Sockel eingebettet, mit zus\u00e4tzlichen Edelsteinen angereichert und mit unserem neuen GANS Booster HHG ausgestattet<\/p>\n<p>Jedes Rohr ist am eingebetteten Ende verschlossen und verf\u00fcgt an der Unterseite \u00fcber einen doppelendigen Kristall.<\/p>\n<p>Diese Standard-Cloudbuster wurden von Tausenden von Menschen weltweit gebaut und getestet, wobei in verschiedenen Foren zahlreiche Erfahrungsberichte und R\u00fcckmeldungen verf\u00fcgbar sind. Wir betrachten sie als DAS leistungsst\u00e4rkste und wirksamste Werkzeug f\u00fcr gro\u00dffl\u00e4chige Umweltheilung mit Orgonit. <\/p>\n<p>Typische berichtete Wirkungen sind:<\/p>\n<p>&#8211; vermehrter Niederschlag in D\u00fcrregebieten<\/p>\n<p>&#8211; verst\u00e4rktes Pflanzenwachstum<\/p>\n<p>&#8211; gesteigerte Fruchtbarkeit und Gesundheit der Tiere<\/p>\n<p>&#8211; verringerte Umweltverschmutzung, einschlie\u00dflich der sogenannten \u201eChemtrails\u201c<\/p>\n<p>&#8211; allgemeine Verbesserung des \u00e4therischen Energiefeldes der Umgebung mit einer Vielzahl von mentalen und gesundheitlichen Auswirkungen<\/p>\n<p>Je nach Ausma\u00df der elektromagnetischen Verschmutzung und den allgemeinen energetischen Bedingungen wurden die Auswirkungen von Standard-Cloudbusters bereits in Entfernungen von weit \u00fcber 50 km als sp\u00fcrbar gemeldet. In Kombination mit anderen Orgonit-Ger\u00e4ten k\u00f6nnen bereits wenige CBs ein gesundes Orgonfeld in einer ganzen Region oder einem kleinen Land wiederherstellen.<\/p>\n<p><strong>Wir haben unseren speziellen Booster HHG f\u00fcr 28-mm-Cloudbuster hinzugef\u00fcgt, der mit ZnO-GANS angereichert ist.<\/strong><\/p>\n<p>Dieser Booster HHG enth\u00e4lt einen mit ZnO-GANS \u2013 \u201eGAs in einem Nano-Zustand der Festphase\u201c \u2013 gef\u00fcllten Tischtennisball. Diese Technologie wurde von M.V. Keshe entwickelt. ZnO-GANS bezeichnet Zink- und Sauerstoffpartikel in Wasser, die mittels eines elektromagnetischen Feldes angezogen werden. Dieses GANS ist sehr energiereich und kann sogar als Quelle f\u00fcr freie Energie genutzt werden.<\/p>\n<p>Wir nutzen es, um diesen Booster-HHGs zus\u00e4tzliche Energie zu verleihen, die wir gerne mit den 28-mm-Cloudbusters kombinieren. Wir haben bereits mehrere dieser Kombinationen in S\u00fcdafrika eingesetzt, mit massiven positiven Auswirkungen auf den Niederschlag \u2013 siehe Blogbeitr\u00e4ge \u201eNo Hour Zero\u201c f\u00fcr weitere Informationen dazu.<\/p>\n<p>Sie k\u00f6nnen dieses HHG einfach zwischen die Rohre Ihres Cloudbusters schieben und beobachten, wie es die Wirkung verst\u00e4rkt. Der Booster HHG kann auch allein als besonders leistungsstarkes HHG in Ihrem Haus oder Garten eingesetzt werden. Bitte w\u00e4hlen Sie oben die von Ihnen bevorzugte Variante aus.<\/p>\n<p>(Dieses Produkt ist handgefertigt und das Endprodukt kann geringf\u00fcgig abweichen)<\/p>\n<div class=\"product-trust-enhancement\" style=\"margin-top: 40px;padding-top: 20px;border-top: 2px solid #eaeaea\">\n<h3>Warum echtes Orgonit w\u00e4hlen?<\/h3>\n<ul style=\"margin-bottom: 20px\">\n<li><strong>Kontinuierlicher Schutz:<\/strong> Bietet einen ununterbrochenen Strom positiver Orgonstrahlung (POR).<\/li>\n<li><strong>Authentische Handwerkskunst:<\/strong> Hergestellt im korrekten Verh\u00e4ltnis von 50\/50 aus Harz und Metallen sowie aufgeladenen Quarzkristallen.<\/li>\n<li><strong>Bew\u00e4hrte Vorteile:<\/strong> Neutralisiert lokale EMF und unterst\u00fctzt ein ausgeglichenes Umfeld.<\/li>\n<\/ul>\n<div style=\"background: #fdfdfd;padding: 15px;border-radius: 8px\">\n<p><strong>M\u00f6chten Sie mehr erfahren?<\/strong> Werfen Sie einen Blick in unseren <a href=\"\/en\/orgonite-benefits\/\">umfassenden Leitfaden zu den Vorteilen<\/a> oder lesen Sie unseren <a href=\"\/en\/orgonite-buying-guide\/\">Einkaufsratgeber<\/a> f\u00fcr weitere Informationen zu authentischen St\u00fccken.<\/p>\n<\/p><\/div>\n<\/div>\n<p>{<br \/>\n  &quot;@context&quot;: &quot;https:\/\/schema.org&quot;,<br \/>\n  &quot;@type&quot;: &quot;FAQPage&quot;,<br \/>\n  &quot;mainEntity&quot;: [{<br \/>\n    &quot;@type&quot;: &quot;Question&quot;,<br \/>\n    &quot;name&quot;: &quot;Wie wird das versendet?&quot;,<br \/>\n    &quot;acceptedAnswer&quot;: {<br \/>\n      &quot;@type&quot;: &quot;Answer&quot;,<br \/>\n      &quot;text&quot;: &quot;Wir versenden weltweit von unseren eigenen Standorten aus mit Sendungsverfolgung.&quot;<br \/>\n    }<br \/>\n  }, {<br \/>\n    &quot;@type&quot;: &quot;Question&quot;,<br \/>\n    &quot;name&quot;: &quot;Ist dies authentisches Orgonit?&quot;,<br \/>\n    &quot;acceptedAnswer&quot;: {<br \/>\n      &quot;@type&quot;: &quot;Answer&quot;,<br \/>\n      &quot;text&quot;: &quot;Ja. Unser Orgonit wird sorgf\u00e4ltig nach den urspr\u00fcnglichen Prinzipien von Wilhelm Reich und Don Croft hergestellt, wobei ein pr\u00e4zises Metall-Harz-Verh\u00e4ltnis mit echten Quarzkristallen gew\u00e4hrleistet wird.&quot;<br \/>\n    }<br \/>\n  }, {<br \/>\n    &quot;@type&quot;: &quot;Question&quot;,<br \/>\n    &quot;name&quot;: &quot;Bieten Sie R\u00fcckgaben an?&quot;,<br \/>\n    &quot;acceptedAnswer&quot;: {<br \/>\n      &quot;@type&quot;: &quot;Answer&quot;,<br \/>\n      &quot;text&quot;: &quot;Ja, wir stehen hinter unseren Produkten. Bitte lesen Sie unsere R\u00fcckerstattungs- und R\u00fcckgabebedingungen f\u00fcr alle Details.&quot;<br \/>\n    }<br \/>\n  }]<br \/>\n}<\/p>\n","protected":false},"excerpt":{"rendered":"<p>Orgonite Cloud Buster<\/p>\n<p>Dies ist der klassische Orgonite Cloud Buster, wie er von Don Croft entworfen wurde, nun mit zus\u00e4tzlichem Booster HHG. Es besteht aus 6 Polizisten&#8230;<\/p>\n","protected":false},"featured_media":747,"comment_status":"open","ping_status":"closed","template":"","meta":{"_acf_changed":false},"product_brand":[],"product_cat":[100],"product_tag":[],"class_list":{"0":"post-4527","1":"product","2":"type-product","3":"status-publish","4":"has-post-thumbnail","6":"product_cat-orgonite-cloudbuster","7":"sales-flash-overlay","8":"woocommerce-text-align-center","9":"woocommerce-image-align-center","10":"do-quantity-buttons","12":"first","13":"instock","14":"sale","15":"taxable","16":"shipping-taxable","17":"purchasable","18":"product-type-simple"},"acf":[],"_links":{"self":[{"href":"https:\/\/servcrmpro.online\/de\/wp-json\/wp\/v2\/product\/4527","targetHints":{"allow":["GET"]}}],"collection":[{"href":"https:\/\/servcrmpro.online\/de\/wp-json\/wp\/v2\/product"}],"about":[{"href":"https:\/\/servcrmpro.online\/de\/wp-json\/wp\/v2\/types\/product"}],"replies":[{"embeddable":true,"href":"https:\/\/servcrmpro.online\/de\/wp-json\/wp\/v2\/comments?post=4527"}],"wp:featuredmedia":[{"embeddable":true,"href":"https:\/\/servcrmpro.online\/de\/wp-json\/wp\/v2\/media\/747"}],"wp:attachment":[{"href":"https:\/\/servcrmpro.online\/de\/wp-json\/wp\/v2\/media?parent=4527"}],"wp:term":[{"taxonomy":"product_brand","embeddable":true,"href":"https:\/\/servcrmpro.online\/de\/wp-json\/wp\/v2\/product_brand?post=4527"},{"taxonomy":"product_cat","embeddable":true,"href":"https:\/\/servcrmpro.online\/de\/wp-json\/wp\/v2\/product_cat?post=4527"},{"taxonomy":"product_tag","embeddable":true,"href":"https:\/\/servcrmpro.online\/de\/wp-json\/wp\/v2\/product_tag?post=4527"}],"curies":[{"name":"wp","href":"https:\/\/api.w.org\/{rel}","templated":true}]}}