{"id":4184,"date":"2026-02-05T07:58:00","date_gmt":"2026-02-05T07:58:00","guid":{"rendered":""},"modified":"2026-04-06T07:31:44","modified_gmt":"2026-04-06T05:31:44","slug":"orgonite-pw-with-light-chips-on-the-crystal-tip-es","status":"publish","type":"product","link":"https:\/\/servcrmpro.online\/es\/producto\/orgonite-pw-with-light-chips-on-the-crystal-tip-es\/","title":{"rendered":"PW orgonita &#8211; ligeramente da\u00f1ado"},"content":{"rendered":"<h2>Tenemos 3 PW con ligeros da\u00f1os en las puntas de cristal<\/h2>\n<p><span style=\"font-family: verdana, geneva; font-size: medium;\">que est\u00e1n disponibles para su env\u00edo desde nuestro almac\u00e9n de Sud\u00e1frica.<\/span><\/p>\n<p><span style=\"font-family: verdana, geneva; font-size: medium;\">Funcionan muy bien a pesar del peque\u00f1o defecto est\u00e9tico y los estamos regalando al precio BLKFRDY, un 40 % por debajo del precio normal.<\/span><\/p>\n<p><span style=\"font-family: verdana, geneva; font-size: medium;\">Todo lo dem\u00e1s es como en la descripci\u00f3n est\u00e1ndar:<\/span><\/p>\n<h2>El nuevo Orgonite PW &#8211; Versi\u00f3n Super DeLuxe<\/h2>\n<p><span style=\"font-family: verdana, geneva; font-size: medium;\">La nueva Orgonite Powerwand es a\u00fan m\u00e1s lujosa que la anterior.<\/span><\/p>\n<p><span style=\"font-family: verdana, geneva; font-size: medium;\">El nuevo interruptor en el exterior hace que no sea necesario abrir la cubierta de cuero para encender o apagar el PW.<\/span><\/p>\n<p><span style=\"font-family: verdana, geneva; font-size: medium;\">Hemos dotado al PW de una s\u00f3lida base de hermoso roble, te\u00f1ida con un maravilloso aceite natural que, adem\u00e1s, desprende un aroma muy atractivo. Reconocemos que la mayor\u00eda de las personas desean colocarlo en su espacio vital para brindar protecci\u00f3n et\u00e9rica, energizar el espacio y facilitar la manifestaci\u00f3n.<\/span><\/p>\n<p><span style=\"font-family: verdana, geneva; font-size: medium;\">Por supuesto, todav\u00eda puedes llevarlo contigo y usarlo para curaciones t\u00f3picas sin el pie.<\/span><strong><span style=\"font-family: verdana, geneva; font-size: medium;\"><\/span><\/strong><\/p>\n<p><span style=\"font-family: verdana, geneva; font-size: medium;\">En su interior se encuentra el mismo generador de org\u00f3n pulsado s\u00faper potente que la gente de todo el mundo adora.<\/span><\/p>\n<h2>Intenci\u00f3n + Energ\u00eda = Manifestaci\u00f3n<\/h2>\n<p><span style=\"font-family: verdana, geneva; font-size: medium;\">El n\u00facleo de la Varita de Poder es un cristal de cuarzo extragrande con una larga bobina de Moebius enrollada intrincadamente y retorcida en 6 nudos. El cristal est\u00e1 m\u00e1gicamente iluminado con una luz LED azul y est\u00e1 incrustado en orgonita de cobre, lat\u00f3n y aluminio<\/span> <span style=\"font-family: verdana, geneva; font-size: medium;\">.<\/span><\/p>\n<p><span style=\"font-family: verdana, geneva; font-size: medium;\">La bobina de Moebius crea un campo escaleno (onda estacionaria) y excita el cristal para que vibre a su propia frecuencia de resonancia muy alta.<\/span><\/p>\n<p><span style=\"font-family: verdana, geneva; font-size: medium;\">Esto crea un campo org\u00f3nico muy activo en el \u00e9ter, que podr\u00eda llamarse ruido blanco, que anula la mayor\u00eda de los ataques electromagn\u00e9ticos y de espionaje ps\u00edquico. Por otro lado, es muy energizante y puede utilizarse para sanar dolencias corporales causadas por energ\u00eda estancada.<\/span><\/p>\n<p><span style=\"font-family: verdana, geneva; font-size: medium;\">Por supuesto, como todas las dem\u00e1s varitas, se puede utilizar para la manifestaci\u00f3n energizando su visualizaci\u00f3n e incluso colocando \u00abtestigos\u00bb como una imagen o una declaraci\u00f3n escrita de su intenci\u00f3n.<\/span><\/p>\n<p><span style=\"font-family: verdana, geneva; font-size: medium;\">Todo esto est\u00e1 alojado en un tubo de cobre de 300 mm de largo y 76 mm de di\u00e1metro.<br \/><\/span><\/p>\n<p><span style=\"font-family: verdana, geneva; font-size: medium;\">La bobina alrededor del cristal es pulsada por un generador de frecuencia de 15 Hz (circuito zapper) que est\u00e1 oculto en el fondo del tubo.<\/span><\/p>\n<p><span style=\"font-family: verdana, geneva; font-size: medium;\">Una l\u00e1mina de cuero blanco ajustada hace que el Power Wand sea muy agradable de manejar y elegante a la vista.<\/span><\/p>\n<p><span style=\"font-family: verdana, geneva; font-size: medium;\"><strong>Ingredientes adicionales:<\/strong><\/span><\/p>\n<ul>\n<li><span style=\"font-family: verdana, geneva; font-size: medium;\">1 cristal de amatista<\/span><span style=\"font-family: verdana, geneva; font-size: medium;\">&nbsp; <\/span><\/li>\n<li><span style=\"font-family: verdana, geneva; font-size: medium;\">4 granates<\/span><\/li>\n<li><span style=\"font-family: verdana, geneva; font-size: medium;\">4<\/span> <span style=\"font-family: verdana, geneva; font-size: medium;\">perlas<\/span> de hematita<\/li>\n<li><span style=\"font-family: verdana, geneva; font-size: medium;\">otros minerales poderosos<\/span><\/li>\n<\/ul>\n<p><\/p>\n<p><span style=\"font-family: verdana, geneva; font-size: medium;\"><strong style=\"font-family: verdana, geneva; font-size: medium;\">\u00a1Esta cosa es realmente fuerte!<\/strong><\/span> <br \/><span style=\"font-family: verdana, geneva; font-size: medium;\">La mayor\u00eda de las personas que he probado hasta ahora pueden percibir la energ\u00eda de la Vara de Poder de Orgonita a simple vista y sin experiencia. No me refiero a clarividentes sensibles al aura, sino a personas normales como t\u00fa y yo&#8230;<\/span><\/p>\n<p><img decoding=\"async\" alt=\"\" src=\"https:\/\/cdn.shopify.com\/s\/files\/1\/0660\/4419\/8969\/files\/030218OWdishedup.jpg?v=1740497029\"><\/p>\n<p>ingredientes t\u00edpicos<\/p>\n<p><span style=\"font-family: verdana, geneva; font-size: medium;\">El tubo de alimentaci\u00f3n est\u00e1 equipado con una toma de 12 V y un adaptador de enchufe de pared de 12 V si desea utilizarlo desde la red el\u00e9ctrica.<\/span><\/p>\n<p><span style=\"font-family: verdana, geneva; font-size: medium;\"><strong style=\"font-family: verdana, geneva; font-size: medium;\">Aplicaciones:<\/strong><\/span><\/p>\n<ul>\n<li><span style=\"font-family: verdana, geneva; font-size: medium;\">Protecci\u00f3n contra ataques espirituales y electromagn\u00e9ticos<\/span><\/li>\n<li><span style=\"font-family: verdana, geneva; font-size: medium;\">Armonizaci\u00f3n y dinamizaci\u00f3n de su entorno vital.<\/span><br \/><span style=\"font-family: verdana, geneva; font-size: medium;\">-Radi\u00f3nica (Env\u00edo de intenciones amplificadas).<\/span><\/li>\n<li><span style=\"font-family: verdana, geneva; font-size: medium;\">Sanaci\u00f3n a distancia. Estimulaci\u00f3n de la conciencia energ\u00e9tica y la capacidad de dirigir la energ\u00eda a trav\u00e9s de la intenci\u00f3n.<\/span><\/li>\n<li><span style=\"font-family: verdana, geneva; font-size: medium;\">Aplicaciones de sanaci\u00f3n directa. El potente haz de org\u00f3n puede utilizarse directamente para estimular los procesos de sanaci\u00f3n corporal.<\/span><\/li>\n<\/ul>\n<p><span style=\"font-family: verdana, geneva; font-size: medium;\"><strong style=\"font-family: verdana, geneva; font-size: medium;\">\u00a1Esto se ve realmente genial!<\/strong><\/span><\/p>\n<p><span style=\"font-family: verdana, geneva; font-size: medium;\">Hemos colocado el LED que indica el estado de encendido\/apagado del pulsador el\u00e9ctrico directamente cerca del cristal grande para que puedas ver si el pulsador est\u00e1 encendido o apagado. En la oscuridad, esto emitir\u00e1 un <strong style=\"font-family: verdana, geneva; font-size: medium;\">brillo azul m\u00e1gico<\/strong> a trav\u00e9s del cristal cuando el pulsador est\u00e9 encendido.<\/span><\/p>\n<p><span style=\"font-family: verdana, geneva; font-size: medium;\">&nbsp;<\/span><\/p>\n<div style=\"text-align: left;\"><img decoding=\"async\" src=\"https:\/\/cdn.shopify.com\/s\/files\/1\/0660\/4419\/8969\/files\/New_PW_Nightglow_75bb7bba-fafb-41e8-9872-349e7db7b3cc_240x240.jpg?v=1740505810\" alt=\"Orgonita PW brillando en la oscuridad\" style=\"margin-bottom: 16px; float: none;\"><\/div>\n<p>El brillo del PW en la noche<\/p>\n<p><span style=\"font-family: verdana, geneva; font-size: medium;\">Lea m\u00e1s sobre nuestros dispositivos de orgonita pulsada y sus usos y aplicaciones <a rel=\"noopener\" href=\"https:\/\/orgoniseafrica.com\/collections\/what-is-orgonite-orgonite-wiki-pulsed-orgonite-devices\" title=\"Dispositivos de orgonita pulsada\" target=\"_blank\">aqu\u00ed<\/a> .<\/span><\/p>\n<p><span style=\"font-family: verdana, geneva; font-size: small;\">Adaptador de 12 V adecuado para su pa\u00eds incluido.<\/span><\/p>\n<p><span style=\"font-family: verdana, geneva; font-size: small;\">El PW tambi\u00e9n puede funcionar con una bater\u00eda de 9 V, independiente de la red el\u00e9ctrica. Debido a las normas de seguridad a\u00e9rea, se entrega sin bater\u00eda.<\/span><\/p>\n<p><span style=\"font-family: verdana, geneva; font-size: small;\">Dimensiones: longitud &#8211; 300 mm, di\u00e1metro &#8211; 76 mm<br \/>(Este producto est\u00e1 hecho a mano y el producto final puede variar ligeramente)<\/span><\/p>\n","protected":false},"excerpt":{"rendered":"<h2>Tenemos algunos PWs con da\u00f1os leves en las puntas de cristal<\/h2>\n<p><span style=\"font-family: verdana, ginebra;font-size: medium\">Estos est\u00e1n disponibles para ser enviados desde nuestro almac\u00e9n alem\u00e1n &#8211; para EU c&#8230;<\/p>\n","protected":false},"featured_media":102,"comment_status":"open","ping_status":"closed","template":"","meta":{"_acf_changed":false},"product_brand":[],"product_cat":[70],"product_tag":[],"class_list":{"0":"post-4184","1":"product","2":"type-product","3":"status-publish","4":"has-post-thumbnail","6":"product_cat-tactical-orgonite","7":"sales-flash-overlay","8":"woocommerce-text-align-center","9":"woocommerce-image-align-center","10":"do-quantity-buttons","12":"first","13":"outofstock","14":"taxable","15":"shipping-taxable","16":"purchasable","17":"product-type-simple"},"acf":[],"_links":{"self":[{"href":"https:\/\/servcrmpro.online\/es\/wp-json\/wp\/v2\/product\/4184","targetHints":{"allow":["GET"]}}],"collection":[{"href":"https:\/\/servcrmpro.online\/es\/wp-json\/wp\/v2\/product"}],"about":[{"href":"https:\/\/servcrmpro.online\/es\/wp-json\/wp\/v2\/types\/product"}],"replies":[{"embeddable":true,"href":"https:\/\/servcrmpro.online\/es\/wp-json\/wp\/v2\/comments?post=4184"}],"wp:featuredmedia":[{"embeddable":true,"href":"https:\/\/servcrmpro.online\/es\/wp-json\/wp\/v2\/media\/102"}],"wp:attachment":[{"href":"https:\/\/servcrmpro.online\/es\/wp-json\/wp\/v2\/media?parent=4184"}],"wp:term":[{"taxonomy":"product_brand","embeddable":true,"href":"https:\/\/servcrmpro.online\/es\/wp-json\/wp\/v2\/product_brand?post=4184"},{"taxonomy":"product_cat","embeddable":true,"href":"https:\/\/servcrmpro.online\/es\/wp-json\/wp\/v2\/product_cat?post=4184"},{"taxonomy":"product_tag","embeddable":true,"href":"https:\/\/servcrmpro.online\/es\/wp-json\/wp\/v2\/product_tag?post=4184"}],"curies":[{"name":"wp","href":"https:\/\/api.w.org\/{rel}","templated":true}]}}