{"id":4187,"date":"2026-02-05T07:58:07","date_gmt":"2026-02-05T07:58:07","guid":{"rendered":""},"modified":"2026-04-11T05:39:55","modified_gmt":"2026-04-11T03:39:55","slug":"cloud-buster-base-es","status":"publish","type":"product","link":"https:\/\/servcrmpro.online\/es\/producto\/cloud-buster-base-es\/","title":{"rendered":"Base Cloud Buster (no para EE. UU.)"},"content":{"rendered":"<h2> <strong><span style=\"font-family: verdana, geneva; font-size: medium;\">Base Cloudbuster de orgonita: \u00a1solo agrega tuber\u00edas!<\/span><\/strong><br \/>\n<\/h2>\n<p> <span style=\"font-size: medium;\"><em><span style=\"font-family: verdana, geneva;\">Se adapta \u00fanicamente a tubos m\u00e9tricos de 28 mm.<\/span><\/em><\/span><\/p>\n<p> <span style=\"font-size: medium;\"><em><span style=\"font-family: verdana, geneva;\">TENGA EN CUENTA: En EE. UU. y Canad\u00e1, generalmente no es posible comprar tubos de tama\u00f1o m\u00e9trico que se ajusten a nuestras bases Cloudbuster de 28 mm y 35 mm. Aseg\u00farese de comprar un Cloudbuster COMPLETO si se encuentra en estos pa\u00edses.<\/span><\/em><\/span><\/p>\n<p><span style=\"font-family: verdana, geneva; font-size: medium;\">Puedes ahorrar mucho en Orgonite Cloudbuster si pides solo la base. Despu\u00e9s de todo, no es dif\u00edcil conseguir 6 extremos de tubo de cobre de 28 mm en un taller de fontaner\u00eda o en un mercado de bricolaje. Puede pedirles que lo corten a una longitud de 1,6 a 1,8 m o comprar 2 de 5,5 m de largo y cortarlo en 3 longitudes iguales cada uno.<\/span><\/p>\n<p> <span style=\"font-family: verdana, geneva; font-size: medium;\">Obtienes la Base completamente terminada y el Disco Espaciador para los tubos (6 orificios de 28 mm) en polipropileno blanco. Todo lo que necesitas hacer es comprar las tuber\u00edas y pegarlas.<\/span><\/p>\n<p> <span style=\"font-family: verdana, geneva; font-size: medium;\">Si reside en Estados Unidos, el tama\u00f1o de tuber\u00eda de 1 1\/8&#8243; equivale aproximadamente, pero no exactamente, a 28 mm. En caso de que no tenga acceso a tama\u00f1os de tuber\u00eda m\u00e9tricos, le recomendamos que se comunique con nosotros antes de realizar el pedido o solicite el Cloud Buster <a href=\"https:\/\/www.orgoniseafrica.com\/orgonite-cloud-buster-35mm.html\" target=\"_blank\" rel=\"noopener\">completo<\/a> . para evitar dificultades.<\/span><\/p>\n<p><span style=\"font-family: verdana, geneva; font-size: medium;\">Este es un Don Croft Orgonite CB totalmente equipado con todos los cristales, listo para usar.<\/span><\/p>\n<p> <span style=\"font-family: verdana, geneva; font-size: medium;\">Estos Cloudbusters est\u00e1ndar han sido creados y probados por miles de personas en todo el mundo con mucha experiencia y comentarios disponibles en diferentes foros. Los consideramos LA herramienta m\u00e1s poderosa y eficaz para la curaci\u00f3n ambiental a gran escala utilizando Orgonita.<\/span><\/p>\n<p> <strong><span style=\"font-family: verdana, geneva; font-size: medium;\">Los efectos t\u00edpicos reportados son:<\/span><\/strong><\/p>\n<p> <span style=\"font-family: verdana, geneva; font-size: medium;\">&#8211; aumento de las precipitaciones en zonas secas<\/span><\/p>\n<p> <span style=\"font-family: verdana, geneva; font-size: medium;\">&#8211; mayor crecimiento de las plantas<\/span><\/p>\n<p> <span style=\"font-family: verdana, geneva; font-size: medium;\">&#8211; aumento de la fertilidad y la salud de los animales<\/span><\/p>\n<p><span style=\"font-family: verdana, geneva; font-size: medium;\">&#8211; reducci\u00f3n de la contaminaci\u00f3n incl. los llamados \u00abchemtrails\u00bb<\/span><\/p>\n<p> <span style=\"font-family: verdana, geneva; font-size: medium;\">&#8211; mejora general del campo de energ\u00eda et\u00e9rica ambiental con multitud de efectos mentales y de salud<\/span><\/p>\n<p> <span style=\"font-family: verdana, geneva; font-size: medium;\">Dependiendo de los niveles de contaminaci\u00f3n electromagn\u00e9tica y de las condiciones energ\u00e9ticas generales, se ha informado que los efectos de los Cloudbusters est\u00e1ndar son perceptibles en distancias de mucho m\u00e1s de 50 km. Combinados con otros dispositivos de Orgonita, unos pocos CB pueden restaurar un campo de Orgonita saludable en toda una regi\u00f3n o un pa\u00eds peque\u00f1o.<\/span><\/p>\n<p> <span style=\"font-family: verdana, geneva; font-size: medium;\">Los hemos utilizado nosotros mismos en nuestras Expediciones de Regalos de Org\u00f3n (lea m\u00e1s aqu\u00ed&#8230;), donde normalmente combinamos un Cloudbuster con varios cientos de Towerbusters. Este ha demostrado ser el m\u00e9todo m\u00e1s eficaz para energizar a pa\u00edses enteros y revertir terribles patrones de sequ\u00eda.<\/span><\/p>\n<p><span style=\"font-family: verdana, geneva; font-size: medium;\">Nuestra teor\u00eda es la siguiente: mientras que el Cloudbuster trabaja especialmente en los niveles m\u00e1s altos de la atm\u00f3sfera para organizar un \u00e1rea muy grande, los Towerbusters aseguran la \u00abcobertura del suelo\u00bb necesaria coloc\u00e1ndolos cerca de todos los tel\u00e9fonos m\u00f3viles y lugares de energ\u00eda negativa en el \u00e1rea donde se encuentra el Cloudbuster. Se coloca Cloudbuster.<\/span><\/p>\n<p> <span style=\"font-family: verdana, geneva; font-size: medium;\">Si desea comenzar a regalar a gran escala, eche un vistazo a nuestro kit de inicio Massive Orgone para obtener todos los elementos esenciales para regalar a un precio con descuento.<\/span><\/p>\n<p> <span style=\"font-family: verdana, geneva; font-size: medium;\">Dimensiones: altura &#8211; 250 mm, di\u00e1metro &#8211; 240 mm<br \/> (Este producto est\u00e1 hecho a mano y el producto final puede diferir ligeramente)<\/span><\/p>\n","protected":false},"excerpt":{"rendered":"<h2><strong><span style=\"font-family: verdana, geneva;font-size: medium\">Orgonite Cloudbuster Base &#8211; \u00a1solo hay que a\u00f1adir tubos! <\/span><\/strong><\/h2>\n<p>&lt;span style=&quot;font-family: verdana, ginebra; font-size: me&#8230;<\/p>\n","protected":false},"featured_media":109,"comment_status":"open","ping_status":"closed","template":"","meta":{"_acf_changed":false},"product_brand":[],"product_cat":[100],"product_tag":[],"class_list":{"0":"post-4187","1":"product","2":"type-product","3":"status-publish","4":"has-post-thumbnail","6":"product_cat-orgonite-cloudbuster","7":"sales-flash-overlay","8":"woocommerce-text-align-center","9":"woocommerce-image-align-center","10":"do-quantity-buttons","12":"first","13":"outofstock","14":"taxable","15":"shipping-taxable","16":"purchasable","17":"product-type-simple"},"acf":[],"_links":{"self":[{"href":"https:\/\/servcrmpro.online\/es\/wp-json\/wp\/v2\/product\/4187","targetHints":{"allow":["GET"]}}],"collection":[{"href":"https:\/\/servcrmpro.online\/es\/wp-json\/wp\/v2\/product"}],"about":[{"href":"https:\/\/servcrmpro.online\/es\/wp-json\/wp\/v2\/types\/product"}],"replies":[{"embeddable":true,"href":"https:\/\/servcrmpro.online\/es\/wp-json\/wp\/v2\/comments?post=4187"}],"wp:featuredmedia":[{"embeddable":true,"href":"https:\/\/servcrmpro.online\/es\/wp-json\/wp\/v2\/media\/109"}],"wp:attachment":[{"href":"https:\/\/servcrmpro.online\/es\/wp-json\/wp\/v2\/media?parent=4187"}],"wp:term":[{"taxonomy":"product_brand","embeddable":true,"href":"https:\/\/servcrmpro.online\/es\/wp-json\/wp\/v2\/product_brand?post=4187"},{"taxonomy":"product_cat","embeddable":true,"href":"https:\/\/servcrmpro.online\/es\/wp-json\/wp\/v2\/product_cat?post=4187"},{"taxonomy":"product_tag","embeddable":true,"href":"https:\/\/servcrmpro.online\/es\/wp-json\/wp\/v2\/product_tag?post=4187"}],"curies":[{"name":"wp","href":"https:\/\/api.w.org\/{rel}","templated":true}]}}