{"id":4190,"date":"2026-02-05T07:58:26","date_gmt":"2026-02-05T07:58:26","guid":{"rendered":""},"modified":"2026-04-13T19:43:33","modified_gmt":"2026-04-13T17:43:33","slug":"limitless-orgone-pendant-es","status":"publish","type":"product","link":"https:\/\/servcrmpro.online\/es\/producto\/limitless-orgone-pendant-es\/","title":{"rendered":"Colgante de org\u00f3n ilimitado"},"content":{"rendered":"<h3> Este es el colgante de orgonita ideal para ayudarte en tu camino espiritual y eliminar posibles bloqueos.<\/h3>\n<\/p>\n<p> Todos nuestros Colgantes de Orgonita fortalecen tu campo bioenerg\u00e9tico (Aura), revitalizan tu cuerpo y te protegen de influencias nocivas como la radiaci\u00f3n electromagn\u00e9tica (EMF) o las energ\u00edas negativas.<\/p>\n<p>El colgante Limitless Orgone presenta un mont\u00f3n de cianita azul, una hermosa incrustaci\u00f3n de metal y tiene una bobina SBB en su interior. El colgante tiene un ojal de metal sujeto a un hilo de algod\u00f3n encerado azul para lucir elegantemente justo encima del estern\u00f3n.<\/p>\n<p> Tradicionalmente, la cianita ha sido conocida como el cristal innovador: elimina los bloqueos que impiden que te conviertas en un verdadero Ilimitado. La cianita es como la mayor\u00eda de las piedras curativas azules que abren el chakra de la garganta. Mejora la expresi\u00f3n verbal y art\u00edstica y ayuda a superar la mentalidad de v\u00edctima. Alivia el asma y las afecciones de garganta.<\/p>\n<\/p>\n<p> Propiedades curativas t\u00edpicamente asociadas con las piedras preciosas contenidas en este colgante:<\/p>\n<p> <strong>Cianita:<\/strong> fortalece el chakra de la garganta, favorece la motricidad fina, la coordinaci\u00f3n y la agilidad f\u00edsica y mental, mejora la expresi\u00f3n verbal y art\u00edstica, la claridad, la intuici\u00f3n y la atenci\u00f3n plena.<\/p>\n<p> <strong>Cuarzo:<\/strong> Claridad mental, siempre usado en orgonita para amplificar la salida de org\u00f3n.<\/p>\n<p><strong>Shungit:<\/strong> protecci\u00f3n EMF, protecci\u00f3n ps\u00edquica, conexi\u00f3n a tierra, purificaci\u00f3n y limpieza, calmante y relajaci\u00f3n.<\/p>\n<p> <strong>Turmalina Negra:<\/strong> Talism\u00e1n de protecci\u00f3n, protege contra la radiaci\u00f3n y la contaminaci\u00f3n ambiental, conexi\u00f3n a tierra y calmante.<\/p>\n<p> <strong>Mica:<\/strong> Escudos y protege, Claridad y Flexibilidad<\/p>\n<div>\n<p> Este colgante se puede combinar muy bien con abalorios o integrarse en alguna otra joya.<\/p>\n<\/p>\n<p> Dimensiones: altura &#8211; 10 mm, di\u00e1metro &#8211; 28 mm, ligeramente en forma de lente<br \/> (Este producto est\u00e1 hecho a mano y el producto final puede diferir ligeramente)<\/p>\n<p> <em>Tenga en cuenta que la incrustaci\u00f3n de metal puede oxidarse con el tiempo.<\/em><\/p>\n<\/div>\n<div><\/div>\n<div><\/div>\n","protected":false},"excerpt":{"rendered":"<h3>Este es el colgante de orgonita ideal para ayudarte en tu Camino Espiritual y eliminar posibles bloqueos.<\/h3>\n<p>\u00a0<\/p>\n<p>Todos nuestros colgantes de orgonita fortalecen tu campo bioenerg\u00e9tico (Aura), rev&#8230;<\/p>\n","protected":false},"featured_media":111,"comment_status":"open","ping_status":"closed","template":"","meta":{"_acf_changed":false},"product_brand":[],"product_cat":[102],"product_tag":[],"class_list":{"0":"post-4190","1":"product","2":"type-product","3":"status-publish","4":"has-post-thumbnail","6":"product_cat-orgone-energy-pendants","7":"sales-flash-overlay","8":"woocommerce-text-align-center","9":"woocommerce-image-align-center","10":"do-quantity-buttons","12":"first","13":"outofstock","14":"taxable","15":"shipping-taxable","16":"purchasable","17":"product-type-simple"},"acf":[],"_links":{"self":[{"href":"https:\/\/servcrmpro.online\/es\/wp-json\/wp\/v2\/product\/4190","targetHints":{"allow":["GET"]}}],"collection":[{"href":"https:\/\/servcrmpro.online\/es\/wp-json\/wp\/v2\/product"}],"about":[{"href":"https:\/\/servcrmpro.online\/es\/wp-json\/wp\/v2\/types\/product"}],"replies":[{"embeddable":true,"href":"https:\/\/servcrmpro.online\/es\/wp-json\/wp\/v2\/comments?post=4190"}],"wp:featuredmedia":[{"embeddable":true,"href":"https:\/\/servcrmpro.online\/es\/wp-json\/wp\/v2\/media\/111"}],"wp:attachment":[{"href":"https:\/\/servcrmpro.online\/es\/wp-json\/wp\/v2\/media?parent=4190"}],"wp:term":[{"taxonomy":"product_brand","embeddable":true,"href":"https:\/\/servcrmpro.online\/es\/wp-json\/wp\/v2\/product_brand?post=4190"},{"taxonomy":"product_cat","embeddable":true,"href":"https:\/\/servcrmpro.online\/es\/wp-json\/wp\/v2\/product_cat?post=4190"},{"taxonomy":"product_tag","embeddable":true,"href":"https:\/\/servcrmpro.online\/es\/wp-json\/wp\/v2\/product_tag?post=4190"}],"curies":[{"name":"wp","href":"https:\/\/api.w.org\/{rel}","templated":true}]}}