{"id":4193,"date":"2026-02-05T07:58:33","date_gmt":"2026-02-05T07:58:33","guid":{"rendered":""},"modified":"2026-04-16T22:45:33","modified_gmt":"2026-04-16T20:45:33","slug":"andalusite-orgone-pendant-es","status":"publish","type":"product","link":"https:\/\/servcrmpro.online\/es\/producto\/andalusite-orgone-pendant-es\/","title":{"rendered":"Colgante Andalusita"},"content":{"rendered":"<p> <strong><span style=\"font-family: verdana, geneva; font-size: medium;\">Este gran colgante de orgonita tiene una energ\u00eda reconfortante y es un fuerte protector contra influencias ps\u00edquicas y particularmente alien\u00edgenas.<\/span><\/strong><\/p>\n<p> <span style=\"font-family: verdana, geneva; font-size: medium;\">Todos nuestros Colgantes de Orgonita fortalecen tu campo bioenerg\u00e9tico (Aura), revitalizan tu cuerpo y te protegen de influencias nocivas como la radiaci\u00f3n electromagn\u00e9tica (EMF) o las energ\u00edas negativas.<\/span><\/p>\n<p> <span style=\"font-family: verdana, geneva; font-size: medium;\">Adem\u00e1s de la Orgonita, este colgante contiene varios cristales y piedras preciosas. Est\u00e1 adornado con cuentas de algod\u00f3n encerado y cuentas decorativas de vidrio y madera. Consulte a continuaci\u00f3n las propiedades curativas espec\u00edficas de cada piedra preciosa utilizada.<\/span><\/p>\n<\/p>\n<p><span style=\"font-family: verdana, geneva; font-size: medium;\"><strong>Habl\u00e9 sobre andalucita<\/strong> en mi blog sobre mi <a title=\"Credo Mutwa y Orgonita\" href=\"https:\/\/www.orgoniseafrica.com\/blog\/visit-to-credo-mutwa\/\" target=\"_blank\" rel=\"noopener\">visita a Credo Mutwa<\/a> en agosto de 2010. Credo me dijo que la andalucita en su versi\u00f3n \u00abmarcada con una cruz\u00bb, tambi\u00e9n conocida como <strong>chiastolita,<\/strong> es el \u00fanico repelente para los alien\u00edgenas grises cuando lo usan los humanos.<\/span><\/p>\n<p><span style=\"font-family: verdana, geneva; font-size: medium;\">Ahora bien, puede que seas uno de esos esc\u00e9pticos que empiezan a re\u00edrse de una manera muy \u00absabidur\u00eda\u00bb tan pronto como alguien menciona a los extraterrestres. Sin embargo, estos peque\u00f1os bichos son muy conocidos en el folclore africano y han sido representados consistentemente de una manera muy similar a los dibujos y bocetos de contactados y uf\u00f3logos \u00aboccidentales\u00bb. Las historias de abducciones por parte de estas criaturas tambi\u00e9n abundan en \u00c1frica y Credo no s\u00f3lo experiment\u00f3 tal abducci\u00f3n con experimentos m\u00e9dicos gen\u00e9ticos en la d\u00e9cada de 1960 en Zimbabwe, sino que tambi\u00e9n ayud\u00f3 a muchos abducidos como sanador espiritual a superar su trauma.<\/span><\/p>\n<p> <span style=\"font-family: verdana, geneva; font-size: medium;\">Las figuras a continuaci\u00f3n son mis seis \u00abmadindane\u00bb que encontr\u00e9 en los mercadillos de Sud\u00e1frica en 2001 despu\u00e9s de mi primer contacto con Credo.<\/span><\/p>\n<p><span style=\"font-family: verdana, geneva; font-size: medium;\">Tenga en cuenta que tienen 6 dedos, seg\u00fan lo informado por numerosos contactados, especialmente de Am\u00e9rica del Sur. (Se muestran 5 dedos + pulgar opuesto)<\/span><\/p>\n<p> <span style=\"font-family: verdana, geneva; font-size: medium;\"><img loading=\"lazy\" decoding=\"async\" src=\"https:\/\/www.orgoniseafrica.com\/images\/madindane400.jpg\" alt=\"\" width=\"400\" height=\"265\"><\/span><\/p>\n<p> <span style=\"font-family: verdana, geneva; font-size: medium;\">Los comentarios de personas sensibles sugieren que este colgante emite una c\u00e1lida energ\u00eda radiante.<\/span><\/p>\n<\/p>\n<p> <span style=\"font-family: verdana, geneva; font-size: medium;\"><strong>Propiedades curativas t\u00edpicamente asociadas con las otras piedras preciosas contenidas en este colgante:<\/strong><\/span><\/p>\n<\/p>\n<p> <span style=\"font-family: verdana, geneva; font-size: medium;\"><strong>&#8211; Andalucita (quiastolita):<\/strong> poderosa protecci\u00f3n contra extraterrestres, ataques ps\u00edquicos y energ\u00eda negativa en general, altamente fundamentadora y armonizadora, considerada para fortalecer la conexi\u00f3n con lo Metaf\u00edsico (es decir, los Registros Ak\u00e1shicos).<\/span><\/p>\n<p><span style=\"font-family: verdana, geneva; font-size: medium;\"><strong>&#8211; Turmalina Negra:<\/strong><\/span> <span style=\"font-size: medium; font-family: verdana, geneva;\">Talism\u00e1n de protecci\u00f3n, protege contra la radiaci\u00f3n y la contaminaci\u00f3n ambiental, conexi\u00f3n a tierra y calmante.<\/span><\/p>\n<p> <span style=\"font-family: verdana, geneva; font-size: medium;\"><strong>&#8211; Mica (Glimmer):<\/strong> Escudos y protege, Claridad y Flexibilidad<\/span><\/p>\n<p> <span style=\"font-family: verdana, geneva; font-size: medium;\"><strong>&#8211; Hoja de Cobre:<\/strong> \u200b\u200bAumenta la claridad y la agilidad mental, desintoxicante<\/span><\/p>\n<p> <span style=\"font-family: verdana, geneva; font-size: medium;\"><strong>&#8211; Shungit:<\/strong> poderosa piedra preciosa de Rusia que protege de la radiaci\u00f3n EMF<\/span><\/p>\n<p> <span style=\"font-family: verdana, geneva; font-size: medium;\"><strong>&#8211; Bobina SBB de cobre:<\/strong> \u200b\u200brevitalizante, especialmente cuando se usa sobre el chakra del coraz\u00f3n.<\/span><\/p>\n<p><span style=\"font-family: verdana, geneva; font-size: medium;\"><strong>&#8211; Cuarzo:<\/strong> Claridad mental, siempre utilizado en Orgonita para amplificar la salida de Org\u00f3n.<\/span><\/p>\n<\/p>\n<\/p>\n<p> <span style=\"font-family: verdana, geneva; font-size: medium;\">Este colgante se puede combinar muy bien con abalorios o integrarse en alguna otra joya.<\/span><\/p>\n<\/p>\n<p> Dimensiones: espesor &#8211; 10 mm, di\u00e1metro &#8211; 34 mm, ligeramente en forma de lente.<\/p>\n<p> (Este producto est\u00e1 hecho a mano y el producto final puede diferir ligeramente)<\/p>\n<\/p><\/p>\n","protected":false},"excerpt":{"rendered":"<p><strong><span style=\"font-family: verdana, ginebra;font-size: medium\">Este gran Colgante de Orgonita tiene una energ\u00eda reconfortante y es un fuerte protector contra la influencia ps\u00edquica y, en particular, alien\u00edgena&#8230;<\/p>\n","protected":false},"featured_media":116,"comment_status":"open","ping_status":"closed","template":"","meta":{"_acf_changed":false},"product_brand":[],"product_cat":[102],"product_tag":[],"class_list":{"0":"post-4193","1":"product","2":"type-product","3":"status-publish","4":"has-post-thumbnail","6":"product_cat-orgone-energy-pendants","7":"sales-flash-overlay","8":"woocommerce-text-align-center","9":"woocommerce-image-align-center","10":"do-quantity-buttons","12":"first","13":"outofstock","14":"taxable","15":"shipping-taxable","16":"purchasable","17":"product-type-simple"},"acf":[],"_links":{"self":[{"href":"https:\/\/servcrmpro.online\/es\/wp-json\/wp\/v2\/product\/4193","targetHints":{"allow":["GET"]}}],"collection":[{"href":"https:\/\/servcrmpro.online\/es\/wp-json\/wp\/v2\/product"}],"about":[{"href":"https:\/\/servcrmpro.online\/es\/wp-json\/wp\/v2\/types\/product"}],"replies":[{"embeddable":true,"href":"https:\/\/servcrmpro.online\/es\/wp-json\/wp\/v2\/comments?post=4193"}],"wp:featuredmedia":[{"embeddable":true,"href":"https:\/\/servcrmpro.online\/es\/wp-json\/wp\/v2\/media\/116"}],"wp:attachment":[{"href":"https:\/\/servcrmpro.online\/es\/wp-json\/wp\/v2\/media?parent=4193"}],"wp:term":[{"taxonomy":"product_brand","embeddable":true,"href":"https:\/\/servcrmpro.online\/es\/wp-json\/wp\/v2\/product_brand?post=4193"},{"taxonomy":"product_cat","embeddable":true,"href":"https:\/\/servcrmpro.online\/es\/wp-json\/wp\/v2\/product_cat?post=4193"},{"taxonomy":"product_tag","embeddable":true,"href":"https:\/\/servcrmpro.online\/es\/wp-json\/wp\/v2\/product_tag?post=4193"}],"curies":[{"name":"wp","href":"https:\/\/api.w.org\/{rel}","templated":true}]}}