{"id":4196,"date":"2026-02-05T07:58:46","date_gmt":"2026-02-05T07:58:46","guid":{"rendered":""},"modified":"2026-04-06T07:31:44","modified_gmt":"2026-04-06T05:31:44","slug":"muti-orgonite-bundle-1-es","status":"publish","type":"product","link":"https:\/\/servcrmpro.online\/es\/producto\/muti-orgonite-bundle-1-es\/","title":{"rendered":"Paquete de orgonita muti"},"content":{"rendered":"<h1><span style=\"font-family: verdana, geneva; font-size: medium;\">Una combinaci\u00f3n poderosa: \u00a1nuestro paquete Muti Orgonite!<\/span><\/h1>\n<p><span style=\"font-family: verdana, geneva; font-size: medium;\">Este paquete brinda toda la manifestaci\u00f3n de riqueza, protecci\u00f3n y conexi\u00f3n a tierra que puedas desear de Orgonita. Nuestra mezcla Muti (medicina tradicional africana a base de hierbas) tiene como objetivo aumentar su riqueza y abundancia en todos los niveles, no solo en el f\u00edsico. Tambi\u00e9n es una fuerte conexi\u00f3n a tierra y proteger\u00e1 de todo tipo de interferencias negativas, desde EMF hasta magia negra e interferencias ps\u00edquicas.<\/span><\/p>\n<p><em><span style=\"font-family: verdana, geneva; font-size: medium;\">El precio de este paquete se calcula para que reciba un 15 % de descuento en nuestra Muti Orgonite en comparaci\u00f3n con la compra de cada art\u00edculo por separado.<\/span><\/em><\/p>\n<p><strong><span style=\"font-family: verdana, geneva; font-size: medium;\">Usted recibir\u00e1:<\/span><\/strong><\/p>\n<p><strong><span style=\"font-family: verdana, geneva; font-size: medium;\">&#8211; Muti HHG:<\/span><\/strong> <span style=\"font-family: verdana, geneva; font-size: medium;\">Nuestra Orgonita Muti m\u00e1s lujosa, esta energizar\u00e1 y proteger\u00e1 su hogar y aumentar\u00e1 la vitalidad y la sensaci\u00f3n de alegr\u00eda en su entorno.<\/span><\/p>\n<p><strong><span style=\"font-family: verdana, geneva; font-size: medium;\">&#8211; Muti Brick:<\/span><\/strong> <span style=\"font-family: verdana, geneva; font-size: medium;\">La bobina de cobre del Muti Brick lo hace perfecto para la curaci\u00f3n y regeneraci\u00f3n personal. \u00daselo usted mismo o ll\u00e9velo consigo como protector de viaje.<\/span><\/p>\n<p><strong><span style=\"font-family: verdana, geneva; font-size: medium;\">&#8211; 2 Muti Towerbusters:<\/span><\/strong> <span style=\"font-family: verdana, geneva; font-size: medium;\">El Muti TB mejora la conexi\u00f3n a tierra en su espacio y lo protege de EMF y otras interferencias negativas.<\/span><\/p>\n<p><span style=\"font-family: verdana, geneva; font-size: medium;\"><strong>&#8211; Colgante Muti peque\u00f1o:<\/strong> este colgante mejora la conexi\u00f3n a tierra y la claridad mental, y te ayuda a conectarte con tus ra\u00edces, adem\u00e1s de protegerte de los campos electromagn\u00e9ticos mientras viajas.<\/span><\/p>\n<p><span style=\"font-family: verdana, geneva; font-size: medium;\">&#8211; <strong>Colgante Muti grande:<\/strong> este colgante mejora la conexi\u00f3n a tierra y la claridad mental, y te ayuda a conectarte con tus ra\u00edces, adem\u00e1s de protegerte de los campos electromagn\u00e9ticos mientras viajas.<\/span><\/p>\n","protected":false},"excerpt":{"rendered":"<h1><span style=\"font-family: verdana, ginebra;font-size: medium\">Una combinaci\u00f3n potente: nuestro Muti Orgonite Bundle!<\/span><\/h1>\n<p><span style=\"font-family: verdana, ginebra;font-size: medium\">This &#8230;<\/p>\n","protected":false},"featured_media":118,"comment_status":"open","ping_status":"closed","template":"","meta":{"_acf_changed":false},"product_brand":[],"product_cat":[48,70],"product_tag":[],"class_list":{"0":"post-4196","1":"product","2":"type-product","3":"status-publish","4":"has-post-thumbnail","6":"product_cat-bundles-kits","7":"product_cat-tactical-orgonite","8":"sales-flash-overlay","9":"woocommerce-text-align-center","10":"woocommerce-image-align-center","11":"do-quantity-buttons","13":"first","14":"outofstock","15":"taxable","16":"shipping-taxable","17":"purchasable","18":"product-type-simple"},"acf":[],"_links":{"self":[{"href":"https:\/\/servcrmpro.online\/es\/wp-json\/wp\/v2\/product\/4196","targetHints":{"allow":["GET"]}}],"collection":[{"href":"https:\/\/servcrmpro.online\/es\/wp-json\/wp\/v2\/product"}],"about":[{"href":"https:\/\/servcrmpro.online\/es\/wp-json\/wp\/v2\/types\/product"}],"replies":[{"embeddable":true,"href":"https:\/\/servcrmpro.online\/es\/wp-json\/wp\/v2\/comments?post=4196"}],"wp:featuredmedia":[{"embeddable":true,"href":"https:\/\/servcrmpro.online\/es\/wp-json\/wp\/v2\/media\/118"}],"wp:attachment":[{"href":"https:\/\/servcrmpro.online\/es\/wp-json\/wp\/v2\/media?parent=4196"}],"wp:term":[{"taxonomy":"product_brand","embeddable":true,"href":"https:\/\/servcrmpro.online\/es\/wp-json\/wp\/v2\/product_brand?post=4196"},{"taxonomy":"product_cat","embeddable":true,"href":"https:\/\/servcrmpro.online\/es\/wp-json\/wp\/v2\/product_cat?post=4196"},{"taxonomy":"product_tag","embeddable":true,"href":"https:\/\/servcrmpro.online\/es\/wp-json\/wp\/v2\/product_tag?post=4196"}],"curies":[{"name":"wp","href":"https:\/\/api.w.org\/{rel}","templated":true}]}}