{"id":4199,"date":"2026-02-05T08:36:48","date_gmt":"2026-02-05T08:36:48","guid":{"rendered":""},"modified":"2026-04-12T13:17:42","modified_gmt":"2026-04-12T11:17:42","slug":"orgone-zapper-standard-es","status":"publish","type":"product","link":"https:\/\/servcrmpro.online\/es\/producto\/orgone-zapper-standard-es\/","title":{"rendered":"Est\u00e1ndar Orgone Zapper"},"content":{"rendered":"<h2>Orgone Zapper con electrodos de cobre<\/h2>\n<p>Orgonita Clark Zapper estilo Terminator con un sofisticado sistema de componentes que mejoran <strong>la energ\u00eda org\u00f3n<\/strong> , de ah\u00ed el nombre <strong>Orgone Zapper.<\/strong><\/p>\n<p><strong>\u00a1Este Orgone zapper est\u00e1 probado desde 2002!<\/strong><\/p>\n<p>Un bloque de orgonita, un im\u00e1n de neodimio, una bobina de Mobius, un cristal de amatista y un granate se utilizan para mejorar el campo bioenerg\u00e9tico del usuario y as\u00ed estimular los procesos de curaci\u00f3n y mejorar el bienestar general. <strong>Los electrodos de cobre est\u00e1n bien establecidos y son efectivos<\/strong> en los zappers Orgone y todos los dem\u00e1s tipos de zappers y funcionan muy bien en esta configuraci\u00f3n.<\/p>\n<div style=\"text-align: left;\"><img decoding=\"async\" style=\"float: none;\" alt=\"Orgonite, gemstones, coils and magnets helping to achieve superior orgone healing power\" src=\"https:\/\/cdn.shopify.com\/s\/files\/1\/0660\/4419\/8969\/files\/050722_zapper_from_within300.jpg\"><\/div>\n<p><strong><strong>Especificaciones:<\/strong><\/p>\n<p><\/strong> Frecuencia: CC pulsada de 15 Hz <br \/>Bater\u00eda: 9V PP3 <em>debido a restricciones de las aerol\u00edneas no podemos enviar la bater\u00eda de 9v con el zapper<\/em><br \/> Electrodos: Cobre<\/p>\n<p>Correa de velcro extra\u00edble<br \/> Microconector de 2,5 mm para dispositivos externos<br \/> Im\u00e1n de Neodimio 10,3 x 3 mm<br \/> Bobina de Mobius, protegida por cable delimitador<br \/> bloque de orgonita<br \/> Cristal de amatista enrollado en un cable de \u00abcola\u00bb<br \/> Cristal granate enrollado en un cable de \u00abcabeza\u00bb<br \/> LED para mostrar el estado de encendido\/apagado<\/p>\n<p>Dimensiones: largo &#8211; 84 mm, ancho &#8211; 50 mm, alto &#8211; 20 mm<br \/> (Este producto est\u00e1 hecho a mano y el producto final puede diferir ligeramente)<\/p>\n","protected":false},"excerpt":{"rendered":"<p>Un Clark Zapper de orgonita estilo Terminator con un sofisticado sistema de componentes que aumentan la energ\u00eda del org\u00f3n, de ah\u00ed el nombre Orgone Zapper.<\/p>\n","protected":false},"featured_media":131,"comment_status":"open","ping_status":"closed","template":"","meta":{"_acf_changed":false},"product_brand":[],"product_cat":[26],"product_tag":[],"class_list":{"0":"post-4199","1":"product","2":"type-product","3":"status-publish","4":"has-post-thumbnail","6":"product_cat-orgone-zappers","7":"sales-flash-overlay","8":"woocommerce-text-align-center","9":"woocommerce-image-align-center","10":"do-quantity-buttons","12":"first","13":"instock","14":"taxable","15":"shipping-taxable","16":"purchasable","17":"product-type-simple"},"acf":[],"_links":{"self":[{"href":"https:\/\/servcrmpro.online\/es\/wp-json\/wp\/v2\/product\/4199","targetHints":{"allow":["GET"]}}],"collection":[{"href":"https:\/\/servcrmpro.online\/es\/wp-json\/wp\/v2\/product"}],"about":[{"href":"https:\/\/servcrmpro.online\/es\/wp-json\/wp\/v2\/types\/product"}],"replies":[{"embeddable":true,"href":"https:\/\/servcrmpro.online\/es\/wp-json\/wp\/v2\/comments?post=4199"}],"wp:featuredmedia":[{"embeddable":true,"href":"https:\/\/servcrmpro.online\/es\/wp-json\/wp\/v2\/media\/131"}],"wp:attachment":[{"href":"https:\/\/servcrmpro.online\/es\/wp-json\/wp\/v2\/media?parent=4199"}],"wp:term":[{"taxonomy":"product_brand","embeddable":true,"href":"https:\/\/servcrmpro.online\/es\/wp-json\/wp\/v2\/product_brand?post=4199"},{"taxonomy":"product_cat","embeddable":true,"href":"https:\/\/servcrmpro.online\/es\/wp-json\/wp\/v2\/product_cat?post=4199"},{"taxonomy":"product_tag","embeddable":true,"href":"https:\/\/servcrmpro.online\/es\/wp-json\/wp\/v2\/product_tag?post=4199"}],"curies":[{"name":"wp","href":"https:\/\/api.w.org\/{rel}","templated":true}]}}