{"id":4202,"date":"2026-02-05T08:37:08","date_gmt":"2026-02-05T08:37:08","guid":{"rendered":""},"modified":"2026-04-10T02:09:58","modified_gmt":"2026-04-10T00:09:58","slug":"the-muti-orgone-brick-es","status":"publish","type":"product","link":"https:\/\/servcrmpro.online\/es\/producto\/the-muti-orgone-brick-es\/","title":{"rendered":"El ladrillo Muti Orgone"},"content":{"rendered":"<h2>Orgonita y medicina africana<br \/><\/h2>\n<p>El <strong>bloque de orgonita Muti<\/strong> con una <strong>bobina SBB<\/strong> de tama\u00f1o completo y un <strong>im\u00e1n de neodimio alineado al norte<\/strong> es un resumen de la idea <strong>del bot\u00f3n St Busters<\/strong> con la <strong>orgonita Muti<\/strong> .<\/p>\n<p> El bloque de orgonita Muti es ligeramente m\u00e1s grande que el amuleto de orgonita Muti similar y, por lo tanto, es considerablemente m\u00e1s fuerte.<br \/> El <strong>bloque de orgonita<\/strong> Muti es un poderoso dispositivo curativo que se coloca sobre el cuerpo para revitalizarlo y sanarlo. Tambi\u00e9n es maravilloso simplemente sostenerlo en la mano o tenerlo tirado en alg\u00fan lugar de la habitaci\u00f3n, por eso tambi\u00e9n es muy hermoso a la vista.<\/p>\n<p> \u00a1Simplemente juega con \u00e9l y ver\u00e1s lo que hace por ti!<\/p>\n<p> <strong>Aqu\u00ed hay una lista de los componentes del bloque de orgonita Muti y sus efectos especiales:<\/strong><\/p>\n<ul>\n<li><strong>La Cruz Dorada Multi:<\/strong> contiene la mezcla de hierbas curativas africanas de <strong>NaDlonge<\/strong><\/li>\n<li><strong>Conchas de cauri:<\/strong> antiguamente se utilizaban como dinero en \u00c1frica. S\u00edmbolo y multiplicador de prosperidad y abundancia.<\/li>\n<li><strong>Cuarzo granate hematita de Kuruman<\/strong> : esta roca mixta solo se encuentra en esta forma en Kuruman. La <strong>hematita<\/strong> promueve la vitalidad, el entusiasmo por la vida y la producci\u00f3n de gl\u00f3bulos rojos, mientras que el <strong>granate<\/strong> promueve la resistencia en situaciones dif\u00edciles, el sentido de comunidad y la libido. <strong>El cuarzo<\/strong> es un componente est\u00e1ndar de la orgonita. Amplifica la energ\u00eda org\u00f3nica generada y ayuda a distribuirla ampliamente.<\/li>\n<li><strong>Bobina SBB:<\/strong> estimulaci\u00f3n del chakra del coraz\u00f3n<\/li>\n<li><strong>Im\u00e1n de neodimio:<\/strong> Los imanes tienen un poder curativo bien documentado. En combinaci\u00f3n con orgonita, se aumenta la penetraci\u00f3n de energ\u00eda org\u00f3nica positiva en \u00e1reas m\u00e1s profundas del cuerpo.<\/li>\n<li><strong>Turmalina negra:<\/strong> Estimula el flujo de energ\u00eda, analg\u00e9sico natural, relajaci\u00f3n, neutraliza los efectos negativos de la radiaci\u00f3n.<\/li>\n<li><strong>Amatista:<\/strong> Concentraci\u00f3n y claridad mental, paz interior.<\/li>\n<li><strong>Cristal de cuarzo de doble punta 20-30mm:<\/strong> Antena, amplifica el efecto de la orgonita.<\/li>\n<li><strong>Orgonita:<\/strong> El componente m\u00e1s importante de todos nuestros dispositivos de sanaci\u00f3n. La orgonita consiste en una mezcla de limaduras de metal y resina sint\u00e9tica que transforma la energ\u00eda et\u00e9rica negativa estancada (DOR) en energ\u00eda org\u00f3nica positiva que mejora la vida (POR).\n<\/li>\n<\/ul>\n<p>Dimensiones: 123 x 56 x 20 mm o 4,84&#8242; x 2,20&#8242; x 0,79&#8242;<\/p>\n<p>*Todas las dimensiones son aproximadas; el producto est\u00e1 hecho a mano; el producto final puede diferir de la foto*<\/p>\n","protected":false},"excerpt":{"rendered":"<p>El bloque de Muti Orgonita con una bobina SBB de tama\u00f1o completo y un im\u00e1n de neodimio alineado al norte es un resumen de la idea del bot\u00f3n de St Busters con el Muti Orgonite. El bloque de Muti Orgonita es ligeramente m\u00e1s grande que el similar amuleto de orgonita de Muti y por tanto considerablemente m\u00e1s resistente. El Muti Orgonite&#8230;<\/p>\n","protected":false},"featured_media":133,"comment_status":"open","ping_status":"closed","template":"","meta":{"_acf_changed":false},"product_brand":[],"product_cat":[34],"product_tag":[],"class_list":{"0":"post-4202","1":"product","2":"type-product","3":"status-publish","4":"has-post-thumbnail","6":"product_cat-emf-protection","7":"sales-flash-overlay","8":"woocommerce-text-align-center","9":"woocommerce-image-align-center","10":"do-quantity-buttons","12":"first","13":"instock","14":"taxable","15":"shipping-taxable","16":"purchasable","17":"product-type-simple"},"acf":[],"_links":{"self":[{"href":"https:\/\/servcrmpro.online\/es\/wp-json\/wp\/v2\/product\/4202","targetHints":{"allow":["GET"]}}],"collection":[{"href":"https:\/\/servcrmpro.online\/es\/wp-json\/wp\/v2\/product"}],"about":[{"href":"https:\/\/servcrmpro.online\/es\/wp-json\/wp\/v2\/types\/product"}],"replies":[{"embeddable":true,"href":"https:\/\/servcrmpro.online\/es\/wp-json\/wp\/v2\/comments?post=4202"}],"wp:featuredmedia":[{"embeddable":true,"href":"https:\/\/servcrmpro.online\/es\/wp-json\/wp\/v2\/media\/133"}],"wp:attachment":[{"href":"https:\/\/servcrmpro.online\/es\/wp-json\/wp\/v2\/media?parent=4202"}],"wp:term":[{"taxonomy":"product_brand","embeddable":true,"href":"https:\/\/servcrmpro.online\/es\/wp-json\/wp\/v2\/product_brand?post=4202"},{"taxonomy":"product_cat","embeddable":true,"href":"https:\/\/servcrmpro.online\/es\/wp-json\/wp\/v2\/product_cat?post=4202"},{"taxonomy":"product_tag","embeddable":true,"href":"https:\/\/servcrmpro.online\/es\/wp-json\/wp\/v2\/product_tag?post=4202"}],"curies":[{"name":"wp","href":"https:\/\/api.w.org\/{rel}","templated":true}]}}