{"id":4208,"date":"2026-02-05T08:37:21","date_gmt":"2026-02-05T08:37:21","guid":{"rendered":""},"modified":"2026-04-08T20:13:53","modified_gmt":"2026-04-08T18:13:53","slug":"3-beehive-boosters-es","status":"publish","type":"product","link":"https:\/\/servcrmpro.online\/es\/producto\/3-beehive-boosters-es\/","title":{"rendered":"3 potenciadores de colmena"},"content":{"rendered":"<p> <strong><span style=\"font-family: verdana, geneva; font-size: medium;\">Fortalece y protege tus abejas y tu colmena con estos relajantes potenciadores de colmena de orgonita.<\/span><\/strong><\/p>\n<\/p>\n<p><span style=\"font-family: verdana, geneva; font-size: medium;\">Las abejas prosperan con la energ\u00eda Org\u00f3n y los recientes problemas de enfermedades y muerte masiva de las poblaciones de abejas son un indicador seguro de que hay mucha energ\u00eda muy mala en el exterior. La radiaci\u00f3n EMF causada por mis torres de telefon\u00eda celular es uno de los principales contribuyentes a esta \u00abred\u00bb de electrosmog que las sensibles poblaciones de abejas no pueden sobrevivir.<\/span><\/p>\n<p> <span style=\"font-family: verdana, geneva; font-size: medium;\">Por supuesto, cualquier Orgonita ayudar\u00e1 a las abejas, pero estas han sido espec\u00edficamente \u00abcondimentadas\u00bb para lograr el m\u00e1ximo efecto y estimulaci\u00f3n positiva de felicidad y salud en su colmena.<\/span><\/p>\n<p> <span style=\"font-family: verdana, geneva; font-size: medium;\">Adem\u00e1s de la forma hexagonal, que corresponde con la estructura de panal de la colmena, hemos a\u00f1adido cuarzo rosa, cuarzo com\u00fan y flor de lavanda.<\/span><\/p>\n<\/p>\n<p> <strong><span style=\"font-family: verdana, geneva; font-size: medium;\">Beneficios t\u00edpicamente asociados con los ingredientes de nuestros Bee Boosters:<\/span><\/strong><\/p>\n<p><strong><span style=\"font-family: verdana, geneva; font-size: medium;\">&#8211; Cuarzo:<\/span><\/strong> <span style=\"font-family: verdana, geneva; font-size: medium;\">amplifica la energ\u00eda generada por la Orgonita<\/span><\/p>\n<p> <strong><span style=\"font-family: verdana, geneva; font-size: medium;\">&#8211; Cuarzo rosa:<\/span><\/strong> <span style=\"font-family: verdana, geneva; font-size: medium;\">Calmante, Reduce el estr\u00e9s y la tensi\u00f3n, Promueve la crianza<\/span><\/p>\n<p> <strong><span style=\"font-family: verdana, geneva; font-size: medium;\">&#8211; Lavanda:<\/span><\/strong> <span style=\"font-family: verdana, geneva; font-size: medium;\">Calmante, Alivia la inquietud, Difunde el trauma<\/span><\/p>\n<\/p>\n<p><span style=\"font-family: verdana, geneva; font-size: medium;\">Las poblaciones de abejas, especialmente las que se encuentran en las ciudades, aunque esto tambi\u00e9n se aplica a las del campo, ya que el electrosmog es casi omnipresente en este momento, est\u00e1n actualmente demasiado agitadas. Parecen reaccionar negativamente a la alta tensi\u00f3n de la radiaci\u00f3n EMF presente en todas partes, lo que les lleva a producir menos miel y efectivamente a extinguirse. Otro efecto de esta agitaci\u00f3n masiva es el sobrecalentamiento de la temperatura interna de la colmena, lo que lleva a la extinci\u00f3n de poblaciones enteras de abejas.<\/span><\/p>\n<p> <span style=\"font-family: verdana, geneva; font-size: medium;\">Los ingredientes calmantes de nuestros Beehive Boosters est\u00e1n destinados a contrarrestar esta agitaci\u00f3n.<\/span><\/p>\n<p> <span style=\"font-family: verdana, geneva; font-size: medium;\">Coloque 3 alrededor de cada colmena. (Est\u00e1s comprando un juego de 3 con este producto)<\/span><\/p>\n<p> Dimensiones: altura &#8211; 29 mm, di\u00e1metro &#8211; 38 mm<br \/> (Este producto est\u00e1 hecho a mano y el producto final puede diferir ligeramente)<\/p>\n","protected":false},"excerpt":{"rendered":"<p>Fortalece y protege a tus abejas y colmenas con estos relajantes Potenciadores Orgonite Beehuni.<\/p>\n","protected":false},"featured_media":139,"comment_status":"open","ping_status":"closed","template":"","meta":{"_acf_changed":false},"product_brand":[],"product_cat":[70],"product_tag":[],"class_list":{"0":"post-4208","1":"product","2":"type-product","3":"status-publish","4":"has-post-thumbnail","6":"product_cat-tactical-orgonite","7":"sales-flash-overlay","8":"woocommerce-text-align-center","9":"woocommerce-image-align-center","10":"do-quantity-buttons","12":"first","13":"instock","14":"taxable","15":"shipping-taxable","16":"purchasable","17":"product-type-simple"},"acf":[],"_links":{"self":[{"href":"https:\/\/servcrmpro.online\/es\/wp-json\/wp\/v2\/product\/4208","targetHints":{"allow":["GET"]}}],"collection":[{"href":"https:\/\/servcrmpro.online\/es\/wp-json\/wp\/v2\/product"}],"about":[{"href":"https:\/\/servcrmpro.online\/es\/wp-json\/wp\/v2\/types\/product"}],"replies":[{"embeddable":true,"href":"https:\/\/servcrmpro.online\/es\/wp-json\/wp\/v2\/comments?post=4208"}],"wp:featuredmedia":[{"embeddable":true,"href":"https:\/\/servcrmpro.online\/es\/wp-json\/wp\/v2\/media\/139"}],"wp:attachment":[{"href":"https:\/\/servcrmpro.online\/es\/wp-json\/wp\/v2\/media?parent=4208"}],"wp:term":[{"taxonomy":"product_brand","embeddable":true,"href":"https:\/\/servcrmpro.online\/es\/wp-json\/wp\/v2\/product_brand?post=4208"},{"taxonomy":"product_cat","embeddable":true,"href":"https:\/\/servcrmpro.online\/es\/wp-json\/wp\/v2\/product_cat?post=4208"},{"taxonomy":"product_tag","embeddable":true,"href":"https:\/\/servcrmpro.online\/es\/wp-json\/wp\/v2\/product_tag?post=4208"}],"curies":[{"name":"wp","href":"https:\/\/api.w.org\/{rel}","templated":true}]}}