{"id":4211,"date":"2026-02-05T08:39:44","date_gmt":"2026-02-05T08:39:44","guid":{"rendered":""},"modified":"2026-04-08T21:03:18","modified_gmt":"2026-04-08T19:03:18","slug":"smart-meter-shield-es","status":"publish","type":"product","link":"https:\/\/servcrmpro.online\/es\/producto\/smart-meter-shield-es\/","title":{"rendered":"Escudo de medidor inteligente"},"content":{"rendered":"<p> <strong><span style=\"font-family: verdana, geneva; font-size: medium;\">\u00a1Neutralice los peligros da\u00f1inos de la radiaci\u00f3n del medidor inteligente con este poderoso escudo de medidor inteligente de orgonita!<\/span><\/strong><\/p>\n<p> <span style=\"font-family: verdana, geneva; font-size: medium;\">Desde la introducci\u00f3n de los contadores inteligentes, las personas que los tienen instalados se quejan de multitud de dolencias:<\/span><\/p>\n<p> <span style=\"font-family: verdana, geneva; font-size: medium;\"><img decoding=\"async\" alt=\"\" src=\"https:\/\/cdn.shopify.com\/s\/files\/1\/0660\/4419\/8969\/files\/Screenshot_2024-06-09_at_21.00.12.png?v=1717959651\"><\/span><\/p>\n<p> <em><span style=\"font-size: medium; font-family: verdana, geneva;\">Imagen cortes\u00eda de http:\/\/emfsafetynetwork.org<\/span><\/em><\/p>\n<h1> <span style=\"font-family: verdana, geneva; font-size: medium;\"><strong>Lista de algunos s\u00edntomas de peligro para la salud por radiaci\u00f3n del medidor inteligente:<\/strong><\/span><br \/>\n<\/h1>\n<p style=\"padding-left: 60px;\"> <span style=\"font-family: verdana, geneva; font-size: medium;\">&#8211; Problemas de sue\u00f1o (insomnio, dificultad para conciliar el sue\u00f1o, despertares nocturnos, pesadillas)<\/span> <br \/><span style=\"font-family: verdana, geneva; font-size: medium;\">&#8211; Estr\u00e9s, agitaci\u00f3n, ansiedad, irritabilidad.<\/span><br \/> <span style=\"font-family: verdana, geneva; font-size: medium;\">&#8211; Dolores de cabeza, dolor agudo o presi\u00f3n en la cabeza.<\/span><br \/> <span style=\"font-family: verdana, geneva; font-size: medium;\">&#8211; Zumbidos en los o\u00eddos, dolor de o\u00eddo, zumbidos agudos.<\/span><br \/> <span style=\"font-family: verdana, geneva; font-size: medium;\">&#8211; Problemas de concentraci\u00f3n, memoria o aprendizaje.<\/span><br \/> <span style=\"font-family: verdana, geneva; font-size: medium;\">&#8211; Fatiga, debilidad muscular o f\u00edsica.<\/span><br \/> <span style=\"font-family: verdana, geneva; font-size: medium;\">&#8211; Desorientaci\u00f3n, mareos o problemas de equilibrio.<\/span><br \/> <span style=\"font-family: verdana, geneva; font-size: medium;\">&#8211; Problemas oculares, incluidos dolor ocular, presi\u00f3n en los ojos,<\/span><br \/> <span style=\"font-family: verdana, geneva; font-size: medium;\">&#8211; S\u00edntomas card\u00edacos, palpitaciones del coraz\u00f3n, arritmias card\u00edacas, dolor en el pecho.<\/span> <br \/><span style=\"font-family: verdana, geneva; font-size: medium;\">&#8211; Calambres en las piernas o neuropat\u00eda.<\/span><br \/> <span style=\"font-family: verdana, geneva; font-size: medium;\">&#8211; Artritis, dolores corporales, dolores agudos y punzantes.<\/span><br \/> <span style=\"font-family: verdana, geneva; font-size: medium;\">&#8211; N\u00e1useas, s\u00edntomas parecidos a los de la gripe.<\/span><br \/> <span style=\"font-family: verdana, geneva; font-size: medium;\">&#8211; Problemas sinusales, hemorragias nasales.<\/span><br \/> <span style=\"font-family: verdana, geneva; font-size: medium;\">&#8211; Problemas respiratorios, tos, asma.<\/span><br \/> <span style=\"font-family: verdana, geneva; font-size: medium;\">&#8211; Erupciones cut\u00e1neas, enrojecimiento facial.<\/span><br \/> <span style=\"font-family: verdana, geneva; font-size: medium;\">&#8211; Problemas urinarios<\/span><br \/> <span style=\"font-family: verdana, geneva; font-size: medium;\">&#8211; Trastornos endocrinos, problemas de tiroides, diabetes.<\/span><br \/> <span style=\"font-family: verdana, geneva; font-size: medium;\">&#8211; Hipertensi\u00f3n<\/span><br \/> <span style=\"font-family: verdana, geneva; font-size: medium;\">&#8211; Cambios en el ciclo menstrual.<\/span> <br \/><span style=\"font-family: verdana, geneva; font-size: medium;\">&#8211; Hiperactividad o cambios en el comportamiento de los ni\u00f1os.<\/span><br \/> <span style=\"font-family: verdana, geneva; font-size: medium;\">&#8211; Convulsiones<\/span><br \/> <span style=\"font-family: verdana, geneva; font-size: medium;\">&#8211; Recurrencia del c\u00e1ncer<\/span><\/p>\n<p style=\"padding-left: 60px;\"> <span style=\"font-family: verdana, geneva; font-size: medium;\">Tomado de <a href=\"http:\/\/emfsafetynetwork.org\/wp-content\/uploads\/2011\/09\/Wireless-Utility-Meter-Safety-Impacts-Survey-Results-Final.pdf\" target=\"_blank\" rel=\"noopener\">la Encuesta de la Red de Seguridad EMF<\/a> 2011<\/span><br \/> <span style=\"font-family: verdana, geneva; font-size: medium;\"><a href=\"http:\/\/emfsafetynetwork.org\/wp-content\/uploads\/2010\/08\/Symptoms-after-Exposure-to-Smart-Meter-Radiation.pdf\" target=\"_blank\" rel=\"noopener\">S\u00edntomas despu\u00e9s de la exposici\u00f3n a la radiaci\u00f3n del medidor inteligente<\/a> Por el Dr. Ron Powell<\/span><\/p>\n<p><span style=\"font-family: verdana, geneva; font-size: medium;\">\u00a0<\/span><\/p>\n<p><span style=\"font-family: verdana, geneva; font-size: medium;\">La orgonita cambia dr\u00e1sticamente las caracter\u00edsticas del campo de energ\u00eda creado por dicha radiaci\u00f3n electromagn\u00e9tica sin interrumpir la funci\u00f3n leg\u00edtima del medidor.<\/span><\/p>\n<p> <span style=\"font-family: verdana, geneva; font-size: medium;\">La forma en que hemos visto que sucede con las torres de telefon\u00eda celular, las instalaciones de radar y los tel\u00e9fonos celulares es la siguiente: la fuerte radiaci\u00f3n electromagn\u00e9tica crea un estado estancado del \u00e9ter o \u00abflujo de energ\u00eda ambiental\u00bb que el Dr. Wilhelm Reich describi\u00f3 como \u00abOrg\u00f3n Mortal\u00bb o DOR. . La Orgonita devuelve ese campo de energ\u00eda a un estado fluido y animado, tambi\u00e9n conocido como POR u Org\u00f3n Positivo.<\/span><\/p>\n<h1> <span style=\"font-family: verdana, geneva; font-size: medium;\">\u00bfC\u00f3mo sabemos que esto funciona?<\/span><br \/>\n<\/h1>\n<p> <span style=\"font-family: verdana, geneva; font-size: medium;\">La energ\u00eda org\u00f3nica es dif\u00edcil de medir con instrumentos convencionales, aunque se han hecho intentos exitosos de construir \u00abmedidores de energ\u00eda vital\u00bb experimentales.<\/span><\/p>\n<p><span style=\"font-family: verdana, geneva; font-size: medium;\">Sin embargo, varios m\u00e9todos de biorretroalimentaci\u00f3n e informes de usuarios dan una indicaci\u00f3n clara de grandes mejoras. Y aparte de las impresiones subjetivas de las personas sensibles (sensibles a la energ\u00eda o ps\u00edquicos), los experimentos con el crecimiento de las plantas dan una gran confirmaci\u00f3n de la eficacia de la Orgonita.<\/span><\/p>\n<p> <span style=\"font-family: verdana, geneva; font-size: medium;\">Consulte aqu\u00ed nuestro <a title=\"Experimento de orgonita con chip de tel\u00e9fono m\u00f3vil\" href=\"https:\/\/www.orgoniseafrica.com\/orgonite-plant-growth\" rel=\"noopener\" target=\"_blank\">propio experimento<\/a> con los Minishields que protegen tel\u00e9fonos m\u00f3viles, mucho m\u00e1s peque\u00f1os.<\/span><\/p>\n<p> <span style=\"font-family: verdana, geneva; font-size: medium;\">Adem\u00e1s de la probada y confiable mezcla de Orgonita con cristales de Cuarzo, el Smart Meter Shield contiene las siguientes piedras preciosas para una mayor protecci\u00f3n:<\/span><\/p>\n<p><strong style=\"font-family: verdana, geneva; font-size: medium;\">&#8211; Shungit:<\/strong> <span style=\"font-family: verdana, geneva; font-size: medium;\">la \u00faltima moda en Rusia, donde esta piedra por s\u00ed sola se utiliza regularmente para la protecci\u00f3n contra la radiaci\u00f3n a gran escala. All\u00ed se utiliza en forma de polvo, disuelto en pintura al \u00f3leo o acr\u00edlica, para proteger edificios enteros.<\/span><\/p>\n<p> <strong style=\"font-family: verdana, geneva; font-size: medium;\">&#8211; Turmalina Negra:<\/strong> <span style=\"font-family: verdana, geneva; font-size: medium;\">Piedra curativa tradicional, bien establecida en aplicaciones de protecci\u00f3n radiol\u00f3gica.<\/span><\/p>\n<p> <strong style=\"font-family: verdana, geneva; font-size: medium;\">&#8211; Jaspis Rojo:<\/strong> <span style=\"font-family: verdana, geneva; font-size: medium;\">Revitalizante y tonificante, actuando especialmente sobre la sangre, para contrarrestar cualquier s\u00edntoma de fatiga o agotamiento causado por el estr\u00e9s de los campos electromagn\u00e9ticos.<\/span><\/p>\n<\/p>\n<p> <span style=\"font-size: medium; font-family: verdana, geneva;\">Peso: aproximadamente 225 g<\/span><\/p>\n<p><span style=\"font-size: medium; font-family: verdana, geneva;\">Dimensiones: largo &#8211; 90 mm, ancho &#8211; 90 mm, alto &#8211; 25 mm<br \/> (Este producto est\u00e1 hecho a mano y el producto final puede diferir ligeramente)<\/span><\/p>\n","protected":false},"excerpt":{"rendered":"<p>\u00a1Neutraliza los peligros da\u00f1inos de la radiaci\u00f3n de los contadores inteligentes con este potente escudo Orgonita Smart Meter!<\/p>\n","protected":false},"featured_media":141,"comment_status":"open","ping_status":"closed","template":"","meta":{"_acf_changed":false},"product_brand":[],"product_cat":[34],"product_tag":[],"class_list":{"0":"post-4211","1":"product","2":"type-product","3":"status-publish","4":"has-post-thumbnail","6":"product_cat-emf-protection","7":"sales-flash-overlay","8":"woocommerce-text-align-center","9":"woocommerce-image-align-center","10":"do-quantity-buttons","12":"first","13":"instock","14":"taxable","15":"shipping-taxable","16":"purchasable","17":"product-type-simple"},"acf":[],"_links":{"self":[{"href":"https:\/\/servcrmpro.online\/es\/wp-json\/wp\/v2\/product\/4211","targetHints":{"allow":["GET"]}}],"collection":[{"href":"https:\/\/servcrmpro.online\/es\/wp-json\/wp\/v2\/product"}],"about":[{"href":"https:\/\/servcrmpro.online\/es\/wp-json\/wp\/v2\/types\/product"}],"replies":[{"embeddable":true,"href":"https:\/\/servcrmpro.online\/es\/wp-json\/wp\/v2\/comments?post=4211"}],"wp:featuredmedia":[{"embeddable":true,"href":"https:\/\/servcrmpro.online\/es\/wp-json\/wp\/v2\/media\/141"}],"wp:attachment":[{"href":"https:\/\/servcrmpro.online\/es\/wp-json\/wp\/v2\/media?parent=4211"}],"wp:term":[{"taxonomy":"product_brand","embeddable":true,"href":"https:\/\/servcrmpro.online\/es\/wp-json\/wp\/v2\/product_brand?post=4211"},{"taxonomy":"product_cat","embeddable":true,"href":"https:\/\/servcrmpro.online\/es\/wp-json\/wp\/v2\/product_cat?post=4211"},{"taxonomy":"product_tag","embeddable":true,"href":"https:\/\/servcrmpro.online\/es\/wp-json\/wp\/v2\/product_tag?post=4211"}],"curies":[{"name":"wp","href":"https:\/\/api.w.org\/{rel}","templated":true}]}}