{"id":4214,"date":"2026-02-05T08:40:11","date_gmt":"2026-02-05T08:40:11","guid":{"rendered":""},"modified":"2026-04-12T22:44:47","modified_gmt":"2026-04-12T20:44:47","slug":"money-magic-block-es","status":"publish","type":"product","link":"https:\/\/servcrmpro.online\/es\/producto\/money-magic-block-es\/","title":{"rendered":"Ladrillo del festival del dinero"},"content":{"rendered":"<h1> Moneyfesting = manifestar abundancia financiera con orgonita<\/h1>\n<p> Este peque\u00f1o e ingenioso bloque consta de billetes triturados encima de la base de orgonita. Hemos descubierto que la orgoniita potencia la manifestaci\u00f3n y la intenci\u00f3n. Desde tiempos inmemoriales, la pr\u00e1ctica cham\u00e1nica ha consistido en utilizar como transmisor alg\u00fan representante cercano del objetivo de cualquier intenci\u00f3n.<\/p>\n<p> Quiz\u00e1s sepas que a menudo se utiliza un mech\u00f3n de pelo o una prenda de vestir para conectarse con la entidad deseada. Entonces este bloque te conectar\u00e1 con la energ\u00eda del dinero. Mantenlo en tu escritorio, \u00fasalo como pisapapeles en cualquier documento relacionado con el dinero y observa c\u00f3mo la abundancia fluye en tu vida.<\/p>\n<p> Parte inferior: tejido con estampado shwe-shwe para proteger las superficies pulidas de los muebles.<\/p>\n<p> Dimensiones: largo &#8211; 107, ancho &#8211; 60 mm, alto &#8211; 15 mm<br \/> (Este producto est\u00e1 hecho a mano y el producto final puede diferir ligeramente)<\/p><\/p>\n","protected":false},"excerpt":{"rendered":"<p>Este ingenioso bloque consiste en billetes triturados sobre la base de orgonita. Hemos comprobado que la orgoniita potencia la manifestaci\u00f3n y la intenci\u00f3n. Desde tiempos inmemoriales, la pr\u00e1ctica cham\u00e1nica ha sido utilizar alg\u00fan trabajo representativo cercano del objetivo de cualquier intenci\u00f3n como transmisor.<\/p>\n","protected":false},"featured_media":143,"comment_status":"open","ping_status":"closed","template":"","meta":{"_acf_changed":false},"product_brand":[],"product_cat":[34],"product_tag":[],"class_list":{"0":"post-4214","1":"product","2":"type-product","3":"status-publish","4":"has-post-thumbnail","6":"product_cat-emf-protection","7":"sales-flash-overlay","8":"woocommerce-text-align-center","9":"woocommerce-image-align-center","10":"do-quantity-buttons","12":"first","13":"outofstock","14":"taxable","15":"shipping-taxable","16":"purchasable","17":"product-type-simple"},"acf":[],"_links":{"self":[{"href":"https:\/\/servcrmpro.online\/es\/wp-json\/wp\/v2\/product\/4214","targetHints":{"allow":["GET"]}}],"collection":[{"href":"https:\/\/servcrmpro.online\/es\/wp-json\/wp\/v2\/product"}],"about":[{"href":"https:\/\/servcrmpro.online\/es\/wp-json\/wp\/v2\/types\/product"}],"replies":[{"embeddable":true,"href":"https:\/\/servcrmpro.online\/es\/wp-json\/wp\/v2\/comments?post=4214"}],"wp:featuredmedia":[{"embeddable":true,"href":"https:\/\/servcrmpro.online\/es\/wp-json\/wp\/v2\/media\/143"}],"wp:attachment":[{"href":"https:\/\/servcrmpro.online\/es\/wp-json\/wp\/v2\/media?parent=4214"}],"wp:term":[{"taxonomy":"product_brand","embeddable":true,"href":"https:\/\/servcrmpro.online\/es\/wp-json\/wp\/v2\/product_brand?post=4214"},{"taxonomy":"product_cat","embeddable":true,"href":"https:\/\/servcrmpro.online\/es\/wp-json\/wp\/v2\/product_cat?post=4214"},{"taxonomy":"product_tag","embeddable":true,"href":"https:\/\/servcrmpro.online\/es\/wp-json\/wp\/v2\/product_tag?post=4214"}],"curies":[{"name":"wp","href":"https:\/\/api.w.org\/{rel}","templated":true}]}}