{"id":4217,"date":"2026-02-05T08:41:03","date_gmt":"2026-02-05T08:41:03","guid":{"rendered":""},"modified":"2026-04-13T23:50:55","modified_gmt":"2026-04-13T21:50:55","slug":"black-daisy-orgonite-pendant-es","status":"publish","type":"product","link":"https:\/\/servcrmpro.online\/es\/producto\/black-daisy-orgonite-pendant-es\/","title":{"rendered":"Orgonita Margarita Negra"},"content":{"rendered":"<h1> Colgante de moda de orgonita margarita negra<\/h1>\n<p> Este hermoso colgante de orgonita de tama\u00f1o mediano se puede usar con casi cualquier cosa como un bonito accesorio, al mismo tiempo que le brinda una protecci\u00f3n optimizada contra la da\u00f1ina radiaci\u00f3n electromagn\u00e9tica (EMF).<\/p>\n<p>Contiene las siguientes piedras conocidas por sus propiedades de protecci\u00f3n contra la radiaci\u00f3n:<\/p>\n<ul>\n<li> Shungit<\/li>\n<li> Cuarzo<\/li>\n<li> Turmalina Negra<\/li>\n<li> Galenita<\/li>\n<\/ul>\n<p> Integrado en nuestra mezcla de orgonita est\u00e1ndar probada y comprobada.<\/p>\n<p> Dimensiones: altura &#8211; 10 mm, di\u00e1metro &#8211; 34 mm<br \/> (Este producto est\u00e1 hecho a mano y el producto final puede diferir ligeramente)<\/p>\n","protected":false},"excerpt":{"rendered":"<p>Este precioso colgante de orgonita de tama\u00f1o medio se puede llevar con casi cualquier cosa como un buen accesorio, al mismo tiempo que te ofrece una protecci\u00f3n optimizada contra la da\u00f1ina radiaci\u00f3n electromagn\u00e9tica (EMF)<\/p>\n","protected":false},"featured_media":149,"comment_status":"open","ping_status":"closed","template":"","meta":{"_acf_changed":false},"product_brand":[],"product_cat":[102],"product_tag":[],"class_list":{"0":"post-4217","1":"product","2":"type-product","3":"status-publish","4":"has-post-thumbnail","6":"product_cat-orgone-energy-pendants","7":"sales-flash-overlay","8":"woocommerce-text-align-center","9":"woocommerce-image-align-center","10":"do-quantity-buttons","12":"first","13":"instock","14":"sale","15":"taxable","16":"shipping-taxable","17":"purchasable","18":"product-type-simple"},"acf":[],"_links":{"self":[{"href":"https:\/\/servcrmpro.online\/es\/wp-json\/wp\/v2\/product\/4217","targetHints":{"allow":["GET"]}}],"collection":[{"href":"https:\/\/servcrmpro.online\/es\/wp-json\/wp\/v2\/product"}],"about":[{"href":"https:\/\/servcrmpro.online\/es\/wp-json\/wp\/v2\/types\/product"}],"replies":[{"embeddable":true,"href":"https:\/\/servcrmpro.online\/es\/wp-json\/wp\/v2\/comments?post=4217"}],"wp:featuredmedia":[{"embeddable":true,"href":"https:\/\/servcrmpro.online\/es\/wp-json\/wp\/v2\/media\/149"}],"wp:attachment":[{"href":"https:\/\/servcrmpro.online\/es\/wp-json\/wp\/v2\/media?parent=4217"}],"wp:term":[{"taxonomy":"product_brand","embeddable":true,"href":"https:\/\/servcrmpro.online\/es\/wp-json\/wp\/v2\/product_brand?post=4217"},{"taxonomy":"product_cat","embeddable":true,"href":"https:\/\/servcrmpro.online\/es\/wp-json\/wp\/v2\/product_cat?post=4217"},{"taxonomy":"product_tag","embeddable":true,"href":"https:\/\/servcrmpro.online\/es\/wp-json\/wp\/v2\/product_tag?post=4217"}],"curies":[{"name":"wp","href":"https:\/\/api.w.org\/{rel}","templated":true}]}}