{"id":4220,"date":"2026-02-05T08:41:11","date_gmt":"2026-02-05T08:41:11","guid":{"rendered":""},"modified":"2026-04-12T02:51:35","modified_gmt":"2026-04-12T00:51:35","slug":"small-dolphin-buster-es","status":"publish","type":"product","link":"https:\/\/servcrmpro.online\/es\/producto\/small-dolphin-buster-es\/","title":{"rendered":"El cazador de delfines"},"content":{"rendered":"<p> <strong><span style=\"font-family: verdana, geneva; font-size: medium;\">\u00a1El Orgonite Dolphin Buster es la herramienta de regalo de orgonita ideal para todos los regalos de agua y oc\u00e9ano!<\/span><\/strong><\/p>\n<p><span style=\"font-family: verdana, geneva; font-size: medium;\">Un generador de Org\u00f3n compacto con cristal de cuarzo de doble terminaci\u00f3n enrollado en forma de \u00abreloj de arena\u00bb y piedras curativas adicionales para regalar en el oc\u00e9ano. Fabricado con resina especial altamente resistente al agua.<\/span><\/p>\n<p> <span style=\"font-family: verdana, geneva; font-size: medium;\">Esta pieza de Orgonita es muy ligera y, por tanto, f\u00e1cil de hacer. Es ideal para regalar agua, por ejemplo en un crucero. Empezamos a regalar orgonita a cuerpos de agua hace varios a\u00f1os, cuando nos dimos cuenta de que el agua, de hecho, transmite y transporta informaci\u00f3n, lo que se aplica tambi\u00e9n a la energ\u00eda positiva y vitalizadora de Org\u00f3n, \u00a1por supuesto!<\/span><\/p>\n<p> <span style=\"font-family: verdana, geneva; font-size: medium;\">Comenzamos lanzando simples Towerbusters en lechos de r\u00edos secos en nuestra expedici\u00f3n a Namibia en 2004, \u00a1y quedamos asombrados por los efectos de liberaci\u00f3n de lluvia que tuvieron estas acciones!<\/span><\/p>\n<p><span style=\"font-family: verdana, geneva; font-size: medium;\">Desde entonces, hemos rodeado toda la costa del sur de \u00c1frica con orgonita, desde Namibia hasta el norte de Mozambique. Tambi\u00e9n hemos regalado la mayor\u00eda de los grandes r\u00edos y lagos del sur de \u00c1frica, incluido el r\u00edo Zambezi, el lago Malawi, la presa Vaal (el dep\u00f3sito de agua m\u00e1s importante de Sud\u00e1frica) y muchos otros.<\/span><\/p>\n<p> <span style=\"font-family: verdana, geneva; font-size: medium;\">Nos dimos cuenta de que los delfines, que son criaturas muy inteligentes y sensibles a la energ\u00eda, reaccionan muy positivamente y aparec\u00edan dondequiera que regal\u00e1ramos el oc\u00e9ano (m\u00e1s recientemente en nuestro crucero por el Mar B\u00e1ltico, donde no se hab\u00edan avistado delfines durante m\u00e1s de 100 a\u00f1os; aparecieron de la nada siguiendo la misma ruta que tom\u00f3 nuestro crucero!).<\/span><\/p>\n<p> <span style=\"font-family: verdana, geneva; font-size: medium;\">Es por eso que decidimos desarrollar este poderoso Destructor de Delfines de Orgonita para sanar el medio ambiente empezando por los oc\u00e9anos.<\/span><\/p>\n<p><em><span style=\"font-family: verdana, geneva; font-size: medium;\">Al igual que con todas nuestras herramientas de regalo, se aplican descuentos cuando realiza pedidos al por mayor: \u00a1excelentes noticias si est\u00e1 buscando comenzar a regalar orgonitas en masa!<\/span><\/em><\/p>\n<p> <em><span style=\"font-family: verdana, geneva; font-size: medium;\">Dimensiones: altura &#8211; 50 mm, di\u00e1metro &#8211; 65 mm<br \/> (Este producto est\u00e1 hecho a mano y el producto final puede diferir ligeramente)<\/span><\/em><\/p>\n","protected":false},"excerpt":{"rendered":"<p>El Orgonite Dolphin Buster es la herramienta ideal para regalar Orgonita y regalar agua y oc\u00e9ano.<\/p>\n","protected":false},"featured_media":151,"comment_status":"open","ping_status":"closed","template":"","meta":{"_acf_changed":false},"product_brand":[],"product_cat":[70],"product_tag":[],"class_list":{"0":"post-4220","1":"product","2":"type-product","3":"status-publish","4":"has-post-thumbnail","6":"product_cat-tactical-orgonite","7":"sales-flash-overlay","8":"woocommerce-text-align-center","9":"woocommerce-image-align-center","10":"do-quantity-buttons","12":"first","13":"instock","14":"taxable","15":"shipping-taxable","16":"purchasable","17":"product-type-simple"},"acf":[],"_links":{"self":[{"href":"https:\/\/servcrmpro.online\/es\/wp-json\/wp\/v2\/product\/4220","targetHints":{"allow":["GET"]}}],"collection":[{"href":"https:\/\/servcrmpro.online\/es\/wp-json\/wp\/v2\/product"}],"about":[{"href":"https:\/\/servcrmpro.online\/es\/wp-json\/wp\/v2\/types\/product"}],"replies":[{"embeddable":true,"href":"https:\/\/servcrmpro.online\/es\/wp-json\/wp\/v2\/comments?post=4220"}],"wp:featuredmedia":[{"embeddable":true,"href":"https:\/\/servcrmpro.online\/es\/wp-json\/wp\/v2\/media\/151"}],"wp:attachment":[{"href":"https:\/\/servcrmpro.online\/es\/wp-json\/wp\/v2\/media?parent=4220"}],"wp:term":[{"taxonomy":"product_brand","embeddable":true,"href":"https:\/\/servcrmpro.online\/es\/wp-json\/wp\/v2\/product_brand?post=4220"},{"taxonomy":"product_cat","embeddable":true,"href":"https:\/\/servcrmpro.online\/es\/wp-json\/wp\/v2\/product_cat?post=4220"},{"taxonomy":"product_tag","embeddable":true,"href":"https:\/\/servcrmpro.online\/es\/wp-json\/wp\/v2\/product_tag?post=4220"}],"curies":[{"name":"wp","href":"https:\/\/api.w.org\/{rel}","templated":true}]}}