{"id":4223,"date":"2026-02-05T08:41:20","date_gmt":"2026-02-05T08:41:20","guid":{"rendered":""},"modified":"2026-04-18T14:52:34","modified_gmt":"2026-04-18T12:52:34","slug":"muti-orgone-pendant-es","status":"publish","type":"product","link":"https:\/\/servcrmpro.online\/es\/producto\/muti-orgone-pendant-es\/","title":{"rendered":"Colgante Muti L"},"content":{"rendered":"<p> <span style=\"font-family: verdana, geneva; font-size: medium;\"><strong>Este hermoso Colgante de Orgonita es un poderoso protector contra la radiaci\u00f3n electromagn\u00e9tica (EMF) y otras energ\u00edas negativas e interferencias et\u00e9ricas.<\/strong><\/span><\/p>\n<\/p>\n<p> <span style=\"font-family: verdana, geneva; font-size: medium;\">Todos nuestros Colgantes de Orgonita fortalecen tu campo bioenerg\u00e9tico (Aura), revitalizan tu cuerpo y te protegen de influencias nocivas como la radiaci\u00f3n electromagn\u00e9tica (EMF) o las energ\u00edas negativas.<\/span><\/p>\n<p><span style=\"font-family: verdana, geneva; font-size: medium;\"><span>Esta nueva y hermosa creaci\u00f3n de Orgonita presenta el polvo Muti del sanador tradicional NaDlonge con hematita y migajas de granate de Kuruman y una mini bobina SBB. El colgante est\u00e1 adornado con cuentas de vidrio decorativas sobre hilo de algod\u00f3n encerado.<\/span><\/span><\/p>\n<\/p>\n<p> <strong><span style=\"font-family: verdana, geneva; font-size: medium;\">Este colgante Muti Orgonita naci\u00f3 de la repetida demanda p\u00fablica de nuestros clientes.<\/span><\/strong><\/p>\n<\/p>\n<p> <span style=\"font-family: verdana, geneva; font-size: medium;\">Muchos han experimentado el poder de Muti Orgonite HHG o Muti Orgonite Towerbuster y ahora quieren tener siempre esta energ\u00eda y protecci\u00f3n et\u00e9rica cerca. \u00bfQu\u00e9<\/span> <span style=\"font-family: verdana, geneva; font-size: medium;\">mejor manera que usarlo en su cuerpo?<\/span><\/p>\n<p><span style=\"font-family: verdana, geneva; font-size: medium;\">Adem\u00e1s de la medicina herbaria tradicional africana de NaDlonge que est\u00e1 encerrada en la cruz chapada en oro en el medio, el colgante tiene incrustaciones de cristal de cuarzo, turmalina negra, granate y hematita africana.<\/span><\/p>\n<p> <span style=\"font-family: verdana, geneva; font-size: medium;\">En la parte posterior, una bobina SBB estimular\u00e1 y limpiar\u00e1 su chakra del coraz\u00f3n mientras usa el colgante Muti Orgonite alrededor de su cuello o en cualquier otro lugar en el que desee aplicarlo con fines curativos.<\/span><\/p>\n<p> <span style=\"font-family: verdana, geneva; font-size: medium;\">El colgante Muti Orgonita viene en una bonita bolsa de tela de inspiraci\u00f3n tradicional para asegurarte de guardarlo bien y no rayar la superficie pulida de la orgonita.<\/span><\/p>\n<\/p>\n<p><span style=\"font-family: verdana, geneva; font-size: medium;\">Para leer m\u00e1s sobre nuestra gama de productos Muti Orgonite, <a title=\"Nuestros productos Muti Orgonita\" href=\"https:\/\/www.orgoniseafrica.com\/orgonite-african-traditional-medicine\/?___store=en\" target=\"_blank\" rel=\"noopener\">haga clic aqu\u00ed.<\/a><\/span><\/p>\n<p><span style=\"font-family: verdana, geneva; font-size: medium;\">\u00a0<\/span><\/p>\n<p><span style=\"font-family: verdana, geneva; font-size: medium;\"><strong>Beneficios curativos especiales asociados con los ingredientes:<\/strong><\/span><\/p>\n<p><span style=\"font-family: verdana, geneva; font-size: medium;\">\u00a0<\/span><\/p>\n<p><span style=\"font-family: verdana, geneva; font-size: medium;\"><strong>&#8211; Bobina SBB:<\/strong> estimulaci\u00f3n del chakra del coraz\u00f3n.<\/span><\/p>\n<p> <span style=\"font-family: verdana, geneva; font-size: medium;\"><strong>&#8211; Polvo Muti:<\/strong> protecci\u00f3n contra la magia negra\/brujer\u00eda<\/span><\/p>\n<p> <span style=\"font-family: verdana, geneva; font-size: medium;\"><strong>&#8211; Hematita:<\/strong> vitalidad, alegr\u00eda de vivir, producci\u00f3n de gl\u00f3bulos rojos.<\/span><\/p>\n<p><span style=\"font-family: verdana, geneva; font-size: medium;\"><strong>&#8211; Granate:<\/strong> perseverancia en situaciones dif\u00edciles, esp\u00edritu comunitario, libido.<\/span><\/p>\n<p> <span style=\"font-family: verdana, geneva; font-size: medium;\"><strong>&#8211; Turmalina negra:<\/strong> estimula el flujo de energ\u00eda, analg\u00e9sico y relajante natural, neutraliza los efectos negativos de la radiaci\u00f3n.<\/span><\/p>\n<p> <span style=\"font-family: verdana, geneva; font-size: medium;\"><strong>&#8211; Amatista:<\/strong> concentraci\u00f3n y claridad mental, paz interior<\/span><\/p>\n<p> <span style=\"font-family: verdana, geneva; font-size: medium;\"><strong>&#8211; Cuarzo:<\/strong> Claridad mental, siempre utilizado en Orgonita para amplificar la salida de Org\u00f3n.<\/span><\/p>\n<p> <span style=\"font-family: verdana, geneva; font-size: medium;\">&#8211; <strong>Concha de cauri:<\/strong> anteriormente utilizada como moneda en el noroeste de \u00c1frica, aumenta la prosperidad y la riqueza en todos los niveles.<\/span><\/p>\n<p><span style=\"font-family: verdana, geneva; font-size: medium;\"><strong>&#8211; Pan de oro:<\/strong> protector, calmante y c\u00e1lido, simboliza confianza y riqueza.<\/span><\/p>\n<p> <span style=\"font-family: verdana, geneva; font-size: medium;\">&#8211; <strong>Im\u00e1n de neodimio:<\/strong> los imanes tienen fuertes cualidades curativas y activan y fortalecen el flujo de energ\u00eda en el cuerpo.<\/span><\/p>\n<p><span style=\"font-family: verdana, geneva; font-size: medium;\">\u00a0<\/span><\/p>\n<p><span style=\"font-family: verdana, geneva; font-size: medium;\">Este colgante se puede combinar muy bien con abalorios o integrarse en alguna otra joya. Es posible que desees combinar el colgante de orgonita Muti con gruesas cuentas de vidrio africano, vainas de semillas o similares.<\/span><\/p>\n<p> <span style=\"font-family: verdana, geneva; font-size: medium;\">Dimensiones: aproximadamente 79 mm x 43 mm x 14 mm o 3,11&#8243; x 1,69&#8243; x 0,55&#8243;<\/span><\/p>\n","protected":false},"excerpt":{"rendered":"<p>Este hermoso colgante de orgonita es un potente protector contra la radiaci\u00f3n electromagn\u00e9tica (EMF) y otras energ\u00edas negativas e interferencias et\u00e9ricas.<\/p>\n","protected":false},"featured_media":153,"comment_status":"open","ping_status":"closed","template":"","meta":{"_acf_changed":false},"product_brand":[],"product_cat":[102],"product_tag":[],"class_list":{"0":"post-4223","1":"product","2":"type-product","3":"status-publish","4":"has-post-thumbnail","6":"product_cat-orgone-energy-pendants","7":"sales-flash-overlay","8":"woocommerce-text-align-center","9":"woocommerce-image-align-center","10":"do-quantity-buttons","12":"first","13":"instock","14":"taxable","15":"shipping-taxable","16":"purchasable","17":"product-type-simple"},"acf":[],"_links":{"self":[{"href":"https:\/\/servcrmpro.online\/es\/wp-json\/wp\/v2\/product\/4223","targetHints":{"allow":["GET"]}}],"collection":[{"href":"https:\/\/servcrmpro.online\/es\/wp-json\/wp\/v2\/product"}],"about":[{"href":"https:\/\/servcrmpro.online\/es\/wp-json\/wp\/v2\/types\/product"}],"replies":[{"embeddable":true,"href":"https:\/\/servcrmpro.online\/es\/wp-json\/wp\/v2\/comments?post=4223"}],"wp:featuredmedia":[{"embeddable":true,"href":"https:\/\/servcrmpro.online\/es\/wp-json\/wp\/v2\/media\/153"}],"wp:attachment":[{"href":"https:\/\/servcrmpro.online\/es\/wp-json\/wp\/v2\/media?parent=4223"}],"wp:term":[{"taxonomy":"product_brand","embeddable":true,"href":"https:\/\/servcrmpro.online\/es\/wp-json\/wp\/v2\/product_brand?post=4223"},{"taxonomy":"product_cat","embeddable":true,"href":"https:\/\/servcrmpro.online\/es\/wp-json\/wp\/v2\/product_cat?post=4223"},{"taxonomy":"product_tag","embeddable":true,"href":"https:\/\/servcrmpro.online\/es\/wp-json\/wp\/v2\/product_tag?post=4223"}],"curies":[{"name":"wp","href":"https:\/\/api.w.org\/{rel}","templated":true}]}}