{"id":4232,"date":"2026-02-05T08:44:13","date_gmt":"2026-02-05T08:44:13","guid":{"rendered":""},"modified":"2026-04-09T04:03:43","modified_gmt":"2026-04-09T02:03:43","slug":"colloidal-silver-kit-es","status":"publish","type":"product","link":"https:\/\/servcrmpro.online\/es\/producto\/colloidal-silver-kit-es\/","title":{"rendered":"Kit de Plata Coloidal"},"content":{"rendered":"<h2> \u00a1Haz tu propia plata coloidal!<\/h2>\n<p> El plata coloidal es un remedio antibi\u00f3tico, antiviral y antif\u00fangico natural conocido desde hace milenios. Sus usos medicinales se remontan a la antigua Grecia y Egipto.<\/p>\n<p> Incluso el establishment m\u00e9dico actual a\u00fan no ha logrado prohibirlo (no porque no lo hayan intentado) porque sus efectos y uso est\u00e1n muy bien probados y documentados.<\/p>\n<p>La plata coloidal se vende en farmacias y tiendas naturistas en frascos peque\u00f1os a precios relativamente elevados.<\/p>\n<p> El kit CS consta de 2 electrodos fabricados en plata fina .9999. Conectado a tu zapper (cualquiera de nuestros modelos, no incluido en este producto) te permite producir plata coloidal. Simplemente cuelgue los electrodos de alambre en un vaso de agua destilada y beba su dosis diaria de plata coloidal de inmediato. Un compa\u00f1ero de viaje ideal.<\/p>\n<p> <strong>No dise\u00f1ado para la producci\u00f3n en grandes cantidades ni para uso comercial.<\/strong><\/p>\n<p> Este es un dispositivo personal y una extensi\u00f3n de la funcionalidad zapper.<br \/> La plata coloidal producida con esta simple extensi\u00f3n puede tener una calidad (tama\u00f1o de part\u00edcula y estabilidad) inferior a la disponible comercialmente.<br \/> Aunque lo hemos estado usando durante a\u00f1os con excelentes resultados.<\/p>\n<p> Tambi\u00e9n puedes utilizar agua bien filtrada y orgonizada.<br \/> 20 min de exposici\u00f3n son suficientes para conseguir una concentraci\u00f3n suficiente de Plata en un vaso de agua normal (200ml)<\/p>\n<p> <strong>\u00a1Beba un vaso, en lugar de una cucharadita llena!<\/strong><\/p>\n<p>\u00a1El <a href=\"https:\/\/www.orgoniseafrica.com\/orgone-zapper-el-dorado.html\" target=\"_blank\" rel=\"noopener\">simple zapper<\/a> rojo que se muestra aqu\u00ed no est\u00e1 incluido!<\/p>\n<p> Dimensiones: longitud &#8211; 131 mm, di\u00e1metro &#8211; 15 mm<br \/> (Este producto est\u00e1 hecho a mano y el producto final puede diferir ligeramente)<\/p>\n","protected":false},"excerpt":{"rendered":"<p>Para que funcione al completo, se requiere un zapper (cualquiera de nuestra gama sirve). Si ya tienes una zapper, puedes simplemente comprar los electrodos y usarlos con la que ya tienes ya. Para uso frecuente, recomendamos combinar los electrodos de plata coloidales con un Simple Zapper y un enchufe de pared; despl\u00e1zate hacia abajo hasta&#8230;<\/p>\n","protected":false},"featured_media":2373,"comment_status":"open","ping_status":"closed","template":"","meta":{"_acf_changed":false},"product_brand":[],"product_cat":[26],"product_tag":[],"class_list":{"0":"post-4232","1":"product","2":"type-product","3":"status-publish","4":"has-post-thumbnail","6":"product_cat-orgone-zappers","7":"sales-flash-overlay","8":"woocommerce-text-align-center","9":"woocommerce-image-align-center","10":"do-quantity-buttons","12":"first","13":"instock","14":"taxable","15":"shipping-taxable","16":"purchasable","17":"product-type-simple"},"acf":[],"_links":{"self":[{"href":"https:\/\/servcrmpro.online\/es\/wp-json\/wp\/v2\/product\/4232","targetHints":{"allow":["GET"]}}],"collection":[{"href":"https:\/\/servcrmpro.online\/es\/wp-json\/wp\/v2\/product"}],"about":[{"href":"https:\/\/servcrmpro.online\/es\/wp-json\/wp\/v2\/types\/product"}],"replies":[{"embeddable":true,"href":"https:\/\/servcrmpro.online\/es\/wp-json\/wp\/v2\/comments?post=4232"}],"wp:featuredmedia":[{"embeddable":true,"href":"https:\/\/servcrmpro.online\/es\/wp-json\/wp\/v2\/media\/2373"}],"wp:attachment":[{"href":"https:\/\/servcrmpro.online\/es\/wp-json\/wp\/v2\/media?parent=4232"}],"wp:term":[{"taxonomy":"product_brand","embeddable":true,"href":"https:\/\/servcrmpro.online\/es\/wp-json\/wp\/v2\/product_brand?post=4232"},{"taxonomy":"product_cat","embeddable":true,"href":"https:\/\/servcrmpro.online\/es\/wp-json\/wp\/v2\/product_cat?post=4232"},{"taxonomy":"product_tag","embeddable":true,"href":"https:\/\/servcrmpro.online\/es\/wp-json\/wp\/v2\/product_tag?post=4232"}],"curies":[{"name":"wp","href":"https:\/\/api.w.org\/{rel}","templated":true}]}}