{"id":4235,"date":"2026-02-05T08:44:22","date_gmt":"2026-02-05T08:44:22","guid":{"rendered":""},"modified":"2026-04-08T20:59:19","modified_gmt":"2026-04-08T18:59:19","slug":"silver-sugilite-sbb-es","status":"publish","type":"product","link":"https:\/\/servcrmpro.online\/es\/producto\/silver-sugilite-sbb-es\/","title":{"rendered":"Plata-Sugilita SBB"},"content":{"rendered":"<p><strong><span style=\"font-family: verdana, geneva; font-size: medium;\">El Bot\u00f3n de San Buster es un cl\u00e1sico entre las herramientas curativas personales de Orgonita.<\/span><\/strong><\/p>\n<p> <span style=\"font-family: verdana, geneva; font-size: medium;\">El Bot\u00f3n de San Buster tiene una superficie lisa y brillante con bordes redondeados y se adapta de forma natural a la mano. Como complementos a la Orgonita est\u00e1ndar, incluye Hoja de Plata, Sugilita y otras piedras curativas seleccionadas, un Im\u00e1n de Neodimio y la bobina SBB. Es muy \u00fatil para el trabajo de curaci\u00f3n, ya sea que desee mejorar su propio estado energ\u00e9tico o trabajar profesionalmente como practicante de curaci\u00f3n.<\/span><\/p>\n<p><span style=\"font-family: verdana, geneva; font-size: medium;\">La bobina especial que fue desarrollada para este dispositivo desde entonces ha encontrado aplicaci\u00f3n en muchos otros generadores de org\u00f3n bajo el nombre de bobina SBB (de Saint Buster&#8217;s Button). Esta doble espiral de cobre tiene un efecto activador y energizante. Toda la energ\u00eda fluye en forma de v\u00f3rtice; por lo tanto, esta espiral doble en forma de v\u00f3rtice ayudar\u00e1 a activar el flujo de energ\u00eda en todo el cuerpo, particularmente cuando se coloca sobre un \u00e1rea individual, chakra u otro punto de energ\u00eda.<\/span><\/p>\n<p> <span style=\"font-family: verdana, geneva; font-size: medium;\">El im\u00e1n de neodimio tambi\u00e9n tiene propiedades curativas y crea sinergia con la bobina SBB para activar a\u00fan m\u00e1s el flujo de energ\u00eda en el cuerpo.<\/span><\/p>\n<p> <strong><span style=\"font-family: verdana, geneva; font-size: medium;\">Aplicaciones y beneficios observados:<\/span><\/strong><\/p>\n<p> <span style=\"font-family: verdana, geneva; font-size: medium;\">&#8211; Estimulaci\u00f3n de los 3 primeros chakras.<\/span><\/p>\n<p><span style=\"font-family: verdana, geneva; font-size: medium;\">&#8211; Aumento de la circulaci\u00f3n sangu\u00ednea despu\u00e9s de un accidente cerebrovascular.<\/span><\/p>\n<p> <span style=\"font-family: verdana, geneva; font-size: medium;\">&#8211; Alivio del dolor<\/span><\/p>\n<p> <span style=\"font-family: verdana, geneva; font-size: medium;\">&#8211; Estimulaci\u00f3n de la regeneraci\u00f3n de tejidos.<\/span><\/p>\n<p> <span style=\"font-family: verdana, geneva; font-size: medium;\">&#8211; Efecto calmante y meditativo.<\/span><\/p>\n<p> <span style=\"font-family: verdana, geneva; font-size: medium;\">&#8211; Puede ayudar con el insomnio y el sue\u00f1o inquieto.<\/span><\/p>\n<\/p>\n<p> <strong><span style=\"font-family: verdana, geneva; font-size: medium;\">Beneficios asociados con las piedras preciosas del Sugilithe St Buster&#8217;s Button:<\/span><\/strong><\/p>\n<\/p>\n<p> <strong><span style=\"font-family: verdana, geneva; font-size: medium;\"><strong>&#8211; Sugilithe:<\/strong><\/span><\/strong> <span style=\"font-family: verdana, geneva; font-size: medium;\">Claridad mental, Abre el chakra del coraz\u00f3n, Aumenta la conciencia.<\/span><\/p>\n<p><strong><span style=\"font-family: verdana, geneva; font-size: medium;\">&#8211; Turmalina Negra:<\/span><\/strong> <span style=\"font-family: verdana, geneva; font-size: medium;\">Talism\u00e1n de protecci\u00f3n, Protectores contra la radiaci\u00f3n y la contaminaci\u00f3n ambiental, conexi\u00f3n a tierra y calmante.<\/span><\/p>\n<p> <strong><span style=\"font-family: verdana, geneva; font-size: medium;\">&#8211; Cuarzo:<span style=\"font-family: verdana, geneva;\">\u00a0<\/span><\/span><\/strong><span style=\"font-size: medium; font-family: verdana, geneva;\">Claridad mental, siempre utilizada en Orgonita para amplificar la salida de Org\u00f3n.<\/span><\/p>\n<p> <strong><span style=\"font-size: medium; font-family: verdana, geneva;\">&#8211; Hoja de Plata:<\/span><\/strong> <span style=\"font-size: medium; font-family: verdana, geneva;\">Libera emociones, Flexibilidad, Empat\u00eda<\/span><\/p>\n<p><strong><span style=\"font-size: medium; font-family: verdana, geneva;\">&#8211; Amatista:<\/span><\/strong> <span style=\"font-size: medium; font-family: verdana, geneva;\">Concentraci\u00f3n<\/span> <span style=\"font-size: medium; font-family: verdana, geneva;\">y claridad mental, Paz interior<\/span><\/p>\n<\/p>\n<p> Dimensiones: altura &#8211; 12 mm, di\u00e1metro &#8211; 90 mm<br \/> (Este producto est\u00e1 hecho a mano y el producto final puede diferir ligeramente)<\/p>\n","protected":false},"excerpt":{"rendered":"<p>El Bot\u00f3n de San Cazacarros es un cl\u00e1sico entre las herramientas personales de curaci\u00f3n de Orgonita.<\/p>\n","protected":false},"featured_media":2372,"comment_status":"open","ping_status":"closed","template":"","meta":{"_acf_changed":false},"product_brand":[],"product_cat":[34,103],"product_tag":[],"class_list":{"0":"post-4235","1":"product","2":"type-product","3":"status-publish","4":"has-post-thumbnail","6":"product_cat-emf-protection","7":"product_cat-silver-shungite","8":"sales-flash-overlay","9":"woocommerce-text-align-center","10":"woocommerce-image-align-center","11":"do-quantity-buttons","13":"first","14":"instock","15":"taxable","16":"shipping-taxable","17":"purchasable","18":"product-type-simple"},"acf":[],"_links":{"self":[{"href":"https:\/\/servcrmpro.online\/es\/wp-json\/wp\/v2\/product\/4235","targetHints":{"allow":["GET"]}}],"collection":[{"href":"https:\/\/servcrmpro.online\/es\/wp-json\/wp\/v2\/product"}],"about":[{"href":"https:\/\/servcrmpro.online\/es\/wp-json\/wp\/v2\/types\/product"}],"replies":[{"embeddable":true,"href":"https:\/\/servcrmpro.online\/es\/wp-json\/wp\/v2\/comments?post=4235"}],"wp:featuredmedia":[{"embeddable":true,"href":"https:\/\/servcrmpro.online\/es\/wp-json\/wp\/v2\/media\/2372"}],"wp:attachment":[{"href":"https:\/\/servcrmpro.online\/es\/wp-json\/wp\/v2\/media?parent=4235"}],"wp:term":[{"taxonomy":"product_brand","embeddable":true,"href":"https:\/\/servcrmpro.online\/es\/wp-json\/wp\/v2\/product_brand?post=4235"},{"taxonomy":"product_cat","embeddable":true,"href":"https:\/\/servcrmpro.online\/es\/wp-json\/wp\/v2\/product_cat?post=4235"},{"taxonomy":"product_tag","embeddable":true,"href":"https:\/\/servcrmpro.online\/es\/wp-json\/wp\/v2\/product_tag?post=4235"}],"curies":[{"name":"wp","href":"https:\/\/api.w.org\/{rel}","templated":true}]}}