{"id":4241,"date":"2026-02-05T08:44:37","date_gmt":"2026-02-05T08:44:37","guid":{"rendered":""},"modified":"2026-04-06T07:31:46","modified_gmt":"2026-04-06T05:31:46","slug":"candle-holder-es","status":"publish","type":"product","link":"https:\/\/servcrmpro.online\/es\/producto\/candle-holder-es\/","title":{"rendered":"Candelabro de orgonita"},"content":{"rendered":"<p>\u00bfQu\u00e9 podr\u00eda ser m\u00e1s agradable que decorar tu hogar con este elegante y refinado portavelas Orgone y, al mismo tiempo, llenarlo de la maravillosa energ\u00eda Orgone?<\/p>\n<p>Tanto si est\u00e1s preparando la mesa para la cena como si quieres a\u00f1adir ambiente a tu espacio personal, el portavelas Orgone aportar\u00e1 un toque de estilo, encanto y sofisticaci\u00f3n.<\/p>\n<p>Bajo la suave y colorida superficie del portavelas Orgone se esconde un n\u00facleo de orgonita aut\u00e9ntica con limaduras de aluminio y lat\u00f3n, cristales de cuarzo y otras piedras preciosas. Este portavelas de orgonita se fabrica en dos etapas. Primero moldeamos el n\u00facleo de orgonita. A continuaci\u00f3n, recubrimos el n\u00facleo con una gruesa capa de resina pigmentada. Despu\u00e9s, se somete la superficie a un chorro de arena para conseguir un acabado mate de gran calidad.<\/p>\n<p>La tapa de cobre del centro se adapta al tama\u00f1o est\u00e1ndar de las velas c\u00f3nicas. Para velas ligeramente m\u00e1s peque\u00f1as, hay un anillo adaptador de cobre que se inserta en la tapa.<\/p>\n<p>La base del portavelas de orgonita est\u00e1 recubierta de fieltro autoadhesivo.<\/p>\n<p>El portavelas de orgonita est\u00e1 disponible en 5 colores vivos.<\/p>\n<p>Dimensiones: \u00f8105 x 35 mm, 300 gramos<\/p>\n<p>Este producto est\u00e1 hecho a mano con mucho cari\u00f1o. El producto final puede diferir ligeramente. Debido a la tecnolog\u00eda de recubrimiento, pueden aparecer peque\u00f1as fisuras o burbujas, que, sin embargo, no empa\u00f1ar\u00e1n la impresi\u00f3n general del portavelas de org\u00f3n.<\/p>\n<p>\u00a0<\/p>\n","protected":false},"excerpt":{"rendered":"<p>\u00bfQu\u00e9 puede ser m\u00e1s agradable que decorar tu hogar con este suave y elegante candelabro Orgone y, al mismo tiempo, infundirlo con una hermosa energ\u00eda org\u00f3nica?<\/p>\n","protected":false},"featured_media":2370,"comment_status":"open","ping_status":"closed","template":"","meta":{"_acf_changed":false},"product_brand":[],"product_cat":[107],"product_tag":[],"class_list":{"0":"post-4241","1":"product","2":"type-product","3":"status-publish","4":"has-post-thumbnail","6":"product_cat-orgonite-gifts","7":"sales-flash-overlay","8":"woocommerce-text-align-center","9":"woocommerce-image-align-center","10":"do-quantity-buttons","12":"first","13":"outofstock","14":"taxable","15":"shipping-taxable","16":"purchasable","17":"product-type-simple"},"acf":[],"_links":{"self":[{"href":"https:\/\/servcrmpro.online\/es\/wp-json\/wp\/v2\/product\/4241","targetHints":{"allow":["GET"]}}],"collection":[{"href":"https:\/\/servcrmpro.online\/es\/wp-json\/wp\/v2\/product"}],"about":[{"href":"https:\/\/servcrmpro.online\/es\/wp-json\/wp\/v2\/types\/product"}],"replies":[{"embeddable":true,"href":"https:\/\/servcrmpro.online\/es\/wp-json\/wp\/v2\/comments?post=4241"}],"wp:featuredmedia":[{"embeddable":true,"href":"https:\/\/servcrmpro.online\/es\/wp-json\/wp\/v2\/media\/2370"}],"wp:attachment":[{"href":"https:\/\/servcrmpro.online\/es\/wp-json\/wp\/v2\/media?parent=4241"}],"wp:term":[{"taxonomy":"product_brand","embeddable":true,"href":"https:\/\/servcrmpro.online\/es\/wp-json\/wp\/v2\/product_brand?post=4241"},{"taxonomy":"product_cat","embeddable":true,"href":"https:\/\/servcrmpro.online\/es\/wp-json\/wp\/v2\/product_cat?post=4241"},{"taxonomy":"product_tag","embeddable":true,"href":"https:\/\/servcrmpro.online\/es\/wp-json\/wp\/v2\/product_tag?post=4241"}],"curies":[{"name":"wp","href":"https:\/\/api.w.org\/{rel}","templated":true}]}}