{"id":4247,"date":"2026-02-05T08:44:53","date_gmt":"2026-02-05T08:44:53","guid":{"rendered":""},"modified":"2026-04-12T18:16:38","modified_gmt":"2026-04-12T16:16:38","slug":"orgonite-food-charging-plate-es","status":"publish","type":"product","link":"https:\/\/servcrmpro.online\/es\/producto\/orgonite-food-charging-plate-es\/","title":{"rendered":"Placa de carga de alimentos"},"content":{"rendered":"<h3><span style=\"font-family: verdana, geneva; font-size: medium;\">Placa de carga de alimentos<\/span><\/h3>\n<p> <span style=\"font-family: verdana, geneva; font-size: medium;\">Esta placa de orgonita energizante y vitalizante no s\u00f3lo es un placer a la vista, sino tambi\u00e9n muy poderosa.<\/span><\/p>\n<p> <span style=\"font-family: verdana, geneva; font-size: medium;\">La combinaci\u00f3n probada y confiable de bobina SBB e im\u00e1n de neodimio sirve para mover y vitalizar la energ\u00eda y empujarla hacia los alimentos.<\/span><\/p>\n<p> <span style=\"font-family: verdana, geneva; font-size: medium;\">Hemos a\u00f1adido valiosos superalimentos a la mezcla de orgonita. Al igual que los cristales, los superalimentos tienen poderosas vibraciones que son transportadas por la orgonita y que nutren y vitalizan tus alimentos y, por tanto, tu cuerpo.<\/span><\/p>\n<h3> <span style=\"font-family: verdana, geneva; font-size: medium;\">Ingredientes:<\/span><br \/>\n<\/h3>\n<p><span style=\"color: #333333;\"><span style=\"font-family: Verdana, Geneva, sans-serif;\"><span style=\"font-size: medium;\">Puntas de cristal de cuarzo: Edificantes, Creativas, Fortalecedoras.<\/span><\/span><\/span><\/p>\n<p> <span style=\"color: #333333;\"><span style=\"font-family: Verdana, Geneva, sans-serif;\"><span style=\"font-size: medium;\">Dolomita: Desacidificante, Relajante, Antiespasm\u00f3dica.<\/span><\/span><\/span><\/p>\n<p> <span style=\"color: #333333;\"><span style=\"font-family: Verdana, Geneva, sans-serif;\"><span style=\"font-size: medium;\">Pan de oro: c\u00e1lido, tonificante y alivia la ansiedad.<\/span><\/span><\/span><\/p>\n<p> <span style=\"color: #333333;\"><span style=\"font-family: Verdana, Geneva, sans-serif;\"><span style=\"font-size: medium;\">cuentas decorativas de turquesa e incrustaciones de howlita de colores<\/span><\/span><\/span><\/p>\n<p> <span style=\"color: #333333;\"><span style=\"font-family: Verdana, Geneva, sans-serif;\"><span style=\"font-size: medium;\">Espiral SBB de alambre de cobre: \u200b\u200bpone en movimiento la energ\u00eda<\/span><\/span><\/span><\/p>\n<p><span style=\"color: #333333;\"><span style=\"font-family: Verdana, Geneva, sans-serif;\"><span style=\"font-size: medium;\">Im\u00e1n de neodimio: Dirige el flujo de energ\u00eda.<\/span><\/span><\/span><\/p>\n<p> <span style=\"color: #333333;\"><span style=\"font-family: Verdana, Geneva, sans-serif;\"><span style=\"font-size: medium;\">Mezcla de superalimentos: contiene cacao crudo, moringa, ra\u00edz de maca, boabab, mezquite entre otros. Estos nutrientes condensados \u200b\u200bcubren todas las necesidades del organismo.<\/span><\/span><\/span><\/p>\n<\/p>\n<p> <span style=\"font-family: verdana, geneva; font-size: medium;\">La parte inferior est\u00e1 cubierta con fieltro autoadhesivo<\/span> <span style=\"font-family: verdana, geneva; font-size: medium;\">en un bonito color turquesa<\/span> <span style=\"font-family: verdana, geneva; font-size: medium;\">para proteger la superficie de la mesa contra ara\u00f1azos.<\/span><\/p>\n<h4> <span style=\"color: #333333;\"><span style=\"font-family: Verdana, Geneva, sans-serif;\"><span style=\"font-size: medium;\">Aplicaciones curativas:<\/span><\/span><\/span><br \/>\n<\/h4>\n<p><span style=\"color: #333333;\"><span style=\"font-family: Verdana, Geneva, sans-serif;\"><span style=\"font-size: medium;\">Despu\u00e9s de muchos a\u00f1os de experiencia con esta placa, recomendamos su uso especialmente en caso de insomnio, ansiedad, agitaci\u00f3n y tensi\u00f3n. Lo mejor es colocar la placa con la parte superior directamente sobre el chakra del coraz\u00f3n estando acostado y luego respirar profundamente. Aqu\u00ed se manifiesta plenamente el efecto relajante y antiespasm\u00f3dico de la dolomita.<\/span><\/span><\/span><\/p>\n<p> <span style=\"font-family: verdana, geneva; font-size: medium;\">Color: azul (puede variar de tonalidad ya que est\u00e1n hechos a mano)<\/span><\/p>\n<p> <span style=\"font-family: verdana, geneva; font-size: medium;\">Dimensiones: altura &#8211; 10 mm, di\u00e1metro &#8211; 152 mm<br \/> (Este producto est\u00e1 hecho a mano y el producto final puede diferir ligeramente)<\/span><\/p>\n<p><span style=\"font-family: verdana, geneva;\"> \u00a0<\/span><\/p>\n","protected":false},"excerpt":{"rendered":"<p>Esta placa de orgonita energizante y revitalizante no solo es un placer a la vista, sino tambi\u00e9n muy potente.<\/p>\n","protected":false},"featured_media":2368,"comment_status":"open","ping_status":"closed","template":"","meta":{"_acf_changed":false},"product_brand":[],"product_cat":[34],"product_tag":[],"class_list":{"0":"post-4247","1":"product","2":"type-product","3":"status-publish","4":"has-post-thumbnail","6":"product_cat-emf-protection","7":"sales-flash-overlay","8":"woocommerce-text-align-center","9":"woocommerce-image-align-center","10":"do-quantity-buttons","12":"first","13":"instock","14":"taxable","15":"shipping-taxable","16":"purchasable","17":"product-type-simple"},"acf":[],"_links":{"self":[{"href":"https:\/\/servcrmpro.online\/es\/wp-json\/wp\/v2\/product\/4247","targetHints":{"allow":["GET"]}}],"collection":[{"href":"https:\/\/servcrmpro.online\/es\/wp-json\/wp\/v2\/product"}],"about":[{"href":"https:\/\/servcrmpro.online\/es\/wp-json\/wp\/v2\/types\/product"}],"replies":[{"embeddable":true,"href":"https:\/\/servcrmpro.online\/es\/wp-json\/wp\/v2\/comments?post=4247"}],"wp:featuredmedia":[{"embeddable":true,"href":"https:\/\/servcrmpro.online\/es\/wp-json\/wp\/v2\/media\/2368"}],"wp:attachment":[{"href":"https:\/\/servcrmpro.online\/es\/wp-json\/wp\/v2\/media?parent=4247"}],"wp:term":[{"taxonomy":"product_brand","embeddable":true,"href":"https:\/\/servcrmpro.online\/es\/wp-json\/wp\/v2\/product_brand?post=4247"},{"taxonomy":"product_cat","embeddable":true,"href":"https:\/\/servcrmpro.online\/es\/wp-json\/wp\/v2\/product_cat?post=4247"},{"taxonomy":"product_tag","embeddable":true,"href":"https:\/\/servcrmpro.online\/es\/wp-json\/wp\/v2\/product_tag?post=4247"}],"curies":[{"name":"wp","href":"https:\/\/api.w.org\/{rel}","templated":true}]}}