{"id":4250,"date":"2026-02-05T08:45:01","date_gmt":"2026-02-05T08:45:01","guid":{"rendered":""},"modified":"2026-04-11T19:52:57","modified_gmt":"2026-04-11T17:52:57","slug":"booster-hhg-es","status":"publish","type":"product","link":"https:\/\/servcrmpro.online\/es\/producto\/booster-hhg-es\/","title":{"rendered":"Refuerzo de HHG"},"content":{"rendered":"<p> <span style=\"font-family: verdana, geneva; font-size: large;\">Booster HHG para Cloudbuster de 28 mm, mejorado con CO2-GANS<\/span><\/p>\n<p> <span style=\"font-family: verdana, geneva; font-size: large;\">Nuestros productos GANS contienen un vial de 10 ml de CO2 GANS &#8211; \u00abGA en estado nano\u00bb. Esta tecnolog\u00eda fue desarrollada en mi MV Keshe. CO2 GANS es la descripci\u00f3n de las part\u00edculas de CO2 contenidas en el agua, que son atra\u00eddas mediante un campo electromagn\u00e9tico. Este GANS es muy rico en energ\u00eda e incluso puede utilizarse como fuente de energ\u00eda gratuita.<\/span><\/p>\n<p><span style=\"font-family: verdana, geneva; font-size: large;\">Lo estamos usando para darle un impulso fant\u00e1stico a nuestra Orgonita, por ejemplo en nuestros Booster HHG, que nos gusta combinar con los Cloudbusters de 28 mm. Ya hemos implementado varias de estas combinaciones en Sud\u00e1frica, con un enorme impacto positivo en las precipitaciones; consulte las publicaciones recientes del blog \u00abNo Hour Zero\u00bb para obtener m\u00e1s informaci\u00f3n al respecto.<\/span><\/p>\n<p> <span style=\"font-family: verdana, geneva; font-size: large;\">Simplemente puedes deslizar este HHG entre los tubos de tu Cloudbuster y observar c\u00f3mo amplifica el efecto. El Booster HHG tambi\u00e9n se puede utilizar solo, aunque actualmente s\u00f3lo ofrecemos la versi\u00f3n \u00abequipada\u00bb.<\/span><\/p>\n<p> <span style=\"font-family: verdana, geneva; font-size: large;\">Dimensiones: altura &#8211; 87 mm, di\u00e1metro &#8211; 88 mm<br \/> (Este producto est\u00e1 hecho a mano y el producto final puede diferir ligeramente)<\/span><\/p>\n","protected":false},"excerpt":{"rendered":"<p>Este HHG Booster contiene una bola de ping pong llena de ZNO GANS: \u00abGAs en un estado nano de s\u00f3lido\u00bb. Esta tecnolog\u00eda fue desarrollada por M.V. Keshe. ZnO GANS es la descripci\u00f3n para part\u00edculas de Zink y ox\u00edgeno contenidas en el agua, que son atra\u00eddas mediante un campo electromagn\u00e9tico. Este GANS es muy&#8230;<\/p>\n","protected":false},"featured_media":2367,"comment_status":"open","ping_status":"closed","template":"","meta":{"_acf_changed":false},"product_brand":[],"product_cat":[70],"product_tag":[],"class_list":{"0":"post-4250","1":"product","2":"type-product","3":"status-publish","4":"has-post-thumbnail","6":"product_cat-tactical-orgonite","7":"sales-flash-overlay","8":"woocommerce-text-align-center","9":"woocommerce-image-align-center","10":"do-quantity-buttons","12":"first","13":"outofstock","14":"taxable","15":"shipping-taxable","16":"purchasable","17":"product-type-simple"},"acf":[],"_links":{"self":[{"href":"https:\/\/servcrmpro.online\/es\/wp-json\/wp\/v2\/product\/4250","targetHints":{"allow":["GET"]}}],"collection":[{"href":"https:\/\/servcrmpro.online\/es\/wp-json\/wp\/v2\/product"}],"about":[{"href":"https:\/\/servcrmpro.online\/es\/wp-json\/wp\/v2\/types\/product"}],"replies":[{"embeddable":true,"href":"https:\/\/servcrmpro.online\/es\/wp-json\/wp\/v2\/comments?post=4250"}],"wp:featuredmedia":[{"embeddable":true,"href":"https:\/\/servcrmpro.online\/es\/wp-json\/wp\/v2\/media\/2367"}],"wp:attachment":[{"href":"https:\/\/servcrmpro.online\/es\/wp-json\/wp\/v2\/media?parent=4250"}],"wp:term":[{"taxonomy":"product_brand","embeddable":true,"href":"https:\/\/servcrmpro.online\/es\/wp-json\/wp\/v2\/product_brand?post=4250"},{"taxonomy":"product_cat","embeddable":true,"href":"https:\/\/servcrmpro.online\/es\/wp-json\/wp\/v2\/product_cat?post=4250"},{"taxonomy":"product_tag","embeddable":true,"href":"https:\/\/servcrmpro.online\/es\/wp-json\/wp\/v2\/product_tag?post=4250"}],"curies":[{"name":"wp","href":"https:\/\/api.w.org\/{rel}","templated":true}]}}