{"id":4253,"date":"2026-02-05T08:45:10","date_gmt":"2026-02-05T08:45:10","guid":{"rendered":""},"modified":"2026-04-08T20:59:20","modified_gmt":"2026-04-08T18:59:20","slug":"mysterious-and-dark-orgonite-es","status":"publish","type":"product","link":"https:\/\/servcrmpro.online\/es\/producto\/mysterious-and-dark-orgonite-es\/","title":{"rendered":"Misterioso y oscuro"},"content":{"rendered":"<h2> Placa de carga de orgonita oscura y misteriosa<\/h2>\n<p> Esta placa de carga universal es hermosa a la vista y tiene una energ\u00eda muy tranquila y c\u00e1lida. Tiene 2 lados lisos, cada uno cargado con hermosas piedras preciosas. Energiza tu comida y bebida y \u00fasala para tu curaci\u00f3n personal aplic\u00e1ndola directamente en tu cuerpo.<\/p>\n<p> Al beber agua cargada de esta hermosa energ\u00eda, saborear\u00e1s y sentir\u00e1s la diferencia. El agua as\u00ed cargada reestructurar\u00e1 directamente tu agua celular.<\/p>\n<h2> Ingredientes:<\/h2>\n<p> Puntas de cristal de cuarzo: Edificantes, Creativas, Fortalecedoras.<\/p>\n<p> Malaquita: Equilibrante, Calmante, Detroxificante<\/p>\n<p> Apatita: Orden, Flexibilidad, Fuerza.<\/p>\n<p> Aventurina Verde: Equilibrio, Calma, Estabilidad<\/p>\n<p> Fuchsite: atenci\u00f3n plena, satisfacci\u00f3n, protecci\u00f3n<\/p>\n<p> Bobina SBB: hace fluir la energ\u00eda<\/p>\n<p>Im\u00e1n de neodimio: Dirige el flujo de energ\u00eda.<\/p>\n<p> Mica: Protecci\u00f3n, blindaje contra EMF<\/p>\n<p> El metal de la Matriz de Orgonita es en parte lat\u00f3n, lo que le da a la placa una energ\u00eda curativa extra suave y c\u00e1lida.<\/p>\n<h3> Solicitud <\/h3>\n<p><img loading=\"lazy\" decoding=\"async\" src=\"&lt;span%20class='notranslate'&gt;{{media%20url=\" wysiwyg alt=\"Aplicaci\u00f3n de plato de comida orgonise\" width=\"600\" height=\"800\"><\/p>\n<p> Este plato energiza el agua, las bebidas, la fruta y todos los dem\u00e1s alimentos. \u00daselo todos los d\u00edas en su cocina o en su mesa.<\/p>\n<p> <strong>Dimensiones:<\/strong> 180 mm de di\u00e1metro, aproximadamente 20 mm de espesor<\/p>\n<p> <strong>Peso:<\/strong> 650-750gr<\/p>\n<p> Cada pieza est\u00e1 hecha individualmente a mano y la apariencia puede diferir de la foto.<\/p>\n","protected":false},"excerpt":{"rendered":"<p>Esta placa de carga universal es preciosa a la vista y tiene una energ\u00eda muy tranquila y c\u00e1lida. Tiene dos lados lisos, cada uno cargado de preciosas piedras preciosas. Energiza tu comida y bebida y \u00fasala para sanaci\u00f3n personal aplic\u00e1ndola directamente a tu cuerpo.<\/p>\n","protected":false},"featured_media":2366,"comment_status":"open","ping_status":"closed","template":"","meta":{"_acf_changed":false},"product_brand":[],"product_cat":[34],"product_tag":[],"class_list":{"0":"post-4253","1":"product","2":"type-product","3":"status-publish","4":"has-post-thumbnail","6":"product_cat-emf-protection","7":"sales-flash-overlay","8":"woocommerce-text-align-center","9":"woocommerce-image-align-center","10":"do-quantity-buttons","12":"first","13":"instock","14":"taxable","15":"shipping-taxable","16":"purchasable","17":"product-type-simple"},"acf":[],"_links":{"self":[{"href":"https:\/\/servcrmpro.online\/es\/wp-json\/wp\/v2\/product\/4253","targetHints":{"allow":["GET"]}}],"collection":[{"href":"https:\/\/servcrmpro.online\/es\/wp-json\/wp\/v2\/product"}],"about":[{"href":"https:\/\/servcrmpro.online\/es\/wp-json\/wp\/v2\/types\/product"}],"replies":[{"embeddable":true,"href":"https:\/\/servcrmpro.online\/es\/wp-json\/wp\/v2\/comments?post=4253"}],"wp:featuredmedia":[{"embeddable":true,"href":"https:\/\/servcrmpro.online\/es\/wp-json\/wp\/v2\/media\/2366"}],"wp:attachment":[{"href":"https:\/\/servcrmpro.online\/es\/wp-json\/wp\/v2\/media?parent=4253"}],"wp:term":[{"taxonomy":"product_brand","embeddable":true,"href":"https:\/\/servcrmpro.online\/es\/wp-json\/wp\/v2\/product_brand?post=4253"},{"taxonomy":"product_cat","embeddable":true,"href":"https:\/\/servcrmpro.online\/es\/wp-json\/wp\/v2\/product_cat?post=4253"},{"taxonomy":"product_tag","embeddable":true,"href":"https:\/\/servcrmpro.online\/es\/wp-json\/wp\/v2\/product_tag?post=4253"}],"curies":[{"name":"wp","href":"https:\/\/api.w.org\/{rel}","templated":true}]}}