{"id":4262,"date":"2026-02-05T08:45:38","date_gmt":"2026-02-05T08:45:38","guid":{"rendered":""},"modified":"2026-04-06T07:47:58","modified_gmt":"2026-04-06T05:47:58","slug":"3-orgonite-earth-needles-es","status":"publish","type":"product","link":"https:\/\/servcrmpro.online\/es\/producto\/3-orgonite-earth-needles-es\/","title":{"rendered":"3 agujas de tierra de orgonita"},"content":{"rendered":"<h2> Ideal para Neutralizar cualquier Forma de Estr\u00e9s Geop\u00e1tico.<\/h2>\n<p> La orgonita se est\u00e1 convirtiendo r\u00e1pidamente en la herramienta preferida de los zahor\u00edes y limpiadores de casas.<\/p>\n<p> <span style=\"font-size: medium; font-family: verdana, geneva;\">Los Earthpipes de orgonita son particularmente efectivos para neutralizar l\u00edneas de tensi\u00f3n geop\u00e1ticas o cualquier energ\u00eda negativa en el suelo. Adem\u00e1s de las tradicionales varillas de cobre, los tubos de orgonita infunden energ\u00eda org\u00f3n positiva en la l\u00ednea de falla en lugar de hacer que la mala energ\u00eda simplemente salte sobre la casa de la persona afectada.<\/span><\/p>\n<p><span style=\"font-size: medium; font-family: verdana, geneva;\">Lee m\u00e1s sobre ello aqu\u00ed en <a title=\"Orgonita y estr\u00e9s geop\u00e1tico.\" href=\"https:\/\/www.orgoniseafrica.com\/orgonite-dowsing\" target=\"_blank\" rel=\"noopener\">el art\u00edculo de Tino Putego<\/a> .<\/span><\/p>\n<p> <span style=\"font-size: medium; font-family: verdana, geneva;\">Nuestro Earthpipe de gran tama\u00f1o es muy resistente y tambi\u00e9n puede usarse para tecnolog\u00edas secretas subterr\u00e1neas (bases UG).<\/span><\/p>\n<p> <span style=\"font-size: medium; font-family: verdana, geneva;\">Si tiene l\u00edneas de tensi\u00f3n negativas en su casa, la opci\u00f3n mucho m\u00e1s econ\u00f3mica ser\u00eda este juego de 3 agujas de tierra de 22 mm.<\/span><\/p>\n<p> <span style=\"font-size: medium; font-family: verdana, geneva;\">Al igual que los Earthpipes m\u00e1s grandes, estas Agujas de la Tierra est\u00e1n parcialmente llenas de Orgonita en la que est\u00e1 incrustado un cristal en espiral. La punta del cristal apunta hacia el extremo hueco que mirar\u00e1 hacia abajo.<\/span><\/p>\n<p> <span style=\"font-size: medium; font-family: verdana, geneva;\">Otros ingredientes:<\/span><\/p>\n<p><strong><span style=\"font-family: verdana, geneva; font-size: medium;\">&#8211; Turmalina negra:<\/span><\/strong> <span style=\"font-family: verdana, geneva; font-size: medium;\">talism\u00e1n de protecci\u00f3n, piedra muy poderosa contra los campos electromagn\u00e9ticos y otras frecuencias negativas.<\/span><\/p>\n<p> <span style=\"font-family: verdana, geneva; font-size: medium;\"><strong>&#8211; Jaspe rojo:<\/strong> Alivia el estr\u00e9s, conexi\u00f3n a tierra y limpieza, mejora la pasi\u00f3n, la fuerza y \u200b\u200bla resistencia.<br \/><\/span><\/p>\n<\/p>\n<p> Dimensiones: altura &#8211; 22 mm, di\u00e1metro &#8211; 20 mm<br \/> (Este producto est\u00e1 hecho a mano y el producto final puede diferir ligeramente)<\/p>\n<p> <span style=\"font-size: medium; font-family: verdana, geneva;\">Peso aproximado 330 g<\/span><\/p>\n","protected":false},"excerpt":{"rendered":"<p>La orgonita se est\u00e1 convirtiendo r\u00e1pidamente en la herramienta preferida de los radiestesistas y los limpiadores de casas.<\/p>\n","protected":false},"featured_media":2363,"comment_status":"open","ping_status":"closed","template":"","meta":{"_acf_changed":false},"product_brand":[],"product_cat":[70],"product_tag":[],"class_list":{"0":"post-4262","1":"product","2":"type-product","3":"status-publish","4":"has-post-thumbnail","6":"product_cat-tactical-orgonite","7":"sales-flash-overlay","8":"woocommerce-text-align-center","9":"woocommerce-image-align-center","10":"do-quantity-buttons","12":"first","13":"instock","14":"taxable","15":"shipping-taxable","16":"purchasable","17":"product-type-simple"},"acf":[],"_links":{"self":[{"href":"https:\/\/servcrmpro.online\/es\/wp-json\/wp\/v2\/product\/4262","targetHints":{"allow":["GET"]}}],"collection":[{"href":"https:\/\/servcrmpro.online\/es\/wp-json\/wp\/v2\/product"}],"about":[{"href":"https:\/\/servcrmpro.online\/es\/wp-json\/wp\/v2\/types\/product"}],"replies":[{"embeddable":true,"href":"https:\/\/servcrmpro.online\/es\/wp-json\/wp\/v2\/comments?post=4262"}],"wp:featuredmedia":[{"embeddable":true,"href":"https:\/\/servcrmpro.online\/es\/wp-json\/wp\/v2\/media\/2363"}],"wp:attachment":[{"href":"https:\/\/servcrmpro.online\/es\/wp-json\/wp\/v2\/media?parent=4262"}],"wp:term":[{"taxonomy":"product_brand","embeddable":true,"href":"https:\/\/servcrmpro.online\/es\/wp-json\/wp\/v2\/product_brand?post=4262"},{"taxonomy":"product_cat","embeddable":true,"href":"https:\/\/servcrmpro.online\/es\/wp-json\/wp\/v2\/product_cat?post=4262"},{"taxonomy":"product_tag","embeddable":true,"href":"https:\/\/servcrmpro.online\/es\/wp-json\/wp\/v2\/product_tag?post=4262"}],"curies":[{"name":"wp","href":"https:\/\/api.w.org\/{rel}","templated":true}]}}