{"id":4265,"date":"2026-02-05T08:45:47","date_gmt":"2026-02-05T08:45:47","guid":{"rendered":""},"modified":"2026-04-16T22:45:34","modified_gmt":"2026-04-16T20:45:34","slug":"orgonite-art-pendant-kandinsky-white-es","status":"publish","type":"product","link":"https:\/\/servcrmpro.online\/es\/producto\/orgonite-art-pendant-kandinsky-white-es\/","title":{"rendered":"Colgante Kandinsky"},"content":{"rendered":"<h2> <strong>Colgante de Arte Orgonita Kandinsky<\/strong><br \/>\n<\/h2>\n<p>Una obra de arte con una fuerte vibraci\u00f3n edificante, que estimula nuestro despertar del discernimiento en estos tiempos turbulentos de transici\u00f3n. La selenita promueve la claridad mental. Una rica mezcla de otros minerales curativos a\u00f1ade vitalidad. La adici\u00f3n del incienso b\u00edblico y la mirra le confieren una vibraci\u00f3n espiritual muy alta.<\/p>\n<p> <strong>En otras palabras: \u00a1una obra de arte energ\u00e9tica \u00fanica!<\/strong><\/p>\n<p> El colgante est\u00e1 disponible con fondo perlescente blanco o gris. Por favor elige la opci\u00f3n que se adapte a tu estilo. Todos los dem\u00e1s ingredientes son iguales.<\/p>\n<h3> Ingredientes:<\/h3>\n<p> <strong>Frente<\/strong><\/p>\n<ul>\n<li> <strong>Selenita<\/strong>\n<\/li>\n<li> <strong>Jaspe rojo<\/strong>\n<\/li>\n<li> <strong>Turmalina Negra<\/strong>\n<\/li>\n<li> <strong>Blanco Perlita o Gris<\/strong>\n<\/li>\n<\/ul>\n<p> <strong>Atr\u00e1s<\/strong><\/p>\n<ul>\n<li> <strong>Mezcla de orgonita con limaduras de bronce.<\/strong>\n<\/li>\n<li> <strong>Labradorita<\/strong>\n<\/li>\n<li> <strong>cianita<\/strong>\n<\/li>\n<li> <strong>Incienso<\/strong>\n<\/li>\n<li> <strong>mirhh<\/strong>\n<\/li>\n<li> <strong>Cuarzo rosa<\/strong>\n<\/li>\n<li> <strong>Amatista<\/strong>\n<\/li>\n<li> <strong>Rastros de Shungit y Selenita<\/strong>\n<\/li>\n<\/ul>\n<p><strong>Dimensiones:<\/strong> espesor &#8211; 10 mm, di\u00e1metro &#8211; 50 mm<br \/> Este producto est\u00e1 hecho a mano, cada uno se ver\u00e1 ligeramente diferente.<\/p>\n","protected":false},"excerpt":{"rendered":"<p>Una obra de arte con una fuerte vibraci\u00f3n alentadora, que estimula nuestro discernimiento despertar en estos tiempos turbulentos de transici\u00f3n. La selenita fomenta la claridad mental. Una rica mezcla de otros minerales curativos aporta vitalidad vital. La adici\u00f3n del incienso b\u00edblico y Mirh le da una posici\u00f3n muy alta&#8230;<\/p>\n","protected":false},"featured_media":2362,"comment_status":"open","ping_status":"closed","template":"","meta":{"_acf_changed":false},"product_brand":[],"product_cat":[102],"product_tag":[],"class_list":{"0":"post-4265","1":"product","2":"type-product","3":"status-publish","4":"has-post-thumbnail","6":"product_cat-orgone-energy-pendants","7":"sales-flash-overlay","8":"woocommerce-text-align-center","9":"woocommerce-image-align-center","10":"do-quantity-buttons","12":"first","13":"outofstock","14":"taxable","15":"shipping-taxable","16":"purchasable","17":"product-type-simple"},"acf":[],"_links":{"self":[{"href":"https:\/\/servcrmpro.online\/es\/wp-json\/wp\/v2\/product\/4265","targetHints":{"allow":["GET"]}}],"collection":[{"href":"https:\/\/servcrmpro.online\/es\/wp-json\/wp\/v2\/product"}],"about":[{"href":"https:\/\/servcrmpro.online\/es\/wp-json\/wp\/v2\/types\/product"}],"replies":[{"embeddable":true,"href":"https:\/\/servcrmpro.online\/es\/wp-json\/wp\/v2\/comments?post=4265"}],"wp:featuredmedia":[{"embeddable":true,"href":"https:\/\/servcrmpro.online\/es\/wp-json\/wp\/v2\/media\/2362"}],"wp:attachment":[{"href":"https:\/\/servcrmpro.online\/es\/wp-json\/wp\/v2\/media?parent=4265"}],"wp:term":[{"taxonomy":"product_brand","embeddable":true,"href":"https:\/\/servcrmpro.online\/es\/wp-json\/wp\/v2\/product_brand?post=4265"},{"taxonomy":"product_cat","embeddable":true,"href":"https:\/\/servcrmpro.online\/es\/wp-json\/wp\/v2\/product_cat?post=4265"},{"taxonomy":"product_tag","embeddable":true,"href":"https:\/\/servcrmpro.online\/es\/wp-json\/wp\/v2\/product_tag?post=4265"}],"curies":[{"name":"wp","href":"https:\/\/api.w.org\/{rel}","templated":true}]}}