{"id":4268,"date":"2026-02-05T08:45:54","date_gmt":"2026-02-05T08:45:54","guid":{"rendered":""},"modified":"2026-04-18T19:22:08","modified_gmt":"2026-04-18T17:22:08","slug":"lapis-orgone-pendant-es","status":"publish","type":"product","link":"https:\/\/servcrmpro.online\/es\/producto\/lapis-orgone-pendant-es\/","title":{"rendered":"Colgante Orgonita Lapisl\u00e1zuli"},"content":{"rendered":"<h1> Lapisl\u00e1zuli: la piedra de la verdad<\/h1>\n<p><span style=\"font-family: verdana, geneva; font-size: medium;\">Este hermoso y peque\u00f1o Colgante de Orgonita es un potenciador de la comunicaci\u00f3n ideal.<\/span><\/p>\n<p> <span style=\"font-family: verdana, geneva; font-size: medium;\">Todos nuestros Colgantes de Orgonita fortalecen tu campo bioenerg\u00e9tico (Aura), revitalizan tu cuerpo y te protegen de influencias nocivas como la radiaci\u00f3n electromagn\u00e9tica (EMF) o las energ\u00edas negativas.<\/span><\/p>\n<p> <span style=\"font-family: verdana, geneva; font-size: medium;\"><strong>El lapisl\u00e1zuli<\/strong> tambi\u00e9n se conoce como la \u00abPiedra de la Verdad\u00bb.<\/span><\/p>\n<p> <span style=\"font-family: verdana, geneva; font-size: medium;\">Afecta al chakra de la garganta en particular y ayuda a decir lo que piensa y a expresar emociones reprimidas.<\/span><\/p>\n<p> <span style=\"font-family: verdana, geneva; font-size: medium;\">Adem\u00e1s del motivo floral decorativo, la espiral SBB de cobre plateado y la orgonita, este colgante contiene varios cristales y piedras preciosas. Est\u00e1 adornado con cuentas de vidrio decorativas sobre algod\u00f3n encerado.<\/span><\/p>\n<p><span style=\"font-family: verdana, geneva; font-size: medium;\">\u00a0<\/span><\/p>\n<p><span style=\"font-family: verdana, geneva; font-size: medium;\"><strong>Propiedades curativas t\u00edpicamente asociadas con las otras piedras preciosas contenidas en este colgante:<\/strong><\/span><\/p>\n<\/p>\n<p> <span style=\"font-family: verdana, geneva; font-size: medium;\"><strong>&#8211; Lapisl\u00e1zuli:<\/strong> estimula el juicio intelectual, la resoluci\u00f3n de problemas y la creatividad, abre el chakra de la garganta, ayuda a la autoexpresi\u00f3n, mejora la memoria, fomenta la honestidad y la comunicaci\u00f3n profunda.<\/span><\/p>\n<p> <span style=\"font-family: verdana, geneva; font-size: medium;\"><strong>&#8211; Mica:<\/strong> protecci\u00f3n EMF, mejora la claridad y la flexibilidad al ver las cosas como son.<\/span><\/p>\n<p> <span style=\"font-family: verdana, geneva; font-size: medium;\"><strong>&#8211; Bobina SBB de cobre plateado:<\/strong> revitalizante, especialmente cuando se usa en el chakra del coraz\u00f3n.<\/span><\/p>\n<p><span style=\"font-family: verdana, geneva; font-size: medium;\"><strong>&#8211; Cuarzo:<\/strong> Claridad mental, siempre utilizado en orgonita para amplificar la salida de org\u00f3n.<\/span><\/p>\n<p> <span style=\"font-family: verdana, geneva; font-size: medium;\"><strong>&#8211; Amatista:<\/strong> Favorece la sobriedad y la concentraci\u00f3n, el procesamiento de experiencias y percepciones.<\/span><\/p>\n<p> <span style=\"font-family: verdana, geneva; font-size: medium;\">Este colgante se puede combinar muy bien con abalorios o integrarse en alguna otra joya.<\/span><\/p>\n<p> Dimensiones: altura &#8211; 10 mm, di\u00e1metro &#8211; 28 mm<br \/> (Este producto est\u00e1 hecho a mano y el producto final puede diferir ligeramente)<\/p>\n","protected":false},"excerpt":{"rendered":"<p>Este hermoso peque\u00f1o colgante de orgonita es un potenciador ideal de la comunicaci\u00f3n.<\/p>\n","protected":false},"featured_media":2361,"comment_status":"open","ping_status":"closed","template":"","meta":{"_acf_changed":false},"product_brand":[],"product_cat":[102],"product_tag":[],"class_list":{"0":"post-4268","1":"product","2":"type-product","3":"status-publish","4":"has-post-thumbnail","6":"product_cat-orgone-energy-pendants","7":"sales-flash-overlay","8":"woocommerce-text-align-center","9":"woocommerce-image-align-center","10":"do-quantity-buttons","12":"first","13":"instock","14":"taxable","15":"shipping-taxable","16":"purchasable","17":"product-type-simple"},"acf":[],"_links":{"self":[{"href":"https:\/\/servcrmpro.online\/es\/wp-json\/wp\/v2\/product\/4268","targetHints":{"allow":["GET"]}}],"collection":[{"href":"https:\/\/servcrmpro.online\/es\/wp-json\/wp\/v2\/product"}],"about":[{"href":"https:\/\/servcrmpro.online\/es\/wp-json\/wp\/v2\/types\/product"}],"replies":[{"embeddable":true,"href":"https:\/\/servcrmpro.online\/es\/wp-json\/wp\/v2\/comments?post=4268"}],"wp:featuredmedia":[{"embeddable":true,"href":"https:\/\/servcrmpro.online\/es\/wp-json\/wp\/v2\/media\/2361"}],"wp:attachment":[{"href":"https:\/\/servcrmpro.online\/es\/wp-json\/wp\/v2\/media?parent=4268"}],"wp:term":[{"taxonomy":"product_brand","embeddable":true,"href":"https:\/\/servcrmpro.online\/es\/wp-json\/wp\/v2\/product_brand?post=4268"},{"taxonomy":"product_cat","embeddable":true,"href":"https:\/\/servcrmpro.online\/es\/wp-json\/wp\/v2\/product_cat?post=4268"},{"taxonomy":"product_tag","embeddable":true,"href":"https:\/\/servcrmpro.online\/es\/wp-json\/wp\/v2\/product_tag?post=4268"}],"curies":[{"name":"wp","href":"https:\/\/api.w.org\/{rel}","templated":true}]}}