{"id":4277,"date":"2026-02-05T08:46:24","date_gmt":"2026-02-05T08:46:24","guid":{"rendered":""},"modified":"2026-04-10T02:09:57","modified_gmt":"2026-04-10T00:09:57","slug":"the-minishield-es","status":"publish","type":"product","link":"https:\/\/servcrmpro.online\/es\/producto\/the-minishield-es\/","title":{"rendered":"El miniescudo"},"content":{"rendered":"<p> <span style=\"font-family: verdana, geneva; font-size: medium;\"><strong>Prot\u00e9jase de la da\u00f1ina radiaci\u00f3n EMF de su tel\u00e9fono celular, computadora port\u00e1til o tableta con Orgonite Minishield.<\/strong><br \/><\/span><\/p>\n<p> <span style=\"font-family: verdana, geneva; font-size: medium;\">El Minishield es un peque\u00f1o bot\u00f3n de Orgonita que se puede colocar en cualquier lugar de su tel\u00e9fono celular u otros dispositivos electr\u00f3nicos.<\/span><\/p>\n<p><span style=\"font-family: verdana, geneva; font-size: medium;\">Los estudios demuestran que las frecuencias electromagn\u00e9ticas (EMF) emitidas por cualquier dispositivo electr\u00f3nico que se comunique de forma inal\u00e1mbrica tienen muchos efectos negativos en la salud humana. Los efectos secundarios van desde dolores de cabeza, calentamiento de los o\u00eddos durante una llamada y mareos, hasta consecuencias graves como linfoma y otros tipos de c\u00e1ncer (dependiendo de d\u00f3nde lleve con mayor frecuencia su tel\u00e9fono celular).<\/span><\/p>\n<p> <span style=\"font-family: verdana, geneva; font-size: medium;\">Nuestra experiencia personal y nuestro <a title=\"Experimento de crecimiento de plantas de orgonita\" href=\"https:\/\/www.orgoniseafrica.com\/orgonite-plant-growth\" target=\"_blank\" rel=\"noopener\">Experimento de Crecimiento de Plantas<\/a> muestran la eficacia de incluso un peque\u00f1o trozo de Orgonita como el Minishield contra esta radiaci\u00f3n da\u00f1ina. La Orgonita transforma estas frecuencias da\u00f1inas en Energ\u00eda Vital positiva, o Energ\u00eda Orgone. Esto neutraliza los efectos perjudiciales de la radiaci\u00f3n EMF y garantiza un uso seguro de su tel\u00e9fono m\u00f3vil y otros dispositivos electr\u00f3nicos.<\/span><\/p>\n<p><span style=\"font-family: verdana, geneva; font-size: medium;\">La biorretroalimentaci\u00f3n, las pruebas de estr\u00e9s, la kinesiolog\u00eda y los comentarios de nuestros clientes muestran que los s\u00edntomas t\u00edpicos del uso prolongado del tel\u00e9fono m\u00f3vil, como el calentamiento de las zonas adyacentes de la cabeza, dolores de cabeza, p\u00e9rdida de concentraci\u00f3n y memoria, no se sienten en absoluto o en mucha menor medida. . El <a title=\"Experimento de crecimiento de plantas de orgonita\" href=\"https:\/\/www.orgoniseafrica.com\/orgonite-plant-growth\" target=\"_blank\" rel=\"noopener\">reciente experimento<\/a> sobre el efecto del Minishiled sobre el crecimiento de las plantas bajo la radiaci\u00f3n de un tel\u00e9fono m\u00f3vil con y sin minishield habla un lenguaje a\u00fan m\u00e1s claro.<\/span><\/p>\n<p> <span style=\"font-family: verdana, geneva; font-size: medium;\"><strong>Ingredientes:<\/strong> Matriz de Org\u00f3n con Aluminio y Cobre, Cristales de Cuarzo, migas de Amatista, Granate y Turmalina Negra.<\/span><\/p>\n<\/p>\n<p> <strong><span style=\"font-family: verdana, geneva; font-size: medium;\">Beneficios t\u00edpicamente asociados con las piedras preciosas del Minishield:<\/span><\/strong><\/p>\n<p><strong><span style=\"font-family: verdana, geneva; font-size: medium;\">&#8211; Cuarzo:<\/span><\/strong> <span style=\"font-family: verdana, geneva; font-size: medium;\">Claridad mental, siempre utilizado en orgonita para amplificar la salida de org\u00f3n.<\/span><\/p>\n<p> <strong><span style=\"font-family: verdana, geneva; font-size: medium;\">&#8211; Amatista:<\/span><\/strong> <span style=\"font-family: verdana, geneva; font-size: medium;\">Favorece la sobriedad y la concentraci\u00f3n, el procesamiento de experiencias y percepciones.<\/span><\/p>\n<p> <strong><span style=\"font-family: verdana, geneva; font-size: medium;\">&#8211; Granate:<\/span><\/strong> <span style=\"font-family: verdana, geneva; font-size: medium;\">Promueve la voluntad de ayuda mutua, el coraje, la confianza y la esperanza. Generalmente revitalizante sobre el metabolismo y la sexualidad sanamente activa.<\/span><\/p>\n<p><strong><span style=\"font-family: verdana, geneva; font-size: medium;\">&#8211; Turmalina Negra:<\/span><\/strong> <span style=\"font-family: verdana, geneva; font-size: medium;\">Talism\u00e1n de protecci\u00f3n, protege contra la radiaci\u00f3n y la contaminaci\u00f3n ambiental, conexi\u00f3n a tierra y calmante.<\/span><\/p>\n<\/p>\n<p> <span style=\"font-family: verdana, geneva; font-size: medium;\">El Miniescudo de Orgonita tiene 26 mm (1&#8243;) de di\u00e1metro. La parte posterior tiene cinta de doble cara ya adherida y se puede conectar f\u00e1cilmente a la parte posterior de su tel\u00e9fono celular u otro dispositivo electr\u00f3nico.<\/span><\/p>\n<p> <span style=\"font-family: verdana, geneva; font-size: medium;\">Recomendamos limpiar la superficie de su tel\u00e9fono celular con un pa\u00f1o h\u00famedo o alcohol antes de la aplicaci\u00f3n para eliminar el exceso de grasa.<\/span><\/p>\n<\/p>\n<p> Dimensiones: altura &#8211; 10 mm, di\u00e1metro &#8211; 34 mm<br \/> (Este producto est\u00e1 hecho a mano y el producto final puede diferir ligeramente)<\/p><\/p>\n","protected":false},"excerpt":{"rendered":"<p>Prot\u00e9gete de la da\u00f1ina radiaci\u00f3n EMF de tu m\u00f3vil, port\u00e1til o tableta con el Minishield de Orgonita.<\/p>\n","protected":false},"featured_media":2358,"comment_status":"open","ping_status":"closed","template":"","meta":{"_acf_changed":false},"product_brand":[],"product_cat":[34],"product_tag":[],"class_list":{"0":"post-4277","1":"product","2":"type-product","3":"status-publish","4":"has-post-thumbnail","6":"product_cat-emf-protection","7":"sales-flash-overlay","8":"woocommerce-text-align-center","9":"woocommerce-image-align-center","10":"do-quantity-buttons","12":"first","13":"instock","14":"taxable","15":"shipping-taxable","16":"purchasable","17":"product-type-simple"},"acf":[],"_links":{"self":[{"href":"https:\/\/servcrmpro.online\/es\/wp-json\/wp\/v2\/product\/4277","targetHints":{"allow":["GET"]}}],"collection":[{"href":"https:\/\/servcrmpro.online\/es\/wp-json\/wp\/v2\/product"}],"about":[{"href":"https:\/\/servcrmpro.online\/es\/wp-json\/wp\/v2\/types\/product"}],"replies":[{"embeddable":true,"href":"https:\/\/servcrmpro.online\/es\/wp-json\/wp\/v2\/comments?post=4277"}],"wp:featuredmedia":[{"embeddable":true,"href":"https:\/\/servcrmpro.online\/es\/wp-json\/wp\/v2\/media\/2358"}],"wp:attachment":[{"href":"https:\/\/servcrmpro.online\/es\/wp-json\/wp\/v2\/media?parent=4277"}],"wp:term":[{"taxonomy":"product_brand","embeddable":true,"href":"https:\/\/servcrmpro.online\/es\/wp-json\/wp\/v2\/product_brand?post=4277"},{"taxonomy":"product_cat","embeddable":true,"href":"https:\/\/servcrmpro.online\/es\/wp-json\/wp\/v2\/product_cat?post=4277"},{"taxonomy":"product_tag","embeddable":true,"href":"https:\/\/servcrmpro.online\/es\/wp-json\/wp\/v2\/product_tag?post=4277"}],"curies":[{"name":"wp","href":"https:\/\/api.w.org\/{rel}","templated":true}]}}