{"id":4280,"date":"2026-02-05T08:46:33","date_gmt":"2026-02-05T08:46:33","guid":{"rendered":""},"modified":"2026-04-13T03:06:19","modified_gmt":"2026-04-13T01:06:19","slug":"orgone-key-ring-es","status":"publish","type":"product","link":"https:\/\/servcrmpro.online\/es\/producto\/orgone-key-ring-es\/","title":{"rendered":"Llavero Org\u00f3n"},"content":{"rendered":"<p> <strong><span style=\"font-family: verdana, geneva; font-size: medium;\">Incorpora Orgonita a tu vida diaria con este encantador Llavero de Orgonita.<\/span><\/strong><\/p>\n<p> <span style=\"font-family: verdana, geneva; font-size: medium;\">Hay muchas maneras de llevar Orgonita contigo de forma discreta. Y la simple verdad es: cuanto m\u00e1s, mejor.<\/span><\/p>\n<p><span style=\"font-family: verdana, geneva; font-size: medium;\">Este precioso llavero es uno m\u00e1s. Tambi\u00e9n funciona muy bien como etiqueta para el collar de su querida mascota. Tiene un efecto muy vitalizante en los animales. Tanto es as\u00ed que tuvimos que quit\u00e1rselo a nuestro peque\u00f1o perro porque se estaba emocionando mucho&#8230;<\/span><\/p>\n<p> <span style=\"font-family: verdana, geneva; font-size: medium;\">Para protecci\u00f3n personal recomiendo al menos lo siguiente:<\/span><\/p>\n<p> <span style=\"font-family: verdana, geneva; font-size: medium;\">&#8211; \u00a1Usa un <a title=\"Colgantes de orgonita\" href=\"https:\/\/www.orgoniseafrica.com\/orgonite-pendant\" target=\"_blank\" rel=\"noopener\">colgante de orgonita<\/a> ! \u00bfCu\u00e1l prefieres seg\u00fan tu afinidad con ciertas piedras curativas?<\/span><br \/> <span style=\"font-family: verdana, geneva; font-size: medium;\">&#8211; Ten tu celular protegido por un <a title=\"Miniescudo de orgonita\" href=\"https:\/\/www.orgoniseafrica.com\/the-minishield\" target=\"_blank\" rel=\"noopener\">Minishield<\/a><\/span><br \/> <span style=\"font-family: verdana, geneva; font-size: medium;\">&#8211; Consigue uno de estos llaveros<\/span><\/p>\n<p><span style=\"font-family: verdana, geneva; font-size: medium;\">Por supuesto, tambi\u00e9n puedes llevar un <a title=\"Orgonita Towerbuster Harry el Sucio\" href=\"https:\/\/www.orgoniseafrica.com\/orgonite-tb-dirty-harry\" target=\"_blank\" rel=\"noopener\">Towerbuster<\/a> en el bolsillo todo el tiempo (conozco a algunas personas que lo hacen), pero ciertamente eso no es para todos.<\/span><\/p>\n<p> <span style=\"font-family: verdana, geneva; font-size: medium;\">La composici\u00f3n del llavero es similar a la del peque\u00f1o colgante Org\u00f3n:<\/span><\/p>\n<p> <span style=\"font-family: verdana, geneva; font-size: medium;\">Adem\u00e1s del motivo decorativo del delf\u00edn y la orgonita, el llavero contiene los siguientes cristales y piedras preciosas:<\/span><\/p>\n<p> <span style=\"font-family: verdana, geneva; font-size: medium;\">&#8211; Cuarzo<\/span><br \/> <span style=\"font-family: verdana, geneva; font-size: medium;\">&#8211; Amatista<\/span><br \/> <span style=\"font-family: verdana, geneva; font-size: medium;\">&#8211; Turquesa<\/span><br \/> <span style=\"font-family: verdana, geneva; font-size: medium;\">&#8211; granate<\/span> <br \/><span style=\"font-family: verdana, geneva; font-size: medium;\">&#8211; Crisoprasa (polvo)<\/span><\/p>\n<p> <span style=\"font-family: verdana, geneva; font-size: medium;\"><strong>Aplicaciones:<\/strong><\/span><\/p>\n<ul>\n<li>\n<p> <span style=\"font-family: verdana, geneva; font-size: medium;\">Estimulaci\u00f3n general del campo bioenerg\u00e9tico para aumentar la energ\u00eda.<\/span><br \/> <span style=\"font-family: verdana, geneva; font-size: medium;\">&#8211; Protecci\u00f3n contra los campos electromagn\u00e9ticos<\/span><br \/> <span style=\"font-family: verdana, geneva; font-size: medium;\">&#8211; Protecci\u00f3n contra ataques ps\u00edquicos (\u00abvampiros de energ\u00eda\u00bb)<\/span><br \/> <span style=\"font-family: verdana, geneva; font-size: medium;\">&#8211; Tradicionalmente se cree que la turquesa es una piedra que nos protege de contratiempos mientras viajamos, por lo que es genial tenerla consigo o en el autom\u00f3vil en todo momento.<\/span><\/p>\n<\/li>\n<\/ul>\n<p> <span style=\"font-family: verdana, geneva; font-size: medium;\">Dimensiones: altura &#8211; 10 mm, di\u00e1metro &#8211; 29 mm<br \/> (Este producto est\u00e1 hecho a mano y el producto final puede diferir ligeramente)<\/span><\/p>\n","protected":false},"excerpt":{"rendered":"<p>Incorpora la Orgonita en tu vida diaria con este precioso Llavero de Orgonita.<\/p>\n","protected":false},"featured_media":2357,"comment_status":"open","ping_status":"closed","template":"","meta":{"_acf_changed":false},"product_brand":[],"product_cat":[34],"product_tag":[],"class_list":{"0":"post-4280","1":"product","2":"type-product","3":"status-publish","4":"has-post-thumbnail","6":"product_cat-emf-protection","7":"sales-flash-overlay","8":"woocommerce-text-align-center","9":"woocommerce-image-align-center","10":"do-quantity-buttons","12":"first","13":"instock","14":"taxable","15":"shipping-taxable","16":"purchasable","17":"product-type-simple"},"acf":[],"_links":{"self":[{"href":"https:\/\/servcrmpro.online\/es\/wp-json\/wp\/v2\/product\/4280","targetHints":{"allow":["GET"]}}],"collection":[{"href":"https:\/\/servcrmpro.online\/es\/wp-json\/wp\/v2\/product"}],"about":[{"href":"https:\/\/servcrmpro.online\/es\/wp-json\/wp\/v2\/types\/product"}],"replies":[{"embeddable":true,"href":"https:\/\/servcrmpro.online\/es\/wp-json\/wp\/v2\/comments?post=4280"}],"wp:featuredmedia":[{"embeddable":true,"href":"https:\/\/servcrmpro.online\/es\/wp-json\/wp\/v2\/media\/2357"}],"wp:attachment":[{"href":"https:\/\/servcrmpro.online\/es\/wp-json\/wp\/v2\/media?parent=4280"}],"wp:term":[{"taxonomy":"product_brand","embeddable":true,"href":"https:\/\/servcrmpro.online\/es\/wp-json\/wp\/v2\/product_brand?post=4280"},{"taxonomy":"product_cat","embeddable":true,"href":"https:\/\/servcrmpro.online\/es\/wp-json\/wp\/v2\/product_cat?post=4280"},{"taxonomy":"product_tag","embeddable":true,"href":"https:\/\/servcrmpro.online\/es\/wp-json\/wp\/v2\/product_tag?post=4280"}],"curies":[{"name":"wp","href":"https:\/\/api.w.org\/{rel}","templated":true}]}}