{"id":4283,"date":"2026-02-05T08:46:40","date_gmt":"2026-02-05T08:46:40","guid":{"rendered":""},"modified":"2026-04-13T00:57:53","modified_gmt":"2026-04-12T22:57:53","slug":"gold-and-lapis-pyramid-es","status":"publish","type":"product","link":"https:\/\/servcrmpro.online\/es\/producto\/gold-and-lapis-pyramid-es\/","title":{"rendered":"Pir\u00e1mide de oro y lapisl\u00e1zuli"},"content":{"rendered":"<p> <strong><span style=\"font-family: verdana, geneva; font-size: medium;\">Potente Generador de Org\u00f3n con Pan de Oro, Lapisl\u00e1zuli y Muti para proteger de ataques ps\u00edquicos y otras energ\u00edas negativas.<\/span><\/strong><\/p>\n<p> <span style=\"font-family: verdana, geneva; font-size: medium;\">Uno de nuestros amigos ps\u00edquicos vino a m\u00ed con una idea bastante clara de c\u00f3mo deber\u00edan verse estas pir\u00e1mides y qu\u00e9 deber\u00edan contener. Quer\u00eda 20 de inmediato.<\/span><\/p>\n<p><span style=\"font-family: verdana, geneva; font-size: medium;\">La Pir\u00e1mide Org\u00f3n de Oro y Lapisl\u00e1zuli consta de una pir\u00e1mide interior dorada con pan de oro. La punta queda expuesta y tiene lapisl\u00e1zuli, a menudo denominada la \u00abpiedra de la verdad\u00bb. Adem\u00e1s de los cinco cristales de cuarzo, la pir\u00e1mide tiene una cruz dorada con hierbas medicinales africanas (Muti) incrustadas en la base.<\/span><\/p>\n<p> <span style=\"font-family: verdana, geneva; font-size: medium;\">Nuestro amigo ps\u00edquico siente que el Muti le est\u00e1 dando una protecci\u00f3n ps\u00edquica o espiritual muy fuerte. Ella tiene todos nuestros productos Muti Orgonite y se los entrega a todos sus clientes que est\u00e1n bajo alg\u00fan tipo de ataque ps\u00edquico.<\/span><\/p>\n<p> <span style=\"font-family: verdana, geneva; font-size: medium;\"><img loading=\"lazy\" decoding=\"async\" title=\"pir\u00e1mide de orgonita de oro y lapisl\u00e1zuli\" src=\"https:\/\/www.orgoniseafrica.com\/images\/lapis_bottom_side.jpg\" alt=\"Gold and lapis orgonite pyramid\" width=\"255\" height=\"255\"><\/span><\/p>\n<p> <span style=\"font-family: verdana, geneva; font-size: medium;\">Esta pir\u00e1mide interior est\u00e1 fundida en una capa exterior transparente con escamas doradas decorativas que le dan profundidad y brillo a su apariencia.<\/span><\/p>\n<\/p>\n<p><strong><span style=\"font-family: verdana, geneva; font-size: medium;\">Beneficios t\u00edpicamente asociados con los ingredientes de la Pir\u00e1mide de Oro y Lapisl\u00e1zuli:<\/span><\/strong><\/p>\n<p> <strong><span style=\"font-family: verdana, geneva; font-size: medium;\">&#8211; Lapisl\u00e1zuli:<\/span><\/strong> <span style=\"font-family: verdana, geneva; font-size: medium;\">estimula el juicio intelectual, la resoluci\u00f3n de problemas y la creatividad, abre el chakra de la garganta, ayuda a la autoexpresi\u00f3n, mejora la memoria, fomenta la honestidad y la comunicaci\u00f3n profunda.<\/span><\/p>\n<p> <strong><span style=\"font-family: verdana, geneva; font-size: medium;\">&#8211; Pan de oro:<\/span><\/strong> <span style=\"font-family: verdana, geneva; font-size: medium;\">Protector, Calmante y c\u00e1lido, Simboliza confianza y riqueza<\/span><\/p>\n<p> <strong><span style=\"font-family: verdana, geneva; font-size: medium;\">&#8211; Cuarzo:<\/span><\/strong> <span style=\"font-family: verdana, geneva; font-size: medium;\">Claridad mental, siempre utilizado en Orgonita para amplificar la salida de Org\u00f3n.<\/span><\/p>\n<p><strong><span style=\"font-family: verdana, geneva; font-size: medium;\">&#8211; Muti (medicina herbaria africana):<\/span><\/strong> <span style=\"font-family: verdana, geneva; font-size: medium;\">P<\/span> <span style=\"font-family: verdana, geneva; font-size: medium;\">rotecci\u00f3n contra la magia negra\/brujer\u00eda, armonizaci\u00f3n y conexi\u00f3n a tierra.<\/span><\/p>\n<\/p>\n<p> <span style=\"font-family: verdana, geneva; font-size: medium;\">Todas nuestras Pir\u00e1mides de Orgonita contienen 5 puntas de cristal de Cuarzo. Estos se colocan en la punta de la pir\u00e1mide, y en su base apuntando en las 4 direcciones. Las puntas naturales de los cristales ayudan a crear un campo de Energ\u00eda Org\u00f3n mucho m\u00e1s potente, en comparaci\u00f3n con la rotura de Cuarzo que utilizamos en nuestros Towerbusters o Colgantes (que crea un campo de energ\u00eda m\u00e1s difuso).<\/span><\/p>\n<p><span style=\"font-family: verdana, geneva; font-size: medium;\">Las Pir\u00e1mides y los GHH tienen as\u00ed un flujo de energ\u00eda mucho m\u00e1s fuerte y dirigido y un radio de efecto m\u00e1s amplio. Los ps\u00edquicos y las personas sensibles a la energ\u00eda a menudo observar\u00e1n un rayo de energ\u00eda que sale de la cima de la Pir\u00e1mide o HHG; la mayor\u00eda de las personas pueden sentir esto al pasar la mano por el aire sobre la Pir\u00e1mide y lo describen como una sensaci\u00f3n c\u00e1lida u hormigueo o una presi\u00f3n en la palma de la mano.<\/span><\/p>\n<\/p>\n<p> Dimensiones: largo &#8211; 100 mm, ancho &#8211; 100 mm, alto &#8211; 100 mm<\/p>\n<p> (Este producto est\u00e1 hecho a mano y el producto final puede diferir ligeramente)<\/p>\n","protected":false},"excerpt":{"rendered":"<p>Potente generador de org\u00f3n con hoja de oro, lapisl\u00e1zuli y muti para protegerse de ataques ps\u00edquicos y otras energ\u00edas negativas.<\/p>\n","protected":false},"featured_media":2356,"comment_status":"open","ping_status":"closed","template":"","meta":{"_acf_changed":false},"product_brand":[],"product_cat":[20],"product_tag":[],"class_list":{"0":"post-4283","1":"product","2":"type-product","3":"status-publish","4":"has-post-thumbnail","6":"product_cat-orgonite-pyramids","7":"sales-flash-overlay","8":"woocommerce-text-align-center","9":"woocommerce-image-align-center","10":"do-quantity-buttons","12":"first","13":"instock","14":"taxable","15":"shipping-taxable","16":"purchasable","17":"product-type-simple"},"acf":[],"_links":{"self":[{"href":"https:\/\/servcrmpro.online\/es\/wp-json\/wp\/v2\/product\/4283","targetHints":{"allow":["GET"]}}],"collection":[{"href":"https:\/\/servcrmpro.online\/es\/wp-json\/wp\/v2\/product"}],"about":[{"href":"https:\/\/servcrmpro.online\/es\/wp-json\/wp\/v2\/types\/product"}],"replies":[{"embeddable":true,"href":"https:\/\/servcrmpro.online\/es\/wp-json\/wp\/v2\/comments?post=4283"}],"wp:featuredmedia":[{"embeddable":true,"href":"https:\/\/servcrmpro.online\/es\/wp-json\/wp\/v2\/media\/2356"}],"wp:attachment":[{"href":"https:\/\/servcrmpro.online\/es\/wp-json\/wp\/v2\/media?parent=4283"}],"wp:term":[{"taxonomy":"product_brand","embeddable":true,"href":"https:\/\/servcrmpro.online\/es\/wp-json\/wp\/v2\/product_brand?post=4283"},{"taxonomy":"product_cat","embeddable":true,"href":"https:\/\/servcrmpro.online\/es\/wp-json\/wp\/v2\/product_cat?post=4283"},{"taxonomy":"product_tag","embeddable":true,"href":"https:\/\/servcrmpro.online\/es\/wp-json\/wp\/v2\/product_tag?post=4283"}],"curies":[{"name":"wp","href":"https:\/\/api.w.org\/{rel}","templated":true}]}}