{"id":4289,"date":"2026-02-05T08:46:57","date_gmt":"2026-02-05T08:46:57","guid":{"rendered":""},"modified":"2026-04-13T23:50:56","modified_gmt":"2026-04-13T21:50:56","slug":"dolomite-pendant-es","status":"publish","type":"product","link":"https:\/\/servcrmpro.online\/es\/producto\/dolomite-pendant-es\/","title":{"rendered":"Colgante Dolomita"},"content":{"rendered":"<h3> Colgante de orgonita dolomita<\/h3>\n<p> Nutrici\u00f3n-Equilibrio-Relajaci\u00f3n<\/p>\n<p>Para este colgante utilizamos ingredientes similares a los de nuestras populares placas de carga de alimentos de dolomita, porque se ha demostrado que son muy eficientes y potentes.<\/p>\n<p> La parte frontal presenta una hermosa incrustaci\u00f3n de metal Flor del Amor (6 c\u00edrculos superpuestos) y est\u00e1 completamente cubierta con migas de Dolomita de Az\u00facar incrustadas en color turquesa brillante.<\/p>\n<p> La parte posterior tiene la habitual Matriz de Orgonita con piedras preciosas a\u00f1adidas y un generoso toque de polvo de superalimento.<\/p>\n<p> El colgante viene con un hilo de algod\u00f3n encerado de color amarillo y est\u00e1 envuelto en una peque\u00f1a bolsita hecha de tela Shwe-Shwe original de Sud\u00e1frica.<\/p>\n<h4> Ingredientes:.<\/h4>\n<p> Dolomita: Desacidificante, Relajante, Antiespasm\u00f3dica.<\/p>\n<p> La mezcla de superalimentos contiene cacao crudo, moringa, ra\u00edz de maca, boabab, mezquite, entre otros. Estos nutrientes condensados \u200b\u200bcubren todas las necesidades del organismo.<\/p>\n<p> Cristales de cuarzo: Edificantes, Creativos, Fortalecedores.<\/p>\n<p> Shungit: Protecci\u00f3n EMF superior, conexi\u00f3n a tierra, calmante.<\/p>\n<p> Cianita: fortalece el chakra de la garganta, mejora la expresi\u00f3n verbal y art\u00edstica.<\/p>\n<p> Lleve el colgante justo encima del estern\u00f3n o a la moda, largo.<\/p>\n<\/p>\n<p>Dimensiones: Espesor 10 mm, Di\u00e1metro 50 mm.<\/p>\n<p> Este producto est\u00e1 hecho a mano con mucho cari\u00f1o. El producto final puede diferir ligeramente. La incrustaci\u00f3n de metal puede oxidarse con el tiempo.<\/p><\/p>\n","protected":false},"excerpt":{"rendered":"<p>Nutrici\u00f3n-Equilibrio-Relajaci\u00f3n<\/p>\n","protected":false},"featured_media":2355,"comment_status":"open","ping_status":"closed","template":"","meta":{"_acf_changed":false},"product_brand":[],"product_cat":[102],"product_tag":[],"class_list":{"0":"post-4289","1":"product","2":"type-product","3":"status-publish","4":"has-post-thumbnail","6":"product_cat-orgone-energy-pendants","7":"sales-flash-overlay","8":"woocommerce-text-align-center","9":"woocommerce-image-align-center","10":"do-quantity-buttons","12":"first","13":"instock","14":"taxable","15":"shipping-taxable","16":"purchasable","17":"product-type-simple"},"acf":[],"_links":{"self":[{"href":"https:\/\/servcrmpro.online\/es\/wp-json\/wp\/v2\/product\/4289","targetHints":{"allow":["GET"]}}],"collection":[{"href":"https:\/\/servcrmpro.online\/es\/wp-json\/wp\/v2\/product"}],"about":[{"href":"https:\/\/servcrmpro.online\/es\/wp-json\/wp\/v2\/types\/product"}],"replies":[{"embeddable":true,"href":"https:\/\/servcrmpro.online\/es\/wp-json\/wp\/v2\/comments?post=4289"}],"wp:featuredmedia":[{"embeddable":true,"href":"https:\/\/servcrmpro.online\/es\/wp-json\/wp\/v2\/media\/2355"}],"wp:attachment":[{"href":"https:\/\/servcrmpro.online\/es\/wp-json\/wp\/v2\/media?parent=4289"}],"wp:term":[{"taxonomy":"product_brand","embeddable":true,"href":"https:\/\/servcrmpro.online\/es\/wp-json\/wp\/v2\/product_brand?post=4289"},{"taxonomy":"product_cat","embeddable":true,"href":"https:\/\/servcrmpro.online\/es\/wp-json\/wp\/v2\/product_cat?post=4289"},{"taxonomy":"product_tag","embeddable":true,"href":"https:\/\/servcrmpro.online\/es\/wp-json\/wp\/v2\/product_tag?post=4289"}],"curies":[{"name":"wp","href":"https:\/\/api.w.org\/{rel}","templated":true}]}}