{"id":4295,"date":"2026-02-05T08:47:11","date_gmt":"2026-02-05T08:47:11","guid":{"rendered":""},"modified":"2026-04-06T07:31:47","modified_gmt":"2026-04-06T05:31:47","slug":"dolomite-coaster-es","status":"publish","type":"product","link":"https:\/\/servcrmpro.online\/es\/producto\/dolomite-coaster-es\/","title":{"rendered":"Posavasos de dolomita"},"content":{"rendered":"<h3> Posavasos de dolomita<\/h3>\n<p> Cargue sus bebidas y proteja la superficie de su mesa o mostrador, etc.<\/p>\n<p> Esta es una versi\u00f3n en miniatura de la placa de carga de alimentos con todos los beneficios, pero m\u00e1s peque\u00f1a.<\/p>\n<p> En la parte superior se ve una bobina SBB en el centro con un peque\u00f1o im\u00e1n de neodimio, as\u00ed como hojuelas de pan de oro y el polvo de superalimento detr\u00e1s.<\/p>\n<p> Alrededor del centro hay 12 puntas de cristal de aguja superfinas dispuestas. Todo esto est\u00e1 respaldado por migas de Dolomita de Az\u00facar incrustadas en un brillante color turquesa.<\/p>\n<p> El fondo est\u00e1 hecho de poderosa Matriz de Orgonita con limaduras de aluminio.<\/p>\n<p> Para una m\u00e1xima protecci\u00f3n de sus superficies, se aplica un fieltro autoadhesivo al fondo de Orgonita.<\/p>\n<h4> Ingredientes<\/h4>\n<p> Puntas de cristal de cuarzo: Edificantes, Creativas, Fortalecedoras.<\/p>\n<p> Dolomita: Desacidificante, Relajante, Antiespasm\u00f3dica.<\/p>\n<p> Pan de oro: c\u00e1lido, tonificante y alivia la ansiedad.<\/p>\n<p> Espiral SBB de alambre de cobre: \u200b\u200bpone en movimiento la energ\u00eda<\/p>\n<p> Im\u00e1n de neodimio: Dirige el flujo de energ\u00eda.<\/p>\n<p>Mezcla de superalimentos: contiene cacao crudo, moringa, ra\u00edz de maca, boabab, mezquite entre otros. Estos nutrientes condensados \u200b\u200bcubren todas las necesidades del organismo.<\/p>\n<p> Tambi\u00e9n puedes usar la monta\u00f1a rusa para curarte directamente en tu cuerpo. Recomendamos su uso especialmente en caso de insomnio, ansiedad, agitaci\u00f3n y tensi\u00f3n.<\/p>\n<\/p>\n<p> Dimensiones: aproximadamente 15 mm de espesor, 105 mm de di\u00e1metro.<\/p>\n<p> Este producto est\u00e1 hecho a mano con mucho cari\u00f1o. El producto final puede diferir ligeramente.<\/p><\/p>\n","protected":false},"excerpt":{"rendered":"<p>Utiliza este precioso posavasos de org\u00f3n de dolomita para cargar y revitalizar tus bebidas sin esfuerzo.\u00a0<\/p>\n","protected":false},"featured_media":2353,"comment_status":"open","ping_status":"closed","template":"","meta":{"_acf_changed":false},"product_brand":[],"product_cat":[34],"product_tag":[],"class_list":{"0":"post-4295","1":"product","2":"type-product","3":"status-publish","4":"has-post-thumbnail","6":"product_cat-emf-protection","7":"sales-flash-overlay","8":"woocommerce-text-align-center","9":"woocommerce-image-align-center","10":"do-quantity-buttons","12":"first","13":"instock","14":"taxable","15":"shipping-taxable","16":"purchasable","17":"product-type-simple"},"acf":[],"_links":{"self":[{"href":"https:\/\/servcrmpro.online\/es\/wp-json\/wp\/v2\/product\/4295","targetHints":{"allow":["GET"]}}],"collection":[{"href":"https:\/\/servcrmpro.online\/es\/wp-json\/wp\/v2\/product"}],"about":[{"href":"https:\/\/servcrmpro.online\/es\/wp-json\/wp\/v2\/types\/product"}],"replies":[{"embeddable":true,"href":"https:\/\/servcrmpro.online\/es\/wp-json\/wp\/v2\/comments?post=4295"}],"wp:featuredmedia":[{"embeddable":true,"href":"https:\/\/servcrmpro.online\/es\/wp-json\/wp\/v2\/media\/2353"}],"wp:attachment":[{"href":"https:\/\/servcrmpro.online\/es\/wp-json\/wp\/v2\/media?parent=4295"}],"wp:term":[{"taxonomy":"product_brand","embeddable":true,"href":"https:\/\/servcrmpro.online\/es\/wp-json\/wp\/v2\/product_brand?post=4295"},{"taxonomy":"product_cat","embeddable":true,"href":"https:\/\/servcrmpro.online\/es\/wp-json\/wp\/v2\/product_cat?post=4295"},{"taxonomy":"product_tag","embeddable":true,"href":"https:\/\/servcrmpro.online\/es\/wp-json\/wp\/v2\/product_tag?post=4295"}],"curies":[{"name":"wp","href":"https:\/\/api.w.org\/{rel}","templated":true}]}}